{"id":6868,"date":"2021-06-26T08:22:45","date_gmt":"2021-06-26T08:22:45","guid":{"rendered":"https:\/\/family.fit\/?page_id=6868"},"modified":"2021-11-23T21:55:37","modified_gmt":"2021-11-23T21:55:37","slug":"whats-new-in-season-5","status":"publish","type":"page","link":"https:\/\/family.fit\/pt_br\/whats-new-in-season-5\/","title":{"rendered":"O que h\u00e1 de novo na 5\u00aa temporada?"},"content":{"rendered":"<h1>\n\t\tO que h\u00e1 de novo na 5\u00aa temporada?\n\t<\/h1>\n<h3>\n\t\tNova competi\u00e7\u00e3o global family.fit\n\t<\/h3>\n\t<p>Sua na\u00e7\u00e3o pode vencer nossa nova competi\u00e7\u00e3o global?<\/p>\n<p>Ganhe pontos em desafios semanais e leve sua na\u00e7\u00e3o ao topo de nossa tabela de classifica\u00e7\u00e3o internacional.<\/p>\n<p>Cada semana ter\u00e1 um novo desafio.<\/p>\n<p>Ajude seu pa\u00eds, envolvendo seus amigos e familiares.<\/p>\n\t\t\t\t<img loading=\"lazy\" decoding=\"async\" src=\"https:\/\/family.fit\/wp-content\/uploads\/2021\/06\/race-image.png\" alt=\"race image\" itemprop=\"image\" height=\"247\" width=\"265\" title=\"imagem de corrida\" onerror=\"this.style.display='none'\"  \/>\n\t\t\t<a href=\"https:\/\/family.fit\/en\/scores\/\" target=\"_self\" role=\"button\" rel=\"noopener\">\n\t\t\t\t\t\t\tAtualize sua pontua\u00e7\u00e3o familiar\n\t\t\t\t\t<\/a>\n\t\t\t<a href=\"https:\/\/family.fit\/en\/leaderboard-all\/\" target=\"_self\" role=\"button\" rel=\"noopener\">\n\t\t\t\t\t\t\tVeja a tabela de classifica\u00e7\u00e3o\n\t\t\t\t\t<\/a>\n<h3>\n\t\tDestaque do esporte\n\t<\/h3>\n\t<p>A cada semana vamos nos concentrar em um esporte diferente e um atleta inspirador que o pratica. Atletas superam desafios em tempos dif\u00edceis para terminar a prova. Esperamos que essas hist\u00f3rias o inspirem a correr a corrida da vida.<\/p>\n\t\t\t<a href=\"https:\/\/family.fit\/en\/seasons\/the-ultimate-race\/\" target=\"_self\" role=\"button\" rel=\"noopener\">\n\t\t\t\t\t\t\tComece a 5\u00aa temporada aqui\n\t\t\t\t\t<\/a>\n\t\t\t\t<img loading=\"lazy\" decoding=\"async\" src=\"https:\/\/family.fit\/wp-content\/uploads\/2021\/06\/John-Akhwari-400.png\" alt=\"John Akhwari 400\" itemprop=\"image\" height=\"562\" width=\"400\" title=\"John Akhwari 400\" onerror=\"this.style.display='none'\"  \/>","protected":false},"excerpt":{"rendered":"<p>O que h\u00e1 de novo na 5\u00aa temporada? Nova competi\u00e7\u00e3o global family.fit Sua na\u00e7\u00e3o pode vencer nossa nova competi\u00e7\u00e3o global? Ganhe pontos em desafios semanais e leve sua na\u00e7\u00e3o ao topo da nossa tabela de classifica\u00e7\u00e3o internacional. Toda semana ter\u00e1 um novo desafio. Ajude seu pa\u00eds, envolvendo seus amigos e familiares. Atualizar sua pontua\u00e7\u00e3o familiar Ver\u2026<\/p>","protected":false},"author":1,"featured_media":0,"parent":0,"menu_order":0,"comment_status":"closed","ping_status":"closed","template":"","meta":{"_acf_changed":false,"_seopress_robots_primary_cat":"","_seopress_titles_title":"","_seopress_titles_desc":"","_seopress_robots_index":"","footnotes":""},"ff_language":[],"class_list":["post-6868","page","type-page","status-publish","hentry"],"acf":[],"_links":{"self":[{"href":"https:\/\/family.fit\/pt_br\/wp-json\/wp\/v2\/pages\/6868","targetHints":{"allow":["GET"]}}],"collection":[{"href":"https:\/\/family.fit\/pt_br\/wp-json\/wp\/v2\/pages"}],"about":[{"href":"https:\/\/family.fit\/pt_br\/wp-json\/wp\/v2\/types\/page"}],"author":[{"embeddable":true,"href":"https:\/\/family.fit\/pt_br\/wp-json\/wp\/v2\/users\/1"}],"replies":[{"embeddable":true,"href":"https:\/\/family.fit\/pt_br\/wp-json\/wp\/v2\/comments?post=6868"}],"version-history":[{"count":1,"href":"https:\/\/family.fit\/pt_br\/wp-json\/wp\/v2\/pages\/6868\/revisions"}],"predecessor-version":[{"id":8258,"href":"https:\/\/family.fit\/pt_br\/wp-json\/wp\/v2\/pages\/6868\/revisions\/8258"}],"wp:attachment":[{"href":"https:\/\/family.fit\/pt_br\/wp-json\/wp\/v2\/media?parent=6868"}],"wp:term":[{"taxonomy":"ff_language","embeddable":true,"href":"https:\/\/family.fit\/pt_br\/wp-json\/wp\/v2\/ff_language?post=6868"}],"curies":[{"name":"wp","href":"https:\/\/api.w.org\/{rel}","templated":true}]}}