{"id":8319,"date":"2022-03-14T10:57:36","date_gmt":"2022-03-14T10:57:36","guid":{"rendered":"https:\/\/family.fit\/?page_id=8319"},"modified":"2022-04-13T16:31:06","modified_gmt":"2022-04-13T16:31:06","slug":"spring-harvest","status":"publish","type":"page","link":"https:\/\/family.fit\/pt_br\/spring-harvest\/","title":{"rendered":"Colheita da Primavera"},"content":{"rendered":"<h1>\n\t\tBem-vindo ao family.fit!\n\t<\/h1>\n\t\t\t\t<img loading=\"lazy\" decoding=\"async\" src=\"https:\/\/family.fit\/wp-content\/uploads\/2022\/03\/sh-logo-1024x99.png\" alt=\"sh-logo\" itemprop=\"image\" height=\"99\" width=\"1024\" title=\"sh-logo\" onerror=\"this.style.display='none'\"  \/>\n\t<iframe allowfullscreen allow=\"autoplay\" src=\"https:\/\/www.youtube.com\/embed\/ArAXPggPkAE?feature=oembed&amp;start&amp;end&amp;wmode=opaque&amp;loop=0&amp;controls=1&amp;mute=0&amp;rel=0&amp;modestbranding=1\"><\/iframe>\t\n\t<p>S\u00e3o seis sess\u00f5es dispon\u00edveis para voc\u00ea fazer em fam\u00edlia. Cada sess\u00e3o est\u00e1 dispon\u00edvel como um PDF que voc\u00ea pode baixar usando os bot\u00f5es abaixo. As tr\u00eas primeiras sess\u00f5es tamb\u00e9m t\u00eam v\u00eddeos que voc\u00ea pode assistir.<\/p>\n<h2>\n\t\tSess\u00e3o 1: Restaurar nossos cora\u00e7\u00f5es\n\t<\/h2>\n\t<iframe allowfullscreen allow=\"autoplay\" src=\"https:\/\/www.youtube.com\/embed\/B2MnPys2BgA?feature=oembed&amp;start&amp;end&amp;wmode=opaque&amp;loop=0&amp;controls=1&amp;mute=0&amp;rel=0&amp;modestbranding=1\"><\/iframe>\t\n\t\t\t<a href=\"https:\/\/family.fit\/wp-content\/uploads\/2022\/04\/Spring-Harvest-session-1.pdf\" target=\"_self\" role=\"button\" rel=\"noopener\">\n\t\t\t\t\t\t\tBaixe o livreto da sess\u00e3o 1\n\t\t\t\t\t<\/a>\n<h2>\n\t\tSess\u00e3o 2: Renovar nosso foco\n\t<\/h2>\n\t<iframe allowfullscreen allow=\"autoplay\" src=\"https:\/\/www.youtube.com\/embed\/DDwMOEmw8ak?feature=oembed&amp;start&amp;end&amp;wmode=opaque&amp;loop=0&amp;controls=1&amp;mute=0&amp;rel=0&amp;modestbranding=1\"><\/iframe>\t\n\t\t\t<a href=\"https:\/\/family.fit\/wp-content\/uploads\/2022\/04\/Spring-Harvest-session-2.pdf\" target=\"_self\" role=\"button\" rel=\"noopener\">\n\t\t\t\t\t\t\tBaixe o livreto da sess\u00e3o 2\n\t\t\t\t\t<\/a>\n<h2>\n\t\tSess\u00e3o 3: Reconstruir nosso mundo\n\t<\/h2>\n\t<iframe allowfullscreen allow=\"autoplay\" src=\"https:\/\/www.youtube.com\/embed\/BPTsNRtmYAw?feature=oembed&amp;start&amp;end&amp;wmode=opaque&amp;loop=0&amp;controls=1&amp;mute=0&amp;rel=0&amp;modestbranding=1\"><\/iframe>\t\n\t\t\t<a href=\"https:\/\/family.fit\/wp-content\/uploads\/2022\/04\/Spring-Harvest-session-3.pdf\" target=\"_self\" role=\"button\" rel=\"noopener\">\n\t\t\t\t\t\t\tBaixe o livreto da sess\u00e3o 3\n\t\t\t\t\t<\/a>\n<h2>\n\t\tSess\u00e3o 4: Perseverando atrav\u00e9s da oposi\u00e7\u00e3o\n\t<\/h2>\n\t\t\t<a href=\"https:\/\/family.fit\/wp-content\/uploads\/2022\/04\/Spring-Harvest-session-4.pdf\" target=\"_self\" role=\"button\" rel=\"noopener\">\n\t\t\t\t\t\t\tBaixe o livreto da sess\u00e3o 4\n\t\t\t\t\t<\/a>\n<h2>\n\t\tSess\u00e3o 5: Celebrando o sucesso\n\t<\/h2>\n\t\t\t<a href=\"https:\/\/family.fit\/wp-content\/uploads\/2022\/04\/Spring-Harvest-session-5.pdf\" target=\"_self\" role=\"button\" rel=\"noopener\">\n\t\t\t\t\t\t\tBaixe o livreto da sess\u00e3o 5\n\t\t\t\t\t<\/a>\n<h2>\n\t\tSess\u00e3o 6: Curvando-se diante de Deus\n\t<\/h2>\n\t\t\t<a href=\"https:\/\/family.fit\/wp-content\/uploads\/2022\/04\/Spring-Harvest-session-6.pdf\" target=\"_self\" role=\"button\" rel=\"noopener\">\n\t\t\t\t\t\t\tBaixe o livreto da sess\u00e3o 6\n\t\t\t\t\t<\/a>\n<h2>\n\t\tSess\u00f5es de Neemias no aplicativo da B\u00edblia YouVersion\n\t<\/h2>\n\t<p><em>Voc\u00ea j\u00e1 usa o aplicativo da B\u00edblia em seu smartphone?<\/em><\/p>\n<p>Agora voc\u00ea pode experimentar family.fit em seu aplicativo da B\u00edblia.<\/p>\n\t\t\t\t<img loading=\"lazy\" decoding=\"async\" src=\"https:\/\/family.fit\/wp-content\/uploads\/2021\/03\/bible-app-icon-150x150.png\" alt=\"bible app icon\" itemprop=\"image\" height=\"150\" width=\"150\" title=\"\u00edcone do aplicativo b\u00edblico\" onerror=\"this.style.display='none'\"  \/>\n\t\t\t<a href=\"https:\/\/www.bible.com\/en-GB\/reading-plans\/30848-familyfit-nehemiah\" target=\"_self\" role=\"button\" rel=\"noopener\">\n\t\t\t\t\t\t\tfamilyFit no App da B\u00edblia\n\t\t\t\t\t<\/a>\n\t\t\t\t<img loading=\"lazy\" decoding=\"async\" src=\"https:\/\/family.fit\/wp-content\/uploads\/2020\/06\/dancing-family.png\" alt=\"dancing family\" itemprop=\"image\" height=\"1200\" width=\"1036\" title=\"fam\u00edlia dan\u00e7ante\" onerror=\"this.style.display='none'\"  \/>\n<h2>\n\t\tDescobrir mais\n\t<\/h2>\n\t<p>Para saber mais sobre family.fit assista a este v\u00eddeo!<\/p>\n\t<iframe allowfullscreen allow=\"autoplay\" src=\"https:\/\/www.youtube.com\/embed\/jujW3P-yEAM?feature=oembed&amp;start&amp;end&amp;wmode=opaque&amp;loop=0&amp;controls=1&amp;mute=0&amp;rel=0&amp;modestbranding=1\"><\/iframe>","protected":false},"excerpt":{"rendered":"<p>Bem-vindo ao family.fit! S\u00e3o seis sess\u00f5es dispon\u00edveis para voc\u00ea fazer em fam\u00edlia. Cada sess\u00e3o est\u00e1 dispon\u00edvel como um PDF que voc\u00ea pode baixar usando os bot\u00f5es abaixo. As tr\u00eas primeiras sess\u00f5es tamb\u00e9m t\u00eam v\u00eddeos que voc\u00ea pode assistir. Sess\u00e3o 1: Restaurar nossos cora\u00e7\u00f5es Baixe o livreto da sess\u00e3o 1 Sess\u00e3o 2: Renove nossos\u2026<\/p>","protected":false},"author":1,"featured_media":0,"parent":0,"menu_order":0,"comment_status":"closed","ping_status":"closed","template":"","meta":{"_acf_changed":false,"_seopress_robots_primary_cat":"","_seopress_titles_title":"","_seopress_titles_desc":"","_seopress_robots_index":"","footnotes":""},"ff_language":[],"class_list":["post-8319","page","type-page","status-publish","hentry"],"acf":[],"_links":{"self":[{"href":"https:\/\/family.fit\/pt_br\/wp-json\/wp\/v2\/pages\/8319","targetHints":{"allow":["GET"]}}],"collection":[{"href":"https:\/\/family.fit\/pt_br\/wp-json\/wp\/v2\/pages"}],"about":[{"href":"https:\/\/family.fit\/pt_br\/wp-json\/wp\/v2\/types\/page"}],"author":[{"embeddable":true,"href":"https:\/\/family.fit\/pt_br\/wp-json\/wp\/v2\/users\/1"}],"replies":[{"embeddable":true,"href":"https:\/\/family.fit\/pt_br\/wp-json\/wp\/v2\/comments?post=8319"}],"version-history":[{"count":12,"href":"https:\/\/family.fit\/pt_br\/wp-json\/wp\/v2\/pages\/8319\/revisions"}],"predecessor-version":[{"id":8458,"href":"https:\/\/family.fit\/pt_br\/wp-json\/wp\/v2\/pages\/8319\/revisions\/8458"}],"wp:attachment":[{"href":"https:\/\/family.fit\/pt_br\/wp-json\/wp\/v2\/media?parent=8319"}],"wp:term":[{"taxonomy":"ff_language","embeddable":true,"href":"https:\/\/family.fit\/pt_br\/wp-json\/wp\/v2\/ff_language?post=8319"}],"curies":[{"name":"wp","href":"https:\/\/api.w.org\/{rel}","templated":true}]}}