{"id":8390,"date":"2022-03-31T15:41:14","date_gmt":"2022-03-31T15:41:14","guid":{"rendered":"https:\/\/family.fit\/?page_id=8390"},"modified":"2022-04-01T07:58:36","modified_gmt":"2022-04-01T07:58:36","slug":"prayerfit","status":"publish","type":"page","link":"https:\/\/family.fit\/pt_br\/prayerfit\/","title":{"rendered":"Ajuste de Ora\u00e7\u00e3o"},"content":{"rendered":"<h1>\n\t\tAjuste de Ora\u00e7\u00e3o\n\t<\/h1>\n\t<p>Junte-se \u00e0 ora\u00e7\u00e3o com o seu programa de fitness! Este recurso fornece instru\u00e7\u00f5es para um evento de ora\u00e7\u00e3o em fam\u00edlia (ou grupo de amigos) ativo e divertido. As esta\u00e7\u00f5es de atividades s\u00e3o destinadas aos crentes que querem orar. As atividades pressup\u00f5em que as pessoas precisam de alguma ajuda para se tornarem ativas e orarem de forma significativa enquanto se exercitam. Este livreto cont\u00e9m instru\u00e7\u00f5es para quatro esta\u00e7\u00f5es de Atividade de Ora\u00e7\u00e3o. Eles s\u00e3o para grandes grupos que podem incluir fam\u00edlias, fam\u00edlias, grupos de amigos, grupos de estudo b\u00edblico ou qualquer faixa et\u00e1ria como um evento de ora\u00e7\u00e3o. Qualquer celebra\u00e7\u00e3o, refei\u00e7\u00e3o ou refresco oferecido permitir\u00e1 que as pessoas se recuperem, compartilhem e desfrutem de mais companheirismo juntos.<\/p>\n\t\t\t\t<img loading=\"lazy\" decoding=\"async\" src=\"https:\/\/family.fit\/wp-content\/uploads\/2022\/03\/PrayerFit-Activity-Stations-cover.jpg\" alt=\"PrayerFit Activity Stations cover\" itemprop=\"image\" height=\"1278\" width=\"600\" title=\"Cobertura das Esta\u00e7\u00f5es de Atividade PrayerFit\" onerror=\"this.style.display='none'\"  \/>\n\t\t<h4>Guia de Esta\u00e7\u00f5es de Atividades<\/h4>\n\t\t\t<a href=\"https:\/\/family.fit\/wp-content\/uploads\/2022\/03\/PrayerFit-Activity-Stations-v14.pdf\" target=\"_self\" role=\"button\" rel=\"noopener\">\n\t\t\t\t\t\t\tDOWNLOAD\n\t\t\t\t\t<\/a>\n\t\t<h4>10 melhores ideias de ora\u00e7\u00e3o<\/h4>\n\t\t\t<a href=\"https:\/\/family.fit\/wp-content\/uploads\/2022\/03\/Top-10-PrayerFit-ideas-v14.pdf\" target=\"_self\" role=\"button\" rel=\"noopener\">\n\t\t\t\t\t\t\tDOWNLOAD\n\t\t\t\t\t<\/a>\n\t\t<h4>Mover o modelo de papel A4 do cubo<\/h4>\n\t\t\t<a href=\"https:\/\/family.fit\/wp-content\/uploads\/2022\/03\/Move-Cube-A4.pdf\" target=\"_self\" role=\"button\" rel=\"noopener\">\n\t\t\t\t\t\t\tDOWNLOAD\n\t\t\t\t\t<\/a>\n\t\t<h4>Mover o modelo de papel A4 do cubo<\/h4>\n\t\t\t<a href=\"https:\/\/family.fit\/wp-content\/uploads\/2022\/03\/Move-Cube-A3.pdf\" target=\"_self\" role=\"button\" rel=\"noopener\">\n\t\t\t\t\t\t\tDOWNLOAD\n\t\t\t\t\t<\/a>\n\t\t<h4>Imprim\u00edveis Mover Cubo Gigante<\/h4>\n\t\t\t<a href=\"https:\/\/family.fit\/wp-content\/uploads\/2022\/03\/Move-Cube-six-A4-sheets.pdf\" target=\"_self\" role=\"button\" rel=\"noopener\">\n\t\t\t\t\t\t\tDOWNLOAD\n\t\t\t\t\t<\/a>\n\t\t<h4>Tabela de Exerc\u00edcios Mover Cubo<\/h4>\n\t\t\t<a href=\"https:\/\/family.fit\/wp-content\/uploads\/2022\/04\/Move-cube-symbols-v4.pdf\" target=\"_self\" role=\"button\" rel=\"noopener\">\n\t\t\t\t\t\t\tDOWNLOAD\n\t\t\t\t\t<\/a>\n\t\t<h4>Mover o c\u00f3digo da impressora 3D Cube<\/h4>\n\t\t\t<a href=\"https:\/\/family.fit\/wp-content\/uploads\/2022\/04\/Move-Cube-3D-print-v2.stl\" target=\"_self\" role=\"button\" rel=\"noopener\">\n\t\t\t\t\t\t\tDOWNLOAD\n\t\t\t\t\t<\/a>","protected":false},"excerpt":{"rendered":"<p>PrayerFit Junte-se \u00e0 ora\u00e7\u00e3o com o seu programa de fitness! Este recurso fornece instru\u00e7\u00f5es para um evento de ora\u00e7\u00e3o em fam\u00edlia (ou grupo de amigos) ativo e divertido. As esta\u00e7\u00f5es de atividades s\u00e3o destinadas aos crentes que querem orar. As atividades pressup\u00f5em que as pessoas precisam de alguma ajuda para se tornarem ativas e orarem de forma significativa enquanto se exercitam. Este livreto cont\u00e9m instru\u00e7\u00f5es para quatro\u2026<\/p>","protected":false},"author":1,"featured_media":0,"parent":0,"menu_order":0,"comment_status":"closed","ping_status":"closed","template":"","meta":{"_acf_changed":false,"_seopress_robots_primary_cat":"","_seopress_titles_title":"","_seopress_titles_desc":"","_seopress_robots_index":"","footnotes":""},"ff_language":[],"class_list":["post-8390","page","type-page","status-publish","hentry"],"acf":[],"_links":{"self":[{"href":"https:\/\/family.fit\/pt_br\/wp-json\/wp\/v2\/pages\/8390","targetHints":{"allow":["GET"]}}],"collection":[{"href":"https:\/\/family.fit\/pt_br\/wp-json\/wp\/v2\/pages"}],"about":[{"href":"https:\/\/family.fit\/pt_br\/wp-json\/wp\/v2\/types\/page"}],"author":[{"embeddable":true,"href":"https:\/\/family.fit\/pt_br\/wp-json\/wp\/v2\/users\/1"}],"replies":[{"embeddable":true,"href":"https:\/\/family.fit\/pt_br\/wp-json\/wp\/v2\/comments?post=8390"}],"version-history":[{"count":9,"href":"https:\/\/family.fit\/pt_br\/wp-json\/wp\/v2\/pages\/8390\/revisions"}],"predecessor-version":[{"id":8420,"href":"https:\/\/family.fit\/pt_br\/wp-json\/wp\/v2\/pages\/8390\/revisions\/8420"}],"wp:attachment":[{"href":"https:\/\/family.fit\/pt_br\/wp-json\/wp\/v2\/media?parent=8390"}],"wp:term":[{"taxonomy":"ff_language","embeddable":true,"href":"https:\/\/family.fit\/pt_br\/wp-json\/wp\/v2\/ff_language?post=8390"}],"curies":[{"name":"wp","href":"https:\/\/api.w.org\/{rel}","templated":true}]}}