{"id":8399,"date":"2022-03-31T16:40:58","date_gmt":"2022-03-31T16:40:58","guid":{"rendered":"https:\/\/family.fit\/?page_id=8399"},"modified":"2022-04-11T09:14:22","modified_gmt":"2022-04-11T09:14:22","slug":"training","status":"publish","type":"page","link":"https:\/\/family.fit\/pt_br\/training\/","title":{"rendered":"Treinamento"},"content":{"rendered":"<h1>\n\t\tTreinamento e Orienta\u00e7\u00e3o FamilyFit\n\t<\/h1>\n\t<p>Se voc\u00ea deseja entender mais sobre family.fit, ou se deseja realizar sess\u00f5es de treinamento para outras pessoas sobre como usar family.fit, ent\u00e3o voc\u00ea est\u00e1 no lugar certo!<\/p>\n<p>As informa\u00e7\u00f5es abaixo podem ser usadas pelos pais, fam\u00edlias inteiras, l\u00edderes da igreja e jovens.<\/p>\n<p>Esta sess\u00e3o de treinamento e orienta\u00e7\u00e3o est\u00e1 estruturada para que voc\u00eas experimentem uma sess\u00e3o ativa juntos e depois reflitam sobre sua experi\u00eancia para ver como ela pode se tornar um h\u00e1bito e uma ferramenta para auxiliar na forma\u00e7\u00e3o de disc\u00edpulos familiares.<\/p>\n<p>Baixe esta sess\u00e3o atrav\u00e9s do bot\u00e3o abaixo.<\/p>\n\t\t<h4>Sess\u00e3o de treinamento e orienta\u00e7\u00e3o<\/h4>\n\t\t\t<a href=\"https:\/\/family.fit\/wp-content\/uploads\/2022\/04\/FamilyFIT-training-session-v14.pdf\" target=\"_self\" role=\"button\" rel=\"noopener\">\n\t\t\t\t\t\t\tDOWNLOAD\n\t\t\t\t\t<\/a>\n<h3>\n\t\tLista de reprodu\u00e7\u00e3o de v\u00eddeos de treinamento e orienta\u00e7\u00e3o\n\t<\/h3>\n\t<iframe allowfullscreen=\"\" allow=\"autoplay\" src=\"https:\/\/www.youtube.com\/embed\/1t9LWUtJBsw?feature=oembed&amp;start&amp;end&amp;wmode=opaque&amp;loop=0&amp;controls=1&amp;mute=0&amp;rel=0&amp;modestbranding=1\" title=\"O que \u00e9 family.fit?\"><\/iframe>\t\n\t\t\tO que \u00e9 family.fit?\n\t<iframe allowfullscreen=\"\" allow=\"autoplay\" src=\"https:\/\/www.youtube.com\/embed\/WVYx74qstyc?feature=oembed&amp;start&amp;end&amp;wmode=opaque&amp;loop=0&amp;controls=1&amp;mute=0&amp;rel=0&amp;modestbranding=1\" title=\"Bem-vindo ao family.fit\"><\/iframe>\t\n\t\t\tBem-vindo ao family.fit\n\t<iframe allowfullscreen=\"\" allow=\"autoplay\" src=\"https:\/\/www.youtube.com\/embed\/LzWcI0-cFGs?feature=oembed&amp;start&amp;end&amp;wmode=opaque&amp;loop=0&amp;controls=1&amp;mute=0&amp;rel=0&amp;modestbranding=1\" title=\"famiily.fit cinco passos\"><\/iframe>\t\n\t\t\tfamiily.fit cinco passos\n\t<iframe allowfullscreen=\"\" allow=\"autoplay\" src=\"https:\/\/www.youtube.com\/embed\/f96kRydXa1M?feature=oembed&amp;start&amp;end&amp;wmode=opaque&amp;loop=0&amp;controls=1&amp;mute=0&amp;rel=0&amp;modestbranding=1\" title=\"Como as pessoas usam family.fit ao redor do mundo\"><\/iframe>\t\n\t\t\tComo as pessoas usam family.fit ao redor do mundo\n\t<iframe allowfullscreen=\"\" allow=\"autoplay\" src=\"https:\/\/www.youtube.com\/embed\/9B_xUmt-Oro?feature=oembed&amp;start&amp;end&amp;wmode=opaque&amp;loop=0&amp;controls=1&amp;mute=0&amp;rel=0&amp;modestbranding=1\" title=\"Quatro maneiras de usar family.fit\"><\/iframe>\t\n\t\t\tQuatro maneiras de usar family.fit\n\t<iframe allowfullscreen=\"\" allow=\"autoplay\" src=\"https:\/\/www.youtube.com\/embed\/dHTxPgm-Y9g?feature=oembed&amp;start&amp;end&amp;wmode=opaque&amp;loop=0&amp;controls=1&amp;mute=0&amp;rel=0&amp;modestbranding=1\" title=\"Coment\u00e1rios de todo o mundo (1)\"><\/iframe>\t\n\t\t\tComent\u00e1rios de todo o mundo (1)\n\t<iframe allowfullscreen=\"\" allow=\"autoplay\" src=\"https:\/\/www.youtube.com\/embed\/EpAs4ZhG0FA?feature=oembed&amp;start&amp;end&amp;wmode=opaque&amp;loop=0&amp;controls=1&amp;mute=0&amp;rel=0&amp;modestbranding=1\" title=\"Feedback de todo o mundo (2)\"><\/iframe>\t\n\t\t\tFeedback de todo o mundo (2)","protected":false},"excerpt":{"rendered":"<p>Treinamento e Orienta\u00e7\u00e3o FamilyFit Se voc\u00ea deseja entender mais sobre family.fit, ou se deseja realizar sess\u00f5es de treinamento para outras pessoas sobre como usar family.fit, ent\u00e3o voc\u00ea est\u00e1 no lugar certo! As informa\u00e7\u00f5es abaixo podem ser usadas pelos pais, fam\u00edlias inteiras, l\u00edderes da igreja e jovens. Esta sess\u00e3o de forma\u00e7\u00e3o e orienta\u00e7\u00e3o est\u00e1 estruturada de forma\u2026<\/p>","protected":false},"author":1,"featured_media":0,"parent":0,"menu_order":0,"comment_status":"closed","ping_status":"closed","template":"","meta":{"_acf_changed":false,"_seopress_robots_primary_cat":"","_seopress_titles_title":"","_seopress_titles_desc":"","_seopress_robots_index":"","footnotes":""},"ff_language":[],"class_list":["post-8399","page","type-page","status-publish","hentry"],"acf":[],"_links":{"self":[{"href":"https:\/\/family.fit\/pt_br\/wp-json\/wp\/v2\/pages\/8399","targetHints":{"allow":["GET"]}}],"collection":[{"href":"https:\/\/family.fit\/pt_br\/wp-json\/wp\/v2\/pages"}],"about":[{"href":"https:\/\/family.fit\/pt_br\/wp-json\/wp\/v2\/types\/page"}],"author":[{"embeddable":true,"href":"https:\/\/family.fit\/pt_br\/wp-json\/wp\/v2\/users\/1"}],"replies":[{"embeddable":true,"href":"https:\/\/family.fit\/pt_br\/wp-json\/wp\/v2\/comments?post=8399"}],"version-history":[{"count":9,"href":"https:\/\/family.fit\/pt_br\/wp-json\/wp\/v2\/pages\/8399\/revisions"}],"predecessor-version":[{"id":8453,"href":"https:\/\/family.fit\/pt_br\/wp-json\/wp\/v2\/pages\/8399\/revisions\/8453"}],"wp:attachment":[{"href":"https:\/\/family.fit\/pt_br\/wp-json\/wp\/v2\/media?parent=8399"}],"wp:term":[{"taxonomy":"ff_language","embeddable":true,"href":"https:\/\/family.fit\/pt_br\/wp-json\/wp\/v2\/ff_language?post=8399"}],"curies":[{"name":"wp","href":"https:\/\/api.w.org\/{rel}","templated":true}]}}