{"id":1050,"date":"2020-05-13T12:03:43","date_gmt":"2020-05-13T12:03:43","guid":{"rendered":"https:\/\/family.fit\/?page_id=1050"},"modified":"2021-04-23T15:24:12","modified_gmt":"2021-04-23T15:24:12","slug":"japanese","status":"publish","type":"page","link":"https:\/\/family.fit\/sq\/translations\/japanese\/","title":{"rendered":"Japoneze"},"content":{"rendered":"\n\n\t\t\t\t<img loading=\"lazy\" decoding=\"async\" src=\"https:\/\/family.fit\/wp-content\/uploads\/2020\/05\/japan-150x150.png\" alt=\"japan\" itemprop=\"image\" height=\"150\" width=\"150\" title=\"japan\" onerror=\"this.style.display='none'\"  \/>\n<h1>\n\t<\/h1>\n\t\t\t\t\t\t\t\t\t\t\t\t\t\t\t\t\tGrowing Deeper (FAST)\n\t\t\t\t\t\t\t\t\t\t\t\t\t\t\t\t\tGrowing Together\n\t\t\t\t\t\t\t\t\t\t\t\t\t\t\t\t\tGrowing Closer\n\t\t\t\t\t\t\tGrowing Deeper (FAST)\n\t\t\t\t<h3>Growing Deeper (FAST sessions)<\/h3>\n<table id=\"dlp_b6053808890fa6ab_1\" class=\"posts-data-table\" width=\"100%\" data-config=\"{&quot;pageLength&quot;:25,&quot;pagingType&quot;:&quot;numbers&quot;,&quot;serverSide&quot;:false,&quot;autoWidth&quot;:true,&quot;clickFilter&quot;:&quot;&quot;,&quot;stickyHeader&quot;:false,&quot;scrollOffset&quot;:15,&quot;resetButton&quot;:false,&quot;numOrder&quot;:false,&quot;lengthMenu&quot;:[[10,25,50,100,-1],[10,25,50,100,&quot;All&quot;]],&quot;columnDefs&quot;:[{&quot;className&quot;:&quot;col-session_title&quot;,&quot;targets&quot;:0,&quot;type&quot;:&quot;html&quot;},{&quot;className&quot;:&quot;col-session&quot;,&quot;targets&quot;:1,&quot;type&quot;:&quot;html&quot;},{&quot;className&quot;:&quot;col-link&quot;,&quot;targets&quot;:2,&quot;type&quot;:&quot;html&quot;}],&quot;responsive&quot;:{&quot;details&quot;:{&quot;display&quot;:&quot;child_row&quot;}},&quot;language&quot;:{&quot;info&quot;:&quot;_TOTAL_ documents&quot;,&quot;infoEmpty&quot;:&quot;0 documents&quot;,&quot;emptyTable&quot;:&quot;No matching documents.&quot;,&quot;zeroRecords&quot;:&quot;No matching documents.&quot;,&quot;totalsSingle&quot;:&quot;document&quot;,&quot;totalsPlural&quot;:&quot;documents&quot;},&quot;dom&quot;:&quot;&lt;\\&quot;posts-table-wrapper bb-theme\\&quot;&lt;\\&quot;posts-table-above posts-table-controls\\&quot;&gt;t&lt;\\&quot;posts-table-below posts-table-controls\\&quot;p&gt;&gt;&quot;,&quot;multiDownloadButton&quot;:false,&quot;multiDownloadPosition&quot;:&quot;above&quot;,&quot;multiDownloadText&quot;:&quot;Download Selected Documents&quot;}\" data-filters=\"false\" data-order=\"[]\"><thead><tr><th class=\"all\" data-name=\"cf_session_title\" data-orderable=\"true\" data-searchable=\"true\" data-priority=\"1\">Session Title<\/th><th data-name=\"cf_session\" data-orderable=\"true\" data-searchable=\"true\" data-priority=\"2\">Session<\/th><th data-name=\"link\" data-orderable=\"false\" data-searchable=\"false\" data-priority=\"3\">Link<\/th><\/tr><\/thead><tbody><tr id=\"post-row-3482\" class=\"post-row post-type-dlp_document dlp_document-3482 publish\"><td><p>Jesus &#8211; someone important!<\/p>\n<\/td><td>1<\/td><td><div class=\"dlp-table-document-link-wrap\"><a href=\"https:\/\/family.fit\/wp-content\/uploads\/2020\/11\/S3W1-FASTja-final.pdf\" class=\"dlp-download-link dlp-download-button document-library-pro-button button btn\" data-download-id=\"3482\" >Download<\/a><\/div><\/td><\/tr><tr id=\"post-row-4092\" class=\"post-row post-type-dlp_document dlp_document-4092 publish\"><td><p>Jesus \u2013 worth following!<\/p>\n<\/td><td>2<\/td><td><div class=\"dlp-table-document-link-wrap\"><a href=\"https:\/\/family.fit\/wp-content\/uploads\/2020\/11\/S3W2-FASTja-FINAL.pdf\" class=\"dlp-download-link dlp-download-button document-library-pro-button button btn\" data-download-id=\"4092\" >Download<\/a><\/div><\/td><\/tr><tr id=\"post-row-4137\" class=\"post-row post-type-dlp_document dlp_document-4137 publish\"><td><p>Jesus loves people deeply!<\/p>\n<\/td><td>3<\/td><td><div class=\"dlp-table-document-link-wrap\"><a href=\"https:\/\/family.fit\/wp-content\/uploads\/2020\/11\/S3W3-FASTja-v2.pdf\" class=\"dlp-download-link dlp-download-button document-library-pro-button button btn\" data-download-id=\"4137\" >Download<\/a><\/div><\/td><\/tr><tr id=\"post-row-4225\" class=\"post-row post-type-dlp_document dlp_document-4225 publish\"><td><p>Jesus \u2013 welcomes everyone!<\/p>\n<\/td><td>4<\/td><td><div class=\"dlp-table-document-link-wrap\"><a href=\"https:\/\/family.fit\/wp-content\/uploads\/2020\/12\/S3W4-FASTja-v2.pdf\" class=\"dlp-download-link dlp-download-button document-library-pro-button button btn\" data-download-id=\"4225\" >Download<\/a><\/div><\/td><\/tr><tr id=\"post-row-4304\" class=\"post-row post-type-dlp_document dlp_document-4304 publish\"><td><p>Jesus \u2013 the multiplier!<\/p>\n<\/td><td>5<\/td><td><div class=\"dlp-table-document-link-wrap\"><a href=\"https:\/\/family.fit\/wp-content\/uploads\/2020\/12\/S3W5-FASTjav2.pdf\" class=\"dlp-download-link dlp-download-button document-library-pro-button button btn\" data-download-id=\"4304\" >Download<\/a><\/div><\/td><\/tr><tr id=\"post-row-4366\" class=\"post-row post-type-dlp_document dlp_document-4366 publish\"><td><p>Jesus in our challenges!<\/p>\n<\/td><td>6<\/td><td><div class=\"dlp-table-document-link-wrap\"><a href=\"https:\/\/family.fit\/wp-content\/uploads\/2020\/12\/S3W6-FASTja-v2.pdf\" class=\"dlp-download-link dlp-download-button document-library-pro-button button btn\" data-download-id=\"4366\" >Download<\/a><\/div><\/td><\/tr><tr id=\"post-row-4424\" class=\"post-row post-type-dlp_document dlp_document-4424 publish\"><td><p>Jesus loves children!<\/p>\n<\/td><td>7<\/td><td><div class=\"dlp-table-document-link-wrap\"><a href=\"https:\/\/family.fit\/wp-content\/uploads\/2021\/01\/S3W7-FASTja-v2.pdf\" class=\"dlp-download-link dlp-download-button document-library-pro-button button btn\" data-download-id=\"4424\" >Download<\/a><\/div><\/td><\/tr><tr id=\"post-row-4483\" class=\"post-row post-type-dlp_document dlp_document-4483 publish\"><td><p>Jesus does the impossible!<\/p>\n<\/td><td>8<\/td><td><div class=\"dlp-table-document-link-wrap\"><a href=\"https:\/\/family.fit\/wp-content\/uploads\/2021\/01\/S3W8-FASTja-v2.pdf\" class=\"dlp-download-link dlp-download-button document-library-pro-button button btn\" data-download-id=\"4483\" >Download<\/a><\/div><\/td><\/tr><tr id=\"post-row-4537\" class=\"post-row post-type-dlp_document dlp_document-4537 publish\"><td><p>Jesus responds to our needs!<\/p>\n<\/td><td>9<\/td><td><div class=\"dlp-table-document-link-wrap\"><a href=\"https:\/\/family.fit\/wp-content\/uploads\/2021\/01\/S3W9-FASTja-v3.pdf\" class=\"dlp-download-link dlp-download-button document-library-pro-button button btn\" data-download-id=\"4537\" >Download<\/a><\/div><\/td><\/tr><tr id=\"post-row-4596\" class=\"post-row post-type-dlp_document dlp_document-4596 publish\"><td><p>Jesus inspires generosity!<\/p>\n<\/td><td>10<\/td><td><div class=\"dlp-table-document-link-wrap\"><a href=\"https:\/\/family.fit\/wp-content\/uploads\/2021\/01\/S3W10-FASTja-v2.pdf\" class=\"dlp-download-link dlp-download-button document-library-pro-button button btn\" data-download-id=\"4596\" >Download<\/a><\/div><\/td><\/tr><tr id=\"post-row-4655\" class=\"post-row post-type-dlp_document dlp_document-4655 publish\"><td><p>Jesus submits to God\u2019s will!<\/p>\n<\/td><td>11<\/td><td><div class=\"dlp-table-document-link-wrap\"><a href=\"https:\/\/family.fit\/wp-content\/uploads\/2021\/02\/S3W11-FASTja-v3.pdf\" class=\"dlp-download-link dlp-download-button document-library-pro-button button btn\" data-download-id=\"4655\" >Download<\/a><\/div><\/td><\/tr><tr id=\"post-row-4713\" class=\"post-row post-type-dlp_document dlp_document-4713 publish\"><td><p>Jesus \u2013 risen and alive!<\/p>\n<\/td><td>12<\/td><td><div class=\"dlp-table-document-link-wrap\"><a href=\"https:\/\/family.fit\/wp-content\/uploads\/2021\/01\/S3W12-FASTja-v2.pdf\" class=\"dlp-download-link dlp-download-button document-library-pro-button button btn\" data-download-id=\"4713\" >Download<\/a><\/div><\/td><\/tr><\/tbody><\/table>\n\t\t\t\t\t\t\tGrowing Together\n\t\t\t\t<h3>Growing Together<\/h3>\n<table id=\"dlp_58a050e58469d4d8_2\" class=\"posts-data-table\" width=\"100%\" data-config=\"{&quot;pageLength&quot;:25,&quot;pagingType&quot;:&quot;numbers&quot;,&quot;serverSide&quot;:false,&quot;autoWidth&quot;:true,&quot;clickFilter&quot;:&quot;&quot;,&quot;stickyHeader&quot;:false,&quot;scrollOffset&quot;:15,&quot;resetButton&quot;:false,&quot;numOrder&quot;:false,&quot;lengthMenu&quot;:[[10,25,50,100,-1],[10,25,50,100,&quot;All&quot;]],&quot;columnDefs&quot;:[{&quot;className&quot;:&quot;col-session_title&quot;,&quot;targets&quot;:0,&quot;type&quot;:&quot;html&quot;},{&quot;className&quot;:&quot;col-session&quot;,&quot;targets&quot;:1,&quot;type&quot;:&quot;html&quot;},{&quot;className&quot;:&quot;col-link&quot;,&quot;targets&quot;:2,&quot;type&quot;:&quot;html&quot;}],&quot;responsive&quot;:{&quot;details&quot;:{&quot;display&quot;:&quot;child_row&quot;}},&quot;language&quot;:{&quot;info&quot;:&quot;_TOTAL_ documents&quot;,&quot;infoEmpty&quot;:&quot;0 documents&quot;,&quot;emptyTable&quot;:&quot;No matching documents.&quot;,&quot;zeroRecords&quot;:&quot;No matching documents.&quot;,&quot;totalsSingle&quot;:&quot;document&quot;,&quot;totalsPlural&quot;:&quot;documents&quot;},&quot;dom&quot;:&quot;&lt;\\&quot;posts-table-wrapper bb-theme\\&quot;&lt;\\&quot;posts-table-above posts-table-controls\\&quot;&gt;t&lt;\\&quot;posts-table-below posts-table-controls\\&quot;p&gt;&gt;&quot;,&quot;multiDownloadButton&quot;:false,&quot;multiDownloadPosition&quot;:&quot;above&quot;,&quot;multiDownloadText&quot;:&quot;Download Selected Documents&quot;}\" data-filters=\"false\" data-order=\"[]\"><thead><tr><th class=\"all\" data-name=\"cf_session_title\" data-orderable=\"true\" data-searchable=\"true\" data-priority=\"1\">Session Title<\/th><th data-name=\"cf_session\" data-orderable=\"true\" data-searchable=\"true\" data-priority=\"2\">Session<\/th><th data-name=\"link\" data-orderable=\"false\" data-searchable=\"false\" data-priority=\"3\">Link<\/th><\/tr><\/thead><tbody><tr id=\"post-row-4833\" class=\"post-row post-type-dlp_document dlp_document-4833 publish\"><td><p>How to be kind to others<\/p>\n<\/td><td>1<\/td><td><div class=\"dlp-table-document-link-wrap\"><a href=\"https:\/\/family.fit\/wp-content\/uploads\/2020\/09\/Growing-Together-Week-1-Kindness-finalja-final.pdf\" class=\"dlp-download-link dlp-download-button document-library-pro-button button btn\" data-download-id=\"4833\" >Download<\/a><\/div><\/td><\/tr><tr id=\"post-row-4871\" class=\"post-row post-type-dlp_document dlp_document-4871 publish\"><td><p>What gives us joy?<\/p>\n<\/td><td>2<\/td><td><div class=\"dlp-table-document-link-wrap\"><a href=\"https:\/\/family.fit\/wp-content\/uploads\/2020\/09\/Growing-Together-Week-2-Joy-finaljav2.pdf\" class=\"dlp-download-link dlp-download-button document-library-pro-button button btn\" data-download-id=\"4871\" >Download<\/a><\/div><\/td><\/tr><tr id=\"post-row-4922\" class=\"post-row post-type-dlp_document dlp_document-4922 publish\"><td><p>How do I know I am loved?<\/p>\n<\/td><td>3<\/td><td><div class=\"dlp-table-document-link-wrap\"><a href=\"https:\/\/family.fit\/wp-content\/uploads\/2020\/09\/Growing-Together-Week-3-Love-finaljav2.pdf\" class=\"dlp-download-link dlp-download-button document-library-pro-button button btn\" data-download-id=\"4922\" >Download<\/a><\/div><\/td><\/tr><tr id=\"post-row-4960\" class=\"post-row post-type-dlp_document dlp_document-4960 publish\"><td><p>How am I teachable?<\/p>\n<\/td><td>4<\/td><td><div class=\"dlp-table-document-link-wrap\"><a href=\"https:\/\/family.fit\/wp-content\/uploads\/2020\/09\/Growing-Together-Week-4-Teachable-finalja.pdf\" class=\"dlp-download-link dlp-download-button document-library-pro-button button btn\" data-download-id=\"4960\" >Download<\/a><\/div><\/td><\/tr><tr id=\"post-row-4998\" class=\"post-row post-type-dlp_document dlp_document-4998 publish\"><td><p>Does my life have purpose?<\/p>\n<\/td><td>5<\/td><td><div class=\"dlp-table-document-link-wrap\"><a href=\"https:\/\/family.fit\/wp-content\/uploads\/2020\/10\/Growing-Together-Week-5-Purpose-final-v2ja.pdf\" class=\"dlp-download-link dlp-download-button document-library-pro-button button btn\" data-download-id=\"4998\" >Download<\/a><\/div><\/td><\/tr><tr id=\"post-row-5034\" class=\"post-row post-type-dlp_document dlp_document-5034 publish\"><td><p>Do I have self-control?<\/p>\n<\/td><td>6<\/td><td><div class=\"dlp-table-document-link-wrap\"><a href=\"https:\/\/family.fit\/wp-content\/uploads\/2020\/10\/Growing-Together-Week-6-Self-Control-FINAL-ja.pdf\" class=\"dlp-download-link dlp-download-button document-library-pro-button button btn\" data-download-id=\"5034\" >Download<\/a><\/div><\/td><\/tr><tr id=\"post-row-5090\" class=\"post-row post-type-dlp_document dlp_document-5090 publish\"><td><p>Am I a team player?<\/p>\n<\/td><td>7<\/td><td><div class=\"dlp-table-document-link-wrap\"><a href=\"https:\/\/family.fit\/wp-content\/uploads\/2020\/10\/Growing-Together-Week-7-Team-player-FINAL-ja.pdf\" class=\"dlp-download-link dlp-download-button document-library-pro-button button btn\" data-download-id=\"5090\" >Download<\/a><\/div><\/td><\/tr><tr id=\"post-row-5129\" class=\"post-row post-type-dlp_document dlp_document-5129 publish\"><td><p>Am I trustworthy?<\/p>\n<\/td><td>8<\/td><td><div class=\"dlp-table-document-link-wrap\"><a href=\"https:\/\/family.fit\/wp-content\/uploads\/2020\/10\/Growing-Together-Week-8-Trust-finaljav2.pdf\" class=\"dlp-download-link dlp-download-button document-library-pro-button button btn\" data-download-id=\"5129\" >Download<\/a><\/div><\/td><\/tr><tr id=\"post-row-5165\" class=\"post-row post-type-dlp_document dlp_document-5165 publish\"><td><p>Is my life a good example?<\/p>\n<\/td><td>9<\/td><td><div class=\"dlp-table-document-link-wrap\"><a href=\"https:\/\/family.fit\/wp-content\/uploads\/2020\/11\/Growing-Together-Week-9-Example-finalja-v2.pdf\" class=\"dlp-download-link dlp-download-button document-library-pro-button button btn\" data-download-id=\"5165\" >Download<\/a><\/div><\/td><\/tr><tr id=\"post-row-5201\" class=\"post-row post-type-dlp_document dlp_document-5201 publish\"><td><p>Am I honest?<\/p>\n<\/td><td>10<\/td><td><div class=\"dlp-table-document-link-wrap\"><a href=\"https:\/\/family.fit\/wp-content\/uploads\/2020\/11\/Growing-Together-Week-10-Honesty-finalja-v2.pdf\" class=\"dlp-download-link dlp-download-button document-library-pro-button button btn\" data-download-id=\"5201\" >Download<\/a><\/div><\/td><\/tr><\/tbody><\/table>\n\t\t\t\t\t\t\tGrowing Closer\n\t\t\t\t<h3>Growing Closer<\/h3>\n<table id=\"dlp_2a7b14f707051c27_3\" class=\"posts-data-table\" width=\"100%\" data-config=\"{&quot;pageLength&quot;:25,&quot;pagingType&quot;:&quot;numbers&quot;,&quot;serverSide&quot;:false,&quot;autoWidth&quot;:true,&quot;clickFilter&quot;:&quot;&quot;,&quot;stickyHeader&quot;:false,&quot;scrollOffset&quot;:15,&quot;resetButton&quot;:false,&quot;numOrder&quot;:false,&quot;lengthMenu&quot;:[[10,25,50,100,-1],[10,25,50,100,&quot;All&quot;]],&quot;columnDefs&quot;:[{&quot;className&quot;:&quot;col-session_title&quot;,&quot;targets&quot;:0,&quot;type&quot;:&quot;html&quot;},{&quot;className&quot;:&quot;col-session&quot;,&quot;targets&quot;:1,&quot;type&quot;:&quot;html&quot;},{&quot;className&quot;:&quot;col-link&quot;,&quot;targets&quot;:2,&quot;type&quot;:&quot;html&quot;}],&quot;responsive&quot;:{&quot;details&quot;:{&quot;display&quot;:&quot;child_row&quot;}},&quot;language&quot;:{&quot;info&quot;:&quot;_TOTAL_ documents&quot;,&quot;infoEmpty&quot;:&quot;0 documents&quot;,&quot;emptyTable&quot;:&quot;No matching documents.&quot;,&quot;zeroRecords&quot;:&quot;No matching documents.&quot;,&quot;totalsSingle&quot;:&quot;document&quot;,&quot;totalsPlural&quot;:&quot;documents&quot;},&quot;dom&quot;:&quot;&lt;\\&quot;posts-table-wrapper bb-theme\\&quot;&lt;\\&quot;posts-table-above posts-table-controls\\&quot;&gt;t&lt;\\&quot;posts-table-below posts-table-controls\\&quot;p&gt;&gt;&quot;,&quot;multiDownloadButton&quot;:false,&quot;multiDownloadPosition&quot;:&quot;above&quot;,&quot;multiDownloadText&quot;:&quot;Download Selected Documents&quot;}\" data-filters=\"false\" data-order=\"[]\"><thead><tr><th class=\"all\" data-name=\"cf_session_title\" data-orderable=\"true\" data-searchable=\"true\" data-priority=\"1\">Session Title<\/th><th data-name=\"cf_session\" data-orderable=\"true\" data-searchable=\"true\" data-priority=\"2\">Session<\/th><th data-name=\"link\" data-orderable=\"false\" data-searchable=\"false\" data-priority=\"3\">Link<\/th><\/tr><\/thead><tbody><tr id=\"post-row-5340\" class=\"post-row post-type-dlp_document dlp_document-5340 publish\"><td><p>How can I serve others?<\/p>\n<\/td><td>1<\/td><td><div class=\"dlp-table-document-link-wrap\"><a href=\"https:\/\/family.fit\/wp-content\/uploads\/2020\/05\/familyfit-WEEK-1-JA.pdf\" class=\"dlp-download-link dlp-download-button document-library-pro-button button btn\" data-download-id=\"5340\" >Download<\/a><\/div><\/td><\/tr><tr id=\"post-row-5386\" class=\"post-row post-type-dlp_document dlp_document-5386 publish\"><td><p>How can I develop courage?<\/p>\n<\/td><td>2<\/td><td><div class=\"dlp-table-document-link-wrap\"><a href=\"https:\/\/family.fit\/wp-content\/uploads\/2020\/07\/ff-week-2-JA-v3.pdf\" class=\"dlp-download-link dlp-download-button document-library-pro-button button btn\" data-download-id=\"5386\" >Download<\/a><\/div><\/td><\/tr><tr id=\"post-row-5427\" class=\"post-row post-type-dlp_document dlp_document-5427 publish\"><td><p>What does hope look like?<\/p>\n<\/td><td>3<\/td><td><div class=\"dlp-table-document-link-wrap\"><a href=\"https:\/\/family.fit\/wp-content\/uploads\/2020\/07\/ff-week-3-JA-v2.pdf\" class=\"dlp-download-link dlp-download-button document-library-pro-button button btn\" data-download-id=\"5427\" >Download<\/a><\/div><\/td><\/tr><tr id=\"post-row-5496\" class=\"post-row post-type-dlp_document dlp_document-5496 publish\"><td><p>How do we find peace?<\/p>\n<\/td><td>4<\/td><td><div class=\"dlp-table-document-link-wrap\"><a href=\"https:\/\/family.fit\/wp-content\/uploads\/2020\/07\/ff-week-4-JA-v2.pdf\" class=\"dlp-download-link dlp-download-button document-library-pro-button button btn\" data-download-id=\"5496\" >Download<\/a><\/div><\/td><\/tr><tr id=\"post-row-5536\" class=\"post-row post-type-dlp_document dlp_document-5536 publish\"><td><p>Am I thankful?<\/p>\n<\/td><td>5<\/td><td><div class=\"dlp-table-document-link-wrap\"><a href=\"https:\/\/family.fit\/wp-content\/uploads\/2020\/07\/ff-week-5-JA.pdf\" class=\"dlp-download-link dlp-download-button document-library-pro-button button btn\" data-download-id=\"5536\" >Download<\/a><\/div><\/td><\/tr><tr id=\"post-row-5570\" class=\"post-row post-type-dlp_document dlp_document-5570 publish\"><td><p>How can I encourage others?<\/p>\n<\/td><td>6<\/td><td><div class=\"dlp-table-document-link-wrap\"><a href=\"https:\/\/family.fit\/wp-content\/uploads\/2020\/07\/ff-week-6-JA.pdf\" class=\"dlp-download-link dlp-download-button document-library-pro-button button btn\" data-download-id=\"5570\" >Download<\/a><\/div><\/td><\/tr><tr id=\"post-row-5631\" class=\"post-row post-type-dlp_document dlp_document-5631 publish\"><td><p>How can I be generous?<\/p>\n<\/td><td>7<\/td><td><div class=\"dlp-table-document-link-wrap\"><a href=\"https:\/\/family.fit\/wp-content\/uploads\/2020\/07\/ff-week-7-JA.pdf\" class=\"dlp-download-link dlp-download-button document-library-pro-button button btn\" data-download-id=\"5631\" >Download<\/a><\/div><\/td><\/tr><tr id=\"post-row-5685\" class=\"post-row post-type-dlp_document dlp_document-5685 publish\"><td><p>How can I be a good friend?<\/p>\n<\/td><td>8<\/td><td><div class=\"dlp-table-document-link-wrap\"><a href=\"https:\/\/family.fit\/wp-content\/uploads\/2020\/07\/ff-week-8-JA.pdf\" class=\"dlp-download-link dlp-download-button document-library-pro-button button btn\" data-download-id=\"5685\" >Download<\/a><\/div><\/td><\/tr><\/tbody><\/table>\n\t<p>All the sessions are available to download as PDF documents. You will need a PDF reader in order to view them. If you do not already have one then you can download the Acrobat Reader via the button below, or simply search the web for &#8220;download pdf reader&#8221; for an alternative.<\/p>\n\t\t\t<a href=\"https:\/\/get.adobe.com\/uk\/reader\/\" target=\"_blank\" role=\"button\" rel=\"noopener\">\n\t\t\t\t\t\tDownload Acrobat Reader\n\t\t\t\t\t<\/a>\n\n","protected":false},"excerpt":{"rendered":"<p>Rritje m\u00eb thell\u00eb (SHPEJT\u00cb) Rritje s\u00eb bashku Rritje m\u00eb af\u00ebr Rritje m\u00eb e thell\u00eb (FAST) Rritje m\u00eb e thell\u00eb (sesione FAST) Rritje s\u00eb bashku Rritje s\u00eb bashku Rritje m\u00eb af\u00ebr Rritje m\u00eb af\u00ebr T\u00eb gjitha seancat jan\u00eb t\u00eb disponueshme p\u00ebr t&#039;u shkarkuar si dokumente PDF. Do t&#039;ju duhet nj\u00eb lexues PDF p\u00ebr t&#039;i par\u00eb ato. N\u00ebse nuk e keni nj\u00eb t\u00eb till\u00eb, at\u00ebher\u00eb mund t\u00eb shkarkoni\u2026<\/p>","protected":false},"author":1,"featured_media":0,"parent":473,"menu_order":0,"comment_status":"closed","ping_status":"closed","template":"","meta":{"_acf_changed":false,"_seopress_robots_primary_cat":"","_seopress_titles_title":"","_seopress_titles_desc":"","_seopress_robots_index":"","footnotes":""},"ff_language":[],"class_list":["post-1050","page","type-page","status-publish","hentry"],"acf":[],"_links":{"self":[{"href":"https:\/\/family.fit\/sq\/wp-json\/wp\/v2\/pages\/1050","targetHints":{"allow":["GET"]}}],"collection":[{"href":"https:\/\/family.fit\/sq\/wp-json\/wp\/v2\/pages"}],"about":[{"href":"https:\/\/family.fit\/sq\/wp-json\/wp\/v2\/types\/page"}],"author":[{"embeddable":true,"href":"https:\/\/family.fit\/sq\/wp-json\/wp\/v2\/users\/1"}],"replies":[{"embeddable":true,"href":"https:\/\/family.fit\/sq\/wp-json\/wp\/v2\/comments?post=1050"}],"version-history":[{"count":0,"href":"https:\/\/family.fit\/sq\/wp-json\/wp\/v2\/pages\/1050\/revisions"}],"up":[{"embeddable":true,"href":"https:\/\/family.fit\/sq\/wp-json\/wp\/v2\/pages\/473"}],"wp:attachment":[{"href":"https:\/\/family.fit\/sq\/wp-json\/wp\/v2\/media?parent=1050"}],"wp:term":[{"taxonomy":"ff_language","embeddable":true,"href":"https:\/\/family.fit\/sq\/wp-json\/wp\/v2\/ff_language?post=1050"}],"curies":[{"name":"wp","href":"https:\/\/api.w.org\/{rel}","templated":true}]}}