{"id":1383,"date":"2020-06-17T14:12:07","date_gmt":"2020-06-17T14:12:07","guid":{"rendered":"https:\/\/family.fit\/?page_id=1383"},"modified":"2021-11-23T21:56:51","modified_gmt":"2021-11-23T21:56:51","slug":"subscribe","status":"publish","type":"page","link":"https:\/\/family.fit\/sq\/subscribe\/","title":{"rendered":"Regjistrohu"},"content":{"rendered":"\n\n<h3>\n\t\tWould you like to receive the sessions as weekly emails?\n\t<\/h3>\n\t<p>Subscribe using the form below. It&#8217;s safe, secure and we make the following promises:<\/p>\n<ul>\n<li>We will never spam you.<\/li>\n<li>We will keep your email address safe and never sell it to anyone.<\/li>\n<li>You can unsubscribe at any time.<\/li>\n<\/ul>\n\t\t    <form data-form_id=\"1\" id=\"fluentform_1\" data-form_instance=\"ff_form_instance_1_1\" method=\"POST\">        <input type=\"checkbox\" name=\"item__1__fluent_checkme_\" value=\"1\"\n               tabindex=\"-1\"\/>\n        <input type='hidden' name='__fluent_form_embded_post_id' value='1383' \/><input type=\"hidden\" id=\"_fluentform_1_fluentformnonce\" name=\"_fluentform_1_fluentformnonce\" value=\"5c7f4df207\" \/><input type=\"hidden\" name=\"_wp_http_referer\" value=\"\/en\/?page_id=1383&amp;fl_builder\" \/><label for='ff_1_names_first_name_'>First Name<\/label> <input type=\"text\" name=\"names[first_name]\" id=\"ff_1_names_first_name_\" tabindex=\"1\"\/><label for='ff_1_names_last_name_'>Last Name<\/label> <input type=\"text\" name=\"names[last_name]\" id=\"ff_1_names_last_name_\" tabindex=\"2\"\/><label for='ff_1_email'>Email<\/label> <input type=\"email\" name=\"email\" id=\"ff_1_email\" data-name=\"email\" tabindex=\"3\"\/><button type=\"submit\" tabindex=\"4\">SUBSCRIBE<\/button><\/form>        \n\n","protected":false},"excerpt":{"rendered":"<p>D\u00ebshironi t&#039;i merrni seancat si email javor? Abonohuni duke p\u00ebrdorur formularin e m\u00ebposht\u00ebm. \u00cbsht\u00eb i sigurt, i sigurt dhe ne b\u00ebjm\u00eb premtimet e m\u00ebposhtme: Ne kurr\u00eb nuk do t&#039;ju d\u00ebrgojm\u00eb mesazhe t\u00eb pad\u00ebshiruara. Ne do ta mbajm\u00eb adres\u00ebn tuaj t\u00eb emailit t\u00eb sigurt dhe kurr\u00eb nuk do t&#039;ia shesim at\u00eb askujt. Mund t\u00eb \u00e7abonoheni n\u00eb \u00e7do koh\u00eb. Emri Mbiemri Email ABONIM<\/p>","protected":false},"author":1,"featured_media":0,"parent":0,"menu_order":0,"comment_status":"closed","ping_status":"closed","template":"","meta":{"_acf_changed":false,"_seopress_robots_primary_cat":"","_seopress_titles_title":"","_seopress_titles_desc":"","_seopress_robots_index":"","footnotes":""},"ff_language":[],"class_list":["post-1383","page","type-page","status-publish","hentry"],"acf":[],"_links":{"self":[{"href":"https:\/\/family.fit\/sq\/wp-json\/wp\/v2\/pages\/1383","targetHints":{"allow":["GET"]}}],"collection":[{"href":"https:\/\/family.fit\/sq\/wp-json\/wp\/v2\/pages"}],"about":[{"href":"https:\/\/family.fit\/sq\/wp-json\/wp\/v2\/types\/page"}],"author":[{"embeddable":true,"href":"https:\/\/family.fit\/sq\/wp-json\/wp\/v2\/users\/1"}],"replies":[{"embeddable":true,"href":"https:\/\/family.fit\/sq\/wp-json\/wp\/v2\/comments?post=1383"}],"version-history":[{"count":1,"href":"https:\/\/family.fit\/sq\/wp-json\/wp\/v2\/pages\/1383\/revisions"}],"predecessor-version":[{"id":8259,"href":"https:\/\/family.fit\/sq\/wp-json\/wp\/v2\/pages\/1383\/revisions\/8259"}],"wp:attachment":[{"href":"https:\/\/family.fit\/sq\/wp-json\/wp\/v2\/media?parent=1383"}],"wp:term":[{"taxonomy":"ff_language","embeddable":true,"href":"https:\/\/family.fit\/sq\/wp-json\/wp\/v2\/ff_language?post=1383"}],"curies":[{"name":"wp","href":"https:\/\/api.w.org\/{rel}","templated":true}]}}