{"id":2548,"date":"2020-10-27T15:51:15","date_gmt":"2020-10-27T15:51:15","guid":{"rendered":"https:\/\/family.fit\/?page_id=2548"},"modified":"2021-02-20T14:42:07","modified_gmt":"2021-02-20T14:42:07","slug":"fast","status":"publish","type":"page","link":"https:\/\/family.fit\/sq\/seasons\/growing-deeper\/fast\/","title":{"rendered":"Shpejt"},"content":{"rendered":"<img loading=\"lazy\" decoding=\"async\" src=\"https:\/\/family.fit\/wp-content\/uploads\/2020\/10\/fast-flash-900.png\" alt=\"fast flash 900\" itemprop=\"image\" height=\"108\" width=\"900\" title=\"Blic i shpejt\u00eb 900\" onerror=\"this.style.display='none'\"  \/>\n<h1>\n\t\tfamilje.p\u00ebrshtatet shpejt\n\t<\/h1>\n<h3>\n\t\tDuke u thelluar\n\t<\/h3>\n\t\t\t<a href=\"https:\/\/family.fit\/wp-content\/uploads\/2020\/10\/S3W1-FAST-final.pdf\" target=\"_self\" role=\"button\" rel=\"noopener\">\n\t\t\t\t\t\t\tJava 1\n\t\t\t\t\t<\/a>\n\t\t\t<a href=\"https:\/\/family.fit\/wp-content\/uploads\/2020\/10\/S3W2-FAST.pdf\" target=\"_self\" role=\"button\" rel=\"noopener\">\n\t\t\t\t\t\t\tJava 2\n\t\t\t\t\t<\/a>\n\t\t\t<a href=\"https:\/\/family.fit\/wp-content\/uploads\/2021\/02\/S3W3-FAST.pdf\" target=\"_self\" role=\"button\" rel=\"noopener\">\n\t\t\t\t\t\t\tJava 3\n\t\t\t\t\t<\/a>\n\t\t\t<a href=\"https:\/\/family.fit\/wp-content\/uploads\/2021\/02\/S3W4-FAST.pdf\" target=\"_self\" role=\"button\" rel=\"noopener\">\n\t\t\t\t\t\t\tJava 4\n\t\t\t\t\t<\/a>\n\t\t\t<a href=\"https:\/\/family.fit\/wp-content\/uploads\/2021\/02\/S3W5-FAST.pdf\" target=\"_self\" role=\"button\" rel=\"noopener\">\n\t\t\t\t\t\t\tJava 5\n\t\t\t\t\t<\/a>\n\t\t\t<a href=\"https:\/\/family.fit\/wp-content\/uploads\/2021\/02\/S3W6-FAST.pdf\" target=\"_self\" role=\"button\" rel=\"noopener\">\n\t\t\t\t\t\t\tJava 6\n\t\t\t\t\t<\/a>\n\t\t\t<a href=\"https:\/\/family.fit\/wp-content\/uploads\/2021\/02\/S3W7-FAST.pdf\" target=\"_self\" role=\"button\" rel=\"noopener\">\n\t\t\t\t\t\t\tJava 7\n\t\t\t\t\t<\/a>\n\t\t\t<a href=\"https:\/\/family.fit\/wp-content\/uploads\/2021\/02\/S3W8-FAST.pdf\" target=\"_self\" role=\"button\" rel=\"noopener\">\n\t\t\t\t\t\t\tJava 8\n\t\t\t\t\t<\/a>\n\t\t\t<a href=\"https:\/\/family.fit\/wp-content\/uploads\/2021\/02\/S3W9-FAST.pdf\" target=\"_self\" role=\"button\" rel=\"noopener\">\n\t\t\t\t\t\t\tJava 9\n\t\t\t\t\t<\/a>\n\t\t\t<a href=\"https:\/\/family.fit\/wp-content\/uploads\/2021\/02\/S3W10-FAST.pdf\" target=\"_self\" role=\"button\" rel=\"noopener\">\n\t\t\t\t\t\t\tJava 10\n\t\t\t\t\t<\/a>\n\t\t\t<a href=\"https:\/\/family.fit\/wp-content\/uploads\/2021\/02\/S3W11-FAST.pdf\" target=\"_self\" role=\"button\" rel=\"noopener\">\n\t\t\t\t\t\t\tJava 11\n\t\t\t\t\t<\/a>\n\t\t\t<a href=\"https:\/\/family.fit\/wp-content\/uploads\/2021\/02\/S3W12-FAST.pdf\" target=\"_self\" role=\"button\" rel=\"noopener\">\n\t\t\t\t\t\t\tJava 12\n\t\t\t\t\t<\/a>\n\t<p>P\u00ebrkthimet e k\u00ebtyre sesioneve mund t\u00eb gjenden n\u00eb faqet e gjuh\u00ebve individuale k\u00ebtu:<\/p>\n\t\t\t<a href=\"https:\/\/family.fit\/en\/translations\/\" target=\"_self\" role=\"button\" rel=\"noopener\">\n\t\t\t\t\t\t\tT\u00eb gjitha P\u00ebrkthimet\n\t\t\t\t\t<\/a>","protected":false},"excerpt":{"rendered":"<p>Family.fit fast Rritje m\u00eb e thell\u00eb Java 1 jav\u00eb 2 jav\u00eb 3 jav\u00eb 4 jav\u00eb 5 jav\u00eb 6 jav\u00eb 7 jav\u00eb 8 jav\u00eb 9 jav\u00eb 10 Java 11 Java 12 P\u00ebrkthimet e k\u00ebtyre sesioneve mund t\u00eb gjenden n\u00eb faqet e gjuh\u00ebve individuale k\u00ebtu: T\u00eb gjitha p\u00ebrkthimet<\/p>","protected":false},"author":1,"featured_media":0,"parent":2196,"menu_order":0,"comment_status":"closed","ping_status":"closed","template":"","meta":{"_acf_changed":false,"_seopress_robots_primary_cat":"","_seopress_titles_title":"","_seopress_titles_desc":"","_seopress_robots_index":"","footnotes":""},"ff_language":[],"class_list":["post-2548","page","type-page","status-publish","hentry"],"acf":[],"_links":{"self":[{"href":"https:\/\/family.fit\/sq\/wp-json\/wp\/v2\/pages\/2548","targetHints":{"allow":["GET"]}}],"collection":[{"href":"https:\/\/family.fit\/sq\/wp-json\/wp\/v2\/pages"}],"about":[{"href":"https:\/\/family.fit\/sq\/wp-json\/wp\/v2\/types\/page"}],"author":[{"embeddable":true,"href":"https:\/\/family.fit\/sq\/wp-json\/wp\/v2\/users\/1"}],"replies":[{"embeddable":true,"href":"https:\/\/family.fit\/sq\/wp-json\/wp\/v2\/comments?post=2548"}],"version-history":[{"count":0,"href":"https:\/\/family.fit\/sq\/wp-json\/wp\/v2\/pages\/2548\/revisions"}],"up":[{"embeddable":true,"href":"https:\/\/family.fit\/sq\/wp-json\/wp\/v2\/pages\/2196"}],"wp:attachment":[{"href":"https:\/\/family.fit\/sq\/wp-json\/wp\/v2\/media?parent=2548"}],"wp:term":[{"taxonomy":"ff_language","embeddable":true,"href":"https:\/\/family.fit\/sq\/wp-json\/wp\/v2\/ff_language?post=2548"}],"curies":[{"name":"wp","href":"https:\/\/api.w.org\/{rel}","templated":true}]}}