{"id":3,"date":"2020-02-19T17:12:44","date_gmt":"2020-02-19T17:12:44","guid":{"rendered":"http:\/\/pd-toronto-1.com\/?page_id=3"},"modified":"2020-05-19T10:34:46","modified_gmt":"2020-05-19T10:34:46","slug":"privacy","status":"publish","type":"page","link":"https:\/\/family.fit\/sq\/privacy\/","title":{"rendered":"Privat\u00ebsia"},"content":{"rendered":"<h1>\n\t<\/h1>\n\t<h3>Privat\u00ebsia ka r\u00ebnd\u00ebsi, por mund t\u00eb jet\u00eb konfuze. Kjo faqe shpjegon qasjen ton\u00eb ndaj privat\u00ebsis\u00eb dhe se si ajo ndikon tek ju.<\/h3>\n<h4>Version i shkurt\u00ebr<\/h4>\n<p>Ne mbledhim statistika anonime p\u00ebr vizit\u00ebn tuaj, duke p\u00eblqyer se cilat nga faqet tona keni par\u00eb.<\/p>\n<p>Disa pal\u00eb t\u00eb treta si Facebook mund t\u00eb din\u00eb q\u00eb ju keni vizituar k\u00ebt\u00eb faqe interneti, n\u00ebse p\u00ebrdorni sh\u00ebrbimet e tyre. Ne nuk mund t&#039;i kontrollojm\u00eb ato, por nuk besojm\u00eb se kjo njohuri p\u00ebrb\u00ebn ndonj\u00eb k\u00ebrc\u00ebnim p\u00ebr ju.<\/p>\n<p>N\u00ebse regjistroheni me ne, ne kujdesemi shum\u00eb p\u00ebr t\u00eb mbajtur t\u00eb sigurt informacionin tuaj dhe nuk do t&#039;i ndajm\u00eb kurr\u00eb me t\u00eb tjer\u00ebt pa lejen tuaj t\u00eb shprehur.<\/p>\n<p>Ne kurr\u00eb nuk i ndajm\u00eb t\u00eb dh\u00ebnat tuaja me pal\u00ebt e treta, p\u00ebrve\u00e7se p\u00ebr t\u00eb na ndihmuar t\u00eb ofrojm\u00eb sh\u00ebrbimet tona.<\/p>\n<p>K\u00ebto jan\u00eb vet\u00ebm pikat ky\u00e7e. N\u00ebse keni nevoj\u00eb p\u00ebr detaje t\u00eb m\u00ebtejshme, vazhdoni t\u00eb lexoni.<\/p>\n<h4>Matja e vizitor\u00ebve tan\u00eb<\/h4>\n<p>Ne matim vizitor\u00ebt n\u00eb faqen ton\u00eb t\u00eb internetit duke p\u00ebrdorur Google Analytics. Kjo regjistron se cilat faqe shikoni n\u00eb faqen ton\u00eb, si keni mb\u00ebrritur n\u00eb faqen ton\u00eb dhe disa informacione baz\u00eb p\u00ebr kompjuterin tuaj. T\u00eb gjitha k\u00ebto informacione jan\u00eb anonime \u2013 k\u00ebshtu q\u00eb ne nuk e dim\u00eb se kush jeni; vet\u00ebm se dikush vizitoi faqen ton\u00eb.<\/p>\n<p>Informacioni q\u00eb mbledhim nga analitika na ndihmon t\u00eb kuptojm\u00eb se cilat pjes\u00eb t\u00eb faqeve tona po funksionojn\u00eb mir\u00eb, si arrijn\u00eb njer\u00ebzit n\u00eb faqen ton\u00eb e k\u00ebshtu me radh\u00eb. Ashtu si shumica e faqeve t\u00eb internetit, ne e p\u00ebrdorim k\u00ebt\u00eb informacion p\u00ebr ta p\u00ebrmir\u00ebsuar faqen ton\u00eb t\u00eb internetit.<\/p>\n<p>Mund t\u00eb m\u00ebsoni m\u00eb shum\u00eb rreth\u00a0<a href=\"https:\/\/support.google.com\/analytics\/answer\/6004245\" target=\"_blank\" rel=\"noopener noreferrer\">Google Analytics k\u00ebtu<\/a>.<\/p>\n<h4>P\u00ebrmbajtja e ngulitur nga faqet e tjera t\u00eb internetit<\/h4>\n<p>P\u00ebrmbajtja n\u00eb k\u00ebt\u00eb sajt mund t\u00eb p\u00ebrfshij\u00eb p\u00ebrmbajtje t\u00eb ngulitur (p.sh. video, imazhe, artikuj, etj). P\u00ebrmbajtja e integruar nga faqet e tjera t\u00eb internetit sillet n\u00eb t\u00eb nj\u00ebjt\u00ebn m\u00ebnyr\u00eb sikur vizitori t\u00eb ket\u00eb vizituar uebsajtin e origjin\u00ebs.<\/p>\n<p>K\u00ebto faqe interneti mund t\u00eb mbledhin t\u00eb dh\u00ebna p\u00ebr ju, t\u00eb p\u00ebrdorin skedar\u00eb kuki, t\u00eb ngulitin gjurmime shtes\u00eb t\u00eb pal\u00ebve t\u00eb treta dhe t\u00eb monitorojn\u00eb nd\u00ebrveprimin tuaj me at\u00eb p\u00ebrmbajtje t\u00eb integruar, duke p\u00ebrfshir\u00eb ndjekjen e nd\u00ebrveprimit tuaj me p\u00ebrmbajtjen e integruar n\u00ebse keni nj\u00eb llogari dhe jeni identifikuar n\u00eb at\u00eb faqe interneti.<\/p>\n<h4>Reklamat dhe lidhjet e sponsorizuara<\/h4>\n<p>Kjo faqe interneti nuk p\u00ebrmban lidhje ose reklama t\u00eb sponsorizuara.<\/p>\n<h4>Shkarkimet dhe skedar\u00ebt e mediave<\/h4>\n<p>\u00c7do dokument, skedar ose media q\u00eb mund t\u00eb shkarkohet q\u00eb vihet n\u00eb dispozicion n\u00eb k\u00ebt\u00eb faqe interneti ju ofrohet me p\u00ebrgjegj\u00ebsin\u00eb tuaj. Nd\u00ebrkoh\u00eb q\u00eb jan\u00eb marr\u00eb t\u00eb gjitha masat paraprake p\u00ebr t\u00eb siguruar q\u00eb t\u00eb disponohen vet\u00ebm shkarkime origjinale, ju k\u00ebshillojm\u00eb t\u00eb verifikoni v\u00ebrtet\u00ebsin\u00eb e tyre duke p\u00ebrdorur softuer antivirus t\u00eb pal\u00ebve t\u00eb treta ose aplikacione t\u00eb ngjashme.<\/p>\n<p>Ne nuk pranojm\u00eb asnj\u00eb p\u00ebrgjegj\u00ebsi p\u00ebr shkarkimet dhe shkarkimet e pal\u00ebve t\u00eb treta t\u00eb ofruara nga faqet e internetit t\u00eb pal\u00ebve t\u00eb treta t\u00eb jashtme. Ne ju k\u00ebshillojm\u00eb t\u00eb verifikoni origjinalitetin e tyre duke p\u00ebrdorur softuer antivirus t\u00eb pal\u00ebve t\u00eb treta ose aplikacione t\u00eb ngjashme.<\/p>\n<h4>Facebook, Twitter dhe rrjete t\u00eb tjera sociale<\/h4>\n<p>K\u00ebto sh\u00ebrbime ofrojn\u00eb butona sociale dhe ve\u00e7ori t\u00eb ngjashme t\u00eb cilat ne i p\u00ebrdorim n\u00eb faqen ton\u00eb t\u00eb internetit \u2013 t\u00eb tilla si butonat \u201cLike\u201d dhe \u201cTweet\u201d.<\/p>\n<p>P\u00ebr ta b\u00ebr\u00eb k\u00ebt\u00eb, ne vendosim kodin q\u00eb ata ofrojn\u00eb dhe ne nuk e kontrollojm\u00eb veten. P\u00ebr t\u00eb funksionuar, butonat e tyre n\u00eb p\u00ebrgjith\u00ebsi e din\u00eb n\u00ebse jeni regjistruar; p\u00ebr shembull Facebook e p\u00ebrdor k\u00ebt\u00eb p\u00ebr t\u00eb th\u00ebn\u00eb &quot;x nga miqt\u00eb e tu e p\u00eblqejn\u00eb k\u00ebt\u00eb&quot;. Ne nuk kemi asnj\u00eb akses n\u00eb at\u00eb informacion, as nuk mund t\u00eb kontrollojm\u00eb se si e p\u00ebrdorin ato rrjete.<\/p>\n<p>Rrjetet sociale, pra, mund t\u00eb din\u00eb q\u00eb ju po shikoni k\u00ebt\u00eb faqe interneti, n\u00ebse p\u00ebrdorni sh\u00ebrbimet e tyre. (Kjo nuk do t\u00eb thot\u00eb se ata po, por politikat e tyre mund t\u00eb ndryshojn\u00eb).<\/p>\n<h4>N\u00ebse regjistroheni p\u00ebr nj\u00eb sh\u00ebrbim<\/h4>\n<p>Kur regjistroheni p\u00ebr ndonj\u00eb nga sh\u00ebrbimet tona (p\u00ebr shembull, regjistrimi n\u00eb list\u00ebn e postimeve) ne do t\u00eb regjistrojm\u00eb informacione specifike personale rreth jush, si emri dhe adresa juaj e emailit.<\/p>\n<h4>Email-et<\/h4>\n<p>Ne mund t&#039;ju d\u00ebrgojm\u00eb njoftime me email q\u00eb ju keni k\u00ebrkuar n\u00eb m\u00ebnyr\u00eb specifike (t\u00eb tilla si buletinet ose njoftimet). Ju keni mund\u00ebsin\u00eb t\u00eb hiqni dor\u00eb nga \u00e7do komunikim n\u00eb \u00e7do koh\u00eb.<\/p>\n<p>Ne kurr\u00eb nuk do t&#039;i japim informacionin tuaj personal ose adres\u00ebn e emailit pal\u00ebve t\u00eb treta, p\u00ebrve\u00e7 rasteve kur ata jan\u00eb t\u00eb pun\u00ebsuar posa\u00e7\u00ebrisht p\u00ebr t\u00eb ndihmuar n\u00eb ofrimin e sh\u00ebrbimeve tona, si\u00e7 \u00ebsht\u00eb detajuar m\u00eb sip\u00ebr.<\/p>\n<h4>Siguria<\/h4>\n<p>Ne marrim shum\u00eb masa paraprake p\u00ebr t\u00eb parandaluar humbjen, keqp\u00ebrdorimin ose ndryshimin e informacionit tuaj personal. K\u00ebto masa paraprake p\u00ebrfshijn\u00eb:<\/p>\n<ul>\n<li>P\u00ebrdorimi i kriptimit SSL p\u00ebr t\u00eb gjith\u00eb p\u00ebrmbajtjen e faqes dhe \u00e7do t\u00eb dh\u00ebn\u00eb t\u00eb mbledhur<\/li>\n<li>Pajisjet e ruajtura n\u00eb qendra t\u00eb dh\u00ebnash t\u00eb sigurta pas mureve t\u00eb zjarrit<\/li>\n<li>E gjith\u00eb aksesi n\u00eb informacion \u00ebsht\u00eb i kufizuar me fjal\u00ebkalim dhe\/ose \u00e7el\u00ebs t\u00eb sigurt<\/li>\n<li>Kufizime p\u00ebr informacionin q\u00eb mund t\u00eb arrihet p\u00ebrmes \u00e7do vendndodhjeje<\/li>\n<\/ul>\n<p>Nd\u00ebrkoh\u00eb q\u00eb ne kujdesemi shum\u00eb p\u00ebr t\u00eb siguruar q\u00eb \u00e7do informacion konfidencial t\u00eb mbetet i mbrojtur, ne nuk mund t\u00eb garantojm\u00eb sigurin\u00eb e t\u00eb dh\u00ebnave t\u00eb d\u00ebrguara n\u00eb internet.<\/p>\n<p>N\u00ebse, gjat\u00eb p\u00ebrdorimit t\u00eb k\u00ebsaj faqeje interneti, ju k\u00ebrkohet t\u00eb krijoni nj\u00eb llogari p\u00ebrdoruesi, at\u00ebher\u00eb ju lutemi vini re se jeni p\u00ebrgjegj\u00ebs p\u00ebr mbajtjen konfidenciale t\u00eb fjal\u00ebkalimit dhe t\u00eb dh\u00ebnave t\u00eb p\u00ebrdoruesit. Ne kurr\u00eb nuk do t&#039;ju k\u00ebrkojm\u00eb fjal\u00ebkalimin tuaj, k\u00ebshtu q\u00eb ju lutemi mos i besoni askujt q\u00eb ju k\u00ebrkon at\u00eb.<\/p>\n<h4>Gjetja e t\u00eb dh\u00ebnave<\/h4>\n<p>Ne p\u00ebrdorim pal\u00eb t\u00eb treta t\u00eb ndryshme <a href=\"https:\/\/en.wikipedia.org\/wiki\/Application_programming_interface\" target=\"_blank\" rel=\"noopener noreferrer\">API-t\u00eb<\/a> n\u00eb k\u00ebt\u00eb faqe interneti p\u00ebr t\u00eb kryer disa detyra. P\u00ebr shembull, ne p\u00ebrdorim MailChimp API p\u00ebr t\u00eb p\u00ebrpunuar abonimet n\u00eb list\u00ebn e postimeve.<\/p>\n<h4>P\u00ebrdit\u00ebsimet e k\u00ebsaj politike<\/h4>\n<p>Ne mund ta p\u00ebrdit\u00ebsojm\u00eb k\u00ebt\u00eb politik\u00eb t\u00eb privat\u00ebsis\u00eb her\u00eb pas here, ve\u00e7an\u00ebrisht kur teknologjia ndryshon. Gjithmon\u00eb mund ta kontrolloni k\u00ebt\u00eb faqe p\u00ebr versionin m\u00eb t\u00eb fundit. Ne gjithashtu mund t&#039;ju njoftojm\u00eb p\u00ebr ndryshimet n\u00eb politik\u00ebn ton\u00eb t\u00eb privat\u00ebsis\u00eb me email.<\/p>\n<h4>Duke na kontaktuar<\/h4>\n<p>N\u00ebse ka ndonj\u00eb pyetje n\u00eb lidhje me k\u00ebt\u00eb politik\u00eb t\u00eb privat\u00ebsis\u00eb, ju lutemi <a href=\"https:\/\/family.fit\/sq\/contact\/\">na kontaktoni<\/a>.<\/p>","protected":false},"excerpt":{"rendered":"<p>Privacy matters, but it can be confusing. This page explains our approach to privacy and how it affects you. Short version We collect anonymous statistics about your visit, like which of our pages you viewed. Some third parties like Facebook may know you visited this website, if you use their services. We can\u2019t control them&hellip;<\/p>","protected":false},"author":1,"featured_media":0,"parent":0,"menu_order":0,"comment_status":"closed","ping_status":"open","template":"","meta":{"_acf_changed":false,"_seopress_robots_primary_cat":"","_seopress_titles_title":"","_seopress_titles_desc":"","_seopress_robots_index":"","footnotes":""},"ff_language":[],"class_list":["post-3","page","type-page","status-publish","hentry"],"acf":[],"_links":{"self":[{"href":"https:\/\/family.fit\/sq\/wp-json\/wp\/v2\/pages\/3","targetHints":{"allow":["GET"]}}],"collection":[{"href":"https:\/\/family.fit\/sq\/wp-json\/wp\/v2\/pages"}],"about":[{"href":"https:\/\/family.fit\/sq\/wp-json\/wp\/v2\/types\/page"}],"author":[{"embeddable":true,"href":"https:\/\/family.fit\/sq\/wp-json\/wp\/v2\/users\/1"}],"replies":[{"embeddable":true,"href":"https:\/\/family.fit\/sq\/wp-json\/wp\/v2\/comments?post=3"}],"version-history":[{"count":0,"href":"https:\/\/family.fit\/sq\/wp-json\/wp\/v2\/pages\/3\/revisions"}],"wp:attachment":[{"href":"https:\/\/family.fit\/sq\/wp-json\/wp\/v2\/media?parent=3"}],"wp:term":[{"taxonomy":"ff_language","embeddable":true,"href":"https:\/\/family.fit\/sq\/wp-json\/wp\/v2\/ff_language?post=3"}],"curies":[{"name":"wp","href":"https:\/\/api.w.org\/{rel}","templated":true}]}}