{"id":3322,"date":"2021-03-16T17:26:39","date_gmt":"2021-03-16T17:26:39","guid":{"rendered":"https:\/\/family.fit\/?page_id=3322"},"modified":"2023-04-04T21:12:36","modified_gmt":"2023-04-04T21:12:36","slug":"home","status":"publish","type":"page","link":"https:\/\/family.fit\/sq\/","title":{"rendered":"Sht\u00ebpi"},"content":{"rendered":"<p>Ndihmoni familjen tuaj t\u00eb jet\u00eb e aft\u00eb dhe e sh\u00ebndetshme, t\u00eb q\u00ebndroj\u00eb e lidhur dhe t\u00eb rritet n\u00eb karakter.<\/p>\n\t<p>Family.fit \u00ebsht\u00eb nj\u00eb program p\u00ebr t\u00eb gjitha moshat q\u00eb \u00ebsht\u00eb i p\u00ebrshtatsh\u00ebm n\u00eb m\u00ebnyr\u00eb ideale p\u00ebr t\u00eb ndihmuar familjen tuaj t\u00eb rriten s\u00eb bashku me besim dhe palest\u00ebr. Secila sesion \u00ebsht\u00eb n\u00eb dispozicion n\u00eb faqen e internetit dhe si nj\u00eb PDF i shkarkuesh\u00ebm. Ne kemi mbi <a href=\"https:\/\/family.fit\/en\/document-library\/\">1500 seanca<\/a> n\u00eb dispozicion n\u00eb t\u00eb gjith\u00eb <a href=\"https:\/\/family.fit\/en\/translations\/\">21 gjuh\u00eb<\/a>.<\/p>\n<p>Ju dhe familja juaj mund t&#039;i p\u00ebrdorni k\u00ebto seanca p\u00ebr t&#039;u lidhur n\u00eb m\u00ebnyra arg\u00ebtuese dhe p\u00ebr t\u00eb ushtruar rregullisht n\u00eb sht\u00ebpin\u00eb tuaj, apartament ose park lokal. Me pak krijimtari, t\u00eb gjith\u00eb mund t\u00eb jen\u00eb t\u00eb aft\u00eb dhe t\u00eb sh\u00ebndetsh\u00ebm, t\u00eb q\u00ebndrojn\u00eb t\u00eb lidhur dhe t\u00eb rriten n\u00eb karakter dhe besim.<\/p>\n<h2>\n\t\t\u00c7far\u00eb \u00ebsht\u00eb familja.p\u00ebrshtatet? Shiko kete!\n\t<\/h2>\n\t<iframe allowfullscreen allow=\"autoplay\" data-src=\"https:\/\/www.youtube.com\/embed\/jujW3P-yEAM?feature=oembed&amp;start&amp;end&amp;wmode=opaque&amp;loop=0&amp;controls=1&amp;mute=0&amp;rel=0&amp;modestbranding=1\"><\/iframe>\t\t\n\t\t\t\t\tLuaj Video\n\t\t\t\t\t\t<a href=\"https:\/\/family.fit\/en\/full\/\" target=\"_self\" rel=\"noopener\">\n\t\t\t\t\t\t\t\t<h2>FamilyFit Full<\/h2>\n\t\t\t\t\t\t\t\t\t<p>D\u00ebshironi p\u00ebrvoj\u00ebn e plot\u00eb?<\/p>\n\t\t\t\t\t\t\t\t\t\t<\/a>\n\t\t\t\t\t\t<a href=\"https:\/\/family.fit\/en\/fast\/\" target=\"_self\" rel=\"noopener\">\n\t\t\t\t\t\t\t\t<h2>FamilyFit Fast<\/h2>\n\t\t\t\t\t\t\t\t\t<p>Shkurt n\u00eb koh\u00eb?<\/p>\n\t\t\t\t\t\t\t\t\t\t<\/a>\n\t\t\t\t\t\t<a href=\"https:\/\/family.fit\/en\/prayerfit\/\" target=\"_self\" rel=\"noopener\">\n\t\t\t\t\t\t\t\t<h2>PrayerFit<\/h2>\n\t\t\t\t\t\t\t\t\t<p>Bashkoju lutjes me programin t\u00ebnd t\u00eb fitnesit!<\/p>\n\t\t\t\t\t\t\t\t\t\t<\/a>\n\t\t\t\t\t\t<a href=\"https:\/\/family.fit\/en\/build-your-own\/\" target=\"_self\" rel=\"noopener\">\n\t\t\t\t\t\t\t\t<h2>Nd\u00ebrtoni tuajin<\/h2>\n\t\t\t\t\t\t\t\t\t<p>Ndiheni krijues?<\/p>\n\t\t\t\t\t\t\t\t\t\t<\/a>\n\t\t\t\t\t\t<a href=\"https:\/\/family.fit\/en\/youversion\/\" target=\"_self\" rel=\"noopener\">\n\t\t\t\t\t\t\t\t<h2>JuVersion<\/h2>\n\t\t\t\t\t\t\t\t\t<p>E p\u00ebrdorni tashm\u00eb aplikacionin e Bibl\u00ebs?<\/p>\n\t\t\t\t\t\t\t\t\t\t<\/a>\n\t\t\t\t\t\t<a href=\"https:\/\/family.fit\/en\/training\/\" target=\"_self\" rel=\"noopener\">\n\t\t\t\t\t\t\t\t<h2>Trajnim FamilyFit<\/h2>\n\t\t\t\t\t\t\t\t\t<p>Burimet e trajnimit p\u00ebr FamilyFit<\/p>\n\t\t\t\t\t\t\t\t\t\t<\/a>","protected":false},"excerpt":{"rendered":"<p>Ndihmojeni familjen tuaj t\u00eb jet\u00eb n\u00eb form\u00eb dhe t\u00eb sh\u00ebndetshme, t\u00eb q\u00ebndroni t\u00eb lidhur dhe t\u00eb rritet n\u00eb karakter. Family.fit \u00ebsht\u00eb nj\u00eb program p\u00ebr t\u00eb gjitha moshat q\u00eb \u00ebsht\u00eb i p\u00ebrshtatsh\u00ebm n\u00eb m\u00ebnyr\u00eb ideale p\u00ebr t\u00eb ndihmuar familjen tuaj t\u00eb rritet s\u00eb bashku n\u00eb besim dhe palest\u00ebr. \u00c7do sesion \u00ebsht\u00eb i disponuesh\u00ebm si n\u00eb faqen e internetit ashtu edhe si nj\u00eb PDF e shkarkueshme. Ne kemi mbi 1500 seanca t\u00eb disponueshme n\u00eb 21 gjuh\u00eb.\u2026<\/p>","protected":false},"author":1,"featured_media":0,"parent":0,"menu_order":0,"comment_status":"closed","ping_status":"closed","template":"","meta":{"_acf_changed":false,"_seopress_robots_primary_cat":"","_seopress_titles_title":"","_seopress_titles_desc":"","_seopress_robots_index":"","footnotes":""},"ff_language":[],"class_list":["post-3322","page","type-page","status-publish","hentry"],"acf":[],"_links":{"self":[{"href":"https:\/\/family.fit\/sq\/wp-json\/wp\/v2\/pages\/3322","targetHints":{"allow":["GET"]}}],"collection":[{"href":"https:\/\/family.fit\/sq\/wp-json\/wp\/v2\/pages"}],"about":[{"href":"https:\/\/family.fit\/sq\/wp-json\/wp\/v2\/types\/page"}],"author":[{"embeddable":true,"href":"https:\/\/family.fit\/sq\/wp-json\/wp\/v2\/users\/1"}],"replies":[{"embeddable":true,"href":"https:\/\/family.fit\/sq\/wp-json\/wp\/v2\/comments?post=3322"}],"version-history":[{"count":29,"href":"https:\/\/family.fit\/sq\/wp-json\/wp\/v2\/pages\/3322\/revisions"}],"predecessor-version":[{"id":8465,"href":"https:\/\/family.fit\/sq\/wp-json\/wp\/v2\/pages\/3322\/revisions\/8465"}],"wp:attachment":[{"href":"https:\/\/family.fit\/sq\/wp-json\/wp\/v2\/media?parent=3322"}],"wp:term":[{"taxonomy":"ff_language","embeddable":true,"href":"https:\/\/family.fit\/sq\/wp-json\/wp\/v2\/ff_language?post=3322"}],"curies":[{"name":"wp","href":"https:\/\/api.w.org\/{rel}","templated":true}]}}