{"id":3655,"date":"2021-03-19T16:25:45","date_gmt":"2021-03-19T16:25:45","guid":{"rendered":"https:\/\/family.fit\/?page_id=3655"},"modified":"2021-03-19T17:30:57","modified_gmt":"2021-03-19T17:30:57","slug":"formats","status":"publish","type":"page","link":"https:\/\/family.fit\/sq\/formats\/","title":{"rendered":"Formatet"},"content":{"rendered":"<h1>\n\t<\/h1>\n\t<p>Sesionet Family.fit jan\u00eb n\u00eb dispozicion n\u00eb disa formate t\u00eb ndryshme. Ju mund t\u00eb p\u00ebrdorni sesionet e disponueshme n\u00eb secilin format t\u00eb ndrysh\u00ebm p\u00ebrmes lidhjeve m\u00eb posht\u00eb.<\/p>\n\t\t\t<a href=\"https:\/\/family.fit\/en\/full\/\" target=\"_self\" role=\"button\" rel=\"noopener\">\n\t\t\t\t\t\t\tI PLOT\n\t\t\t\t\t<\/a>\n\t\t\t<a href=\"https:\/\/family.fit\/en\/fast\/\" target=\"_self\" role=\"button\" rel=\"noopener\">\n\t\t\t\t\t\t\tSHPEJTUR\n\t\t\t\t\t<\/a>\n\t\t\t<a href=\"https:\/\/family.fit\/en\/build-your-own\/\" target=\"_self\" role=\"button\" rel=\"noopener\">\n\t\t\t\t\t\t\tNd\u00ebrtoni tuajin\n\t\t\t\t\t<\/a>\n\t\t\t<a href=\"https:\/\/family.fit\/en\/youversion\/\" target=\"_self\" role=\"button\" rel=\"noopener\">\n\t\t\t\t\t\t\tAplikacioni Biblik YouVersion\n\t\t\t\t\t<\/a>","protected":false},"excerpt":{"rendered":"<p>Seancat Family.fit ofrohen n\u00eb disa formate t\u00eb ndryshme. Ju mund t\u00eb p\u00ebrdorni sesionet e disponueshme n\u00eb secilin format t\u00eb ndrysh\u00ebm n\u00ebp\u00ebrmjet lidhjeve m\u00eb posht\u00eb. PLOT\u00cb SHPEJT\u00cb Nd\u00ebrtoni aplikacionin tuaj t\u00eb Bibl\u00ebs YouVersion<\/p>","protected":false},"author":1,"featured_media":0,"parent":0,"menu_order":0,"comment_status":"closed","ping_status":"closed","template":"","meta":{"_acf_changed":false,"_seopress_robots_primary_cat":"","_seopress_titles_title":"","_seopress_titles_desc":"","_seopress_robots_index":"","footnotes":""},"ff_language":[],"class_list":["post-3655","page","type-page","status-publish","hentry"],"acf":[],"_links":{"self":[{"href":"https:\/\/family.fit\/sq\/wp-json\/wp\/v2\/pages\/3655","targetHints":{"allow":["GET"]}}],"collection":[{"href":"https:\/\/family.fit\/sq\/wp-json\/wp\/v2\/pages"}],"about":[{"href":"https:\/\/family.fit\/sq\/wp-json\/wp\/v2\/types\/page"}],"author":[{"embeddable":true,"href":"https:\/\/family.fit\/sq\/wp-json\/wp\/v2\/users\/1"}],"replies":[{"embeddable":true,"href":"https:\/\/family.fit\/sq\/wp-json\/wp\/v2\/comments?post=3655"}],"version-history":[{"count":0,"href":"https:\/\/family.fit\/sq\/wp-json\/wp\/v2\/pages\/3655\/revisions"}],"wp:attachment":[{"href":"https:\/\/family.fit\/sq\/wp-json\/wp\/v2\/media?parent=3655"}],"wp:term":[{"taxonomy":"ff_language","embeddable":true,"href":"https:\/\/family.fit\/sq\/wp-json\/wp\/v2\/ff_language?post=3655"}],"curies":[{"name":"wp","href":"https:\/\/api.w.org\/{rel}","templated":true}]}}