{"id":377,"date":"2020-03-30T14:52:33","date_gmt":"2020-03-30T14:52:33","guid":{"rendered":"https:\/\/family.fit\/?page_id=377"},"modified":"2020-05-19T10:29:10","modified_gmt":"2020-05-19T10:29:10","slug":"terms-and-conditions","status":"publish","type":"page","link":"https:\/\/family.fit\/sq\/terms-and-conditions\/","title":{"rendered":"Termat dhe Kushtet"},"content":{"rendered":"<h1>\n\t<\/h1>\n\t<p>K\u00ebto terma dhe kushte rregullojn\u00eb p\u00ebrdorimin tuaj t\u00eb k\u00ebsaj faqe n\u00eb internet nga ju dhe t\u00eb gjith\u00eb ata q\u00eb ushtrojn\u00eb me ju. Ju lutemi sigurohuni q\u00eb ju dhe t\u00eb gjith\u00eb ata q\u00eb ushtrojn\u00eb me ju t&#039;i pranoni plot\u00ebsisht k\u00ebto terma dhe kushte. N\u00ebse nuk jeni dakord me k\u00ebto terma dhe kushte ose ndonj\u00eb pjes\u00eb t\u00eb k\u00ebtyre termave dhe kushteve, nuk duhet t\u00eb p\u00ebrdorni k\u00ebt\u00eb faqe n\u00eb internet.<\/p>\n<p>Duke p\u00ebrdorur k\u00ebt\u00eb faqe n\u00eb internet, ose ndonj\u00eb nga ushtrimet, programet, sh\u00ebrbimet ose produktet e arritura p\u00ebrmes saj, ju n\u00ebnkuptoni n\u00ebnkuptimin e marr\u00ebveshjes tuaj n\u00eb t\u00eb gjitha pjes\u00ebt e mohimit t\u00eb m\u00ebposht\u00ebm.<\/p>\n<p>Family.Fit do t\u00eb thot\u00eb faqja e internetit e Family.Fit n\u00eb <a href=\"https:\/\/family.fit\/sq\/\">Familja. P\u00ebrshtatet<\/a>, s\u00eb bashku me ndonj\u00eb nga ushtrimet, programet, sh\u00ebrbimet dhe \/ ose produktet e arritshme p\u00ebrmes tij, duke p\u00ebrfshir\u00eb por jo kufizuar n\u00eb shkarkime dhe video shoq\u00ebruese t\u00eb YouTube n\u00eb Familjen ton\u00eb. <a href=\"https:\/\/www.youtube.com\/channel\/UCv4dN6VavUWSVqb_WdoMzpw\" target=\"_blank\" rel=\"noopener noreferrer\">Kanali YouTube<\/a>.<\/p>\n<p>\u201c<strong>Ne<\/strong>&quot;Ose&quot;<strong>Ne<\/strong>\u201dI referohet zhvilluesve dhe kontribuesve t\u00eb Family.Fit dhe pronar\u00ebve, operator\u00ebve dhe regjistruesit t\u00eb faqes n\u00eb internet t\u00eb Family.Fit.<\/p>\n<p>I gjith\u00eb ushtrimi p\u00ebrfshin rrezik. Duke p\u00ebrdorur ose marr\u00eb pjes\u00eb n\u00eb Family.Fit ju pranoni q\u00eb Family.Fit \u00ebsht\u00eb krijuar pa njohuri t\u00eb situat\u00ebs tuaj personale t\u00eb sh\u00ebndetit dhe, si e till\u00eb, n\u00eb mas\u00ebn maksimale t\u00eb lejuar nga ligji, ju pranoni t\u00eb shfaj\u00ebsoni zhvilluesit dhe kontribuesit n\u00eb Family.Fit dhe pronar\u00ebt dhe operator\u00ebt e k\u00ebsaj faqe n\u00eb internet t\u00eb \u00e7do p\u00ebrgjegj\u00ebsie q\u00eb mund t\u00eb lind\u00eb nga p\u00ebrdorimi i Family.Fit.<\/p>\n<p><strong>Ne<\/strong> fuqimisht ju rekomandojm\u00eb q\u00eb t\u00eb k\u00ebshilloheni me mjekun tuaj para se t\u00eb filloni ndonj\u00eb program ushtrimi. Ju duhet t\u00eb jeni n\u00eb gjendje t\u00eb mir\u00eb fizike dhe t\u00eb jeni n\u00eb gjendje t\u00eb merrni pjes\u00eb n\u00eb ushtrim. <strong>Ne<\/strong> nuk jan\u00eb ofrues t\u00eb licencuar t\u00eb kujdesit mjek\u00ebsor dhe nuk kan\u00eb ekspertiz\u00eb n\u00eb diagnostikimin, ekzaminimin ose trajtimin e kushteve mjek\u00ebsore t\u00eb \u00e7far\u00ebdo lloji, ose n\u00eb p\u00ebrcaktimin e efektit t\u00eb ndonj\u00eb ushtrimi specifik n\u00eb nj\u00eb gjendje mjek\u00ebsore.<\/p>\n<p>Sh\u00ebndeti, forma fizike dhe suksesi i t\u00eb ushqyerit t\u00eb secilit individ varet nga prejardhja, p\u00ebrkushtimi, d\u00ebshira dhe motivimi i tij \/ saj. Rezultatet tuaja mund t\u00eb ndryshojn\u00eb dhe do t\u00eb bazohen n\u00eb shum\u00eb variabla, duke p\u00ebrfshir\u00eb por pa u kufizuar n\u00eb, gjendjen tuaj aktuale t\u00eb gjendjes fizike, kapacitetin individual, p\u00ebrvoj\u00ebn e jet\u00ebs, profilin unik sh\u00ebndet\u00ebsor dhe gjenetik, pik\u00ebnisjen, ekspertiz\u00ebn dhe nivelin e angazhimit.<\/p>\n<p>Ju duhet t\u00eb kuptoni se kur merrni pjes\u00eb n\u00eb ndonj\u00eb ushtrim ose program ushtrim, ekziston mund\u00ebsia e d\u00ebmtimit fizik. N\u00ebse merreni me k\u00ebt\u00eb ushtrim ose program ushtrimesh, ju pranoni q\u00eb ta b\u00ebni k\u00ebt\u00eb me rrezikun tuaj, duke marr\u00eb pjes\u00eb vullnetarisht n\u00eb k\u00ebto aktivitete, t\u00eb merrni p\u00ebrsip\u00ebr t\u00eb gjith\u00eb rrezikun e d\u00ebmtimit t\u00eb vetes dhe t\u00eb bini dakord t\u00eb l\u00ebshoni <strong>Ne<\/strong> nga \u00e7do dhe t\u00eb gjitha pretendimet ose shkaqet e veprimit, duke p\u00ebrfshir\u00eb neglizhenc\u00ebn, t\u00eb njohur ose t\u00eb panjohur, q\u00eb rrjedhin nga p\u00ebrdorimi i Familjes.<\/p>\n<p>Informacioni i dh\u00ebn\u00eb nuk synon t\u00eb jet\u00eb nj\u00eb z\u00ebvend\u00ebsim p\u00ebr k\u00ebshillat, diagnozat ose trajtimet mjek\u00ebsore profesionale.<\/p>\n<p>N\u00eb mas\u00ebn maksimale t\u00eb lejuar nga ligji <strong>Ne<\/strong> nuk do t\u00eb mbajn\u00eb p\u00ebrgjegj\u00ebsi n\u00eb asnj\u00eb m\u00ebnyr\u00eb p\u00ebr p\u00ebrdorimin tuaj t\u00eb informacionit q\u00eb merrni p\u00ebrmes Family.Fit. N\u00eb asnj\u00eb rast nuk do <strong>Ne<\/strong> t\u00eb jet\u00eb p\u00ebrgjegj\u00ebs ndaj \u00e7do pale p\u00ebr \u00e7do d\u00ebm t\u00eb drejtp\u00ebrdrejt\u00eb, t\u00eb t\u00ebrthort\u00eb, t\u00eb ve\u00e7ant\u00eb, t\u00eb rast\u00ebsish\u00ebm, t\u00eb drejt\u00eb ose pasoj\u00eb p\u00ebr \u00e7do p\u00ebrdorim ose mb\u00ebshtetje n\u00eb Familjen. P\u00ebrshtatja, p\u00ebrfshir\u00eb, pa kufizim, \u00e7do fitim t\u00eb humbur, nd\u00ebrprerje personale ose biznesi, d\u00ebmtime personale, aksidente, keqp\u00ebrdorime t\u00eb informacionit ose ndonj\u00eb humbje tjet\u00ebr, s\u00ebmundje, s\u00ebmundje ose v\u00ebshtir\u00ebsi, ose ndryshe, edhe n\u00ebse <strong>Ne<\/strong> k\u00ebshillohen shprehimisht p\u00ebr mund\u00ebsin\u00eb e d\u00ebmtimeve ose v\u00ebshtir\u00ebsive t\u00eb tilla.<\/p>\n<p>Family.Fit vihet n\u00eb dispozicion me kusht q\u00eb ta p\u00ebrdorni vet\u00ebm p\u00ebr p\u00ebrdorim personal, sht\u00ebpiak ose sht\u00ebpiak. <strong>Ne<\/strong> nuk jan\u00eb p\u00ebrgjegj\u00ebs p\u00ebr ndonj\u00eb humbje q\u00eb rrjedh nga ose n\u00eb lidhje me p\u00ebrdorimin e Familjes. P\u00ebrshtatet p\u00ebr q\u00ebllime biznesi, p\u00ebrve\u00e7 p\u00ebr aq sa nuk mund ta p\u00ebrjashtojm\u00eb nj\u00eb p\u00ebrgjegj\u00ebsi t\u00eb till\u00eb sipas legjislacionit, n\u00eb k\u00ebt\u00eb rast p\u00ebrgjegj\u00ebsia jon\u00eb \u00ebsht\u00eb e kufizuar n\u00eb z\u00ebvend\u00ebsimin ose rimbushjen e mallrave ose sh\u00ebrbimeve p\u00ebrkat\u00ebse, kur \u00ebsht\u00eb e drejt\u00eb dhe e arsyeshme q\u00eb ne t\u00eb mb\u00ebshtetemi n\u00eb k\u00ebt\u00eb kufizim dhe neve na lejohet t\u00eb kufizojm\u00eb p\u00ebrgjegj\u00ebsin\u00eb ton\u00eb n\u00eb k\u00ebt\u00eb m\u00ebnyr\u00eb sipas legjislacionit.<\/p>","protected":false},"excerpt":{"rendered":"<p>K\u00ebto terma dhe kushte rregullojn\u00eb p\u00ebrdorimin tuaj t\u00eb k\u00ebsaj faqe interneti nga ju dhe t\u00eb gjith\u00eb ata q\u00eb ushtrojn\u00eb me ju. Ju lutemi sigurohuni q\u00eb ju dhe t\u00eb gjith\u00eb ata q\u00eb ushtrojn\u00eb me ju t&#039;i pranoni plot\u00ebsisht k\u00ebto terma dhe kushte. N\u00ebse nuk jeni dakord me k\u00ebto terma dhe kushte ose ndonj\u00eb pjes\u00eb t\u00eb k\u00ebtyre termave dhe kushteve, nuk duhet t\u00eb p\u00ebrdorni\u2026<\/p>","protected":false},"author":1,"featured_media":0,"parent":0,"menu_order":0,"comment_status":"closed","ping_status":"closed","template":"","meta":{"_acf_changed":false,"_seopress_robots_primary_cat":"","_seopress_titles_title":"","_seopress_titles_desc":"","_seopress_robots_index":"","footnotes":""},"ff_language":[],"class_list":["post-377","page","type-page","status-publish","hentry"],"acf":[],"_links":{"self":[{"href":"https:\/\/family.fit\/sq\/wp-json\/wp\/v2\/pages\/377","targetHints":{"allow":["GET"]}}],"collection":[{"href":"https:\/\/family.fit\/sq\/wp-json\/wp\/v2\/pages"}],"about":[{"href":"https:\/\/family.fit\/sq\/wp-json\/wp\/v2\/types\/page"}],"author":[{"embeddable":true,"href":"https:\/\/family.fit\/sq\/wp-json\/wp\/v2\/users\/1"}],"replies":[{"embeddable":true,"href":"https:\/\/family.fit\/sq\/wp-json\/wp\/v2\/comments?post=377"}],"version-history":[{"count":0,"href":"https:\/\/family.fit\/sq\/wp-json\/wp\/v2\/pages\/377\/revisions"}],"wp:attachment":[{"href":"https:\/\/family.fit\/sq\/wp-json\/wp\/v2\/media?parent=377"}],"wp:term":[{"taxonomy":"ff_language","embeddable":true,"href":"https:\/\/family.fit\/sq\/wp-json\/wp\/v2\/ff_language?post=377"}],"curies":[{"name":"wp","href":"https:\/\/api.w.org\/{rel}","templated":true}]}}