{"id":473,"date":"2020-04-01T16:27:04","date_gmt":"2020-04-01T16:27:04","guid":{"rendered":"https:\/\/family.fit\/?page_id=473"},"modified":"2025-11-17T16:53:45","modified_gmt":"2025-11-17T16:53:45","slug":"translations","status":"publish","type":"page","link":"https:\/\/family.fit\/sq\/translations\/","title":{"rendered":"P\u00ebrkthime"},"content":{"rendered":"<p>Klikoni n\u00eb cilindo nga flamujt m\u00eb posht\u00eb p\u00ebr t\u00eb hyr\u00eb n\u00eb p\u00ebrkthimet (format PDF) p\u00ebr jav\u00ebt n\u00eb dispozicion.<\/p>\n\t<h4>Afrikane<\/h4>\n<h5>AF<\/h5>\n\t<ul data-height=\"175\" data-width=\"175\" data-shape=\"circle\">\n\t\t\t\t\t\t\t\t\t\t<li>\n\t\t\t\t\t\t\t\t\t\t\t\t\t\t<a target=\"\"  href=\"https:\/\/family.fit\/sq\/translations\/afrikaans\/\">\n\t\t\t\t\t\t\t\t\t\t\t<img decoding=\"async\" src=\"https:\/\/family.fit\/wp-content\/uploads\/2020\/06\/south-africa-150x150.png\" alt=\"\"\/>\t\t\t\t\n\t\t\t\t\t\t\t\t\t\t\t\t\t\t\t\t\t\t\t<h3>Afrikane<\/h3>\n\t\t\t\t\t\t\t\t\t\t\t<p>AF<\/p>\n\t\t\t\t\t\t\t\t\t\t\t\t\t\t<\/a>\n\t\t\t\t\t\t\t\t\t\t\t\t\t\t<\/li>\n\t\t\t\t\t\t\t\t\t\t\t\t\t<\/ul>\n\t<h4>Shqiptare<\/h4>\n<h5>SQ<\/h5>\n\t<ul data-height=\"175\" data-width=\"175\" data-shape=\"circle\">\n\t\t\t\t\t\t\t\t\t\t<li>\n\t\t\t\t\t\t\t\t\t\t\t\t\t\t<a target=\"\"  href=\"https:\/\/family.fit\/sq\/translations\/albanian\/\">\n\t\t\t\t\t\t\t\t\t\t\t<img decoding=\"async\" src=\"https:\/\/family.fit\/wp-content\/uploads\/2020\/04\/albania-300x300.png\" alt=\"\"\/>\t\t\t\t\n\t\t\t\t\t\t\t\t\t\t\t\t\t\t\t\t\t\t\t<h3>Shqiptare<\/h3>\n\t\t\t\t\t\t\t\t\t\t\t<p>SQ<\/p>\n\t\t\t\t\t\t\t\t\t\t\t\t\t\t<\/a>\n\t\t\t\t\t\t\t\t\t\t\t\t\t\t<\/li>\n\t\t\t\t\t\t\t\t\t\t\t\t\t<\/ul>\n\t<h4>Arabisht<\/h4>\n<h5>AR<\/h5>\n\t<ul data-height=\"175\" data-width=\"175\" data-shape=\"circle\">\n\t\t\t\t\t\t\t\t\t\t<li>\n\t\t\t\t\t\t\t\t\t\t\t\t\t\t<a target=\"\"  href=\"https:\/\/family.fit\/sq\/translations\/arabic\/\">\n\t\t\t\t\t\t\t\t\t\t\t<img decoding=\"async\" src=\"https:\/\/family.fit\/wp-content\/uploads\/2020\/08\/arabic.png\" alt=\"\"\/>\t\t\t\t\n\t\t\t\t\t\t\t\t\t\t\t\t\t\t\t\t\t\t\t<h3>Arabisht<\/h3>\n\t\t\t\t\t\t\t\t\t\t\t<p>AR<\/p>\n\t\t\t\t\t\t\t\t\t\t\t\t\t\t<\/a>\n\t\t\t\t\t\t\t\t\t\t\t\t\t\t<\/li>\n\t\t\t\t\t\t\t\t\t\t\t\t\t<\/ul>\n\t<h4>Kineze e thjeshtuar<\/h4>\n<h5>ZH<\/h5>\n\t<ul data-height=\"175\" data-width=\"175\" data-shape=\"circle\">\n\t\t\t\t\t\t\t\t\t\t<li>\n\t\t\t\t\t\t\t\t\t\t\t\t\t\t<a target=\"\"  href=\"https:\/\/family.fit\/sq\/translations\/chinese\/\">\n\t\t\t\t\t\t\t\t\t\t\t<img decoding=\"async\" src=\"https:\/\/family.fit\/wp-content\/uploads\/2020\/11\/china.png\" alt=\"\"\/>\t\t\t\t\n\t\t\t\t\t\t\t\t\t\t\t\t\t\t\t\t\t\t\t<h3>Kineze e thjeshtuar<\/h3>\n\t\t\t\t\t\t\t\t\t\t\t<p>ZH<\/p>\n\t\t\t\t\t\t\t\t\t\t\t\t\t\t<\/a>\n\t\t\t\t\t\t\t\t\t\t\t\t\t\t<\/li>\n\t\t\t\t\t\t\t\t\t\t\t\t\t<\/ul>\n\t<h4>Fr\u00ebngjisht<\/h4>\n<h5>FR<\/h5>\n\t<ul data-height=\"175\" data-width=\"175\" data-shape=\"circle\">\n\t\t\t\t\t\t\t\t\t\t<li>\n\t\t\t\t\t\t\t\t\t\t\t\t\t\t<a target=\"\"  href=\"https:\/\/family.fit\/sq\/translations\/french\/\">\n\t\t\t\t\t\t\t\t\t\t\t<img decoding=\"async\" src=\"https:\/\/family.fit\/wp-content\/uploads\/2020\/04\/france-300x300.png\" alt=\"\"\/>\t\t\t\t\n\t\t\t\t\t\t\t\t\t\t\t\t\t\t\t\t\t\t\t<h3>Fr\u00ebngjisht<\/h3>\n\t\t\t\t\t\t\t\t\t\t\t<p>FR<\/p>\n\t\t\t\t\t\t\t\t\t\t\t\t\t\t<\/a>\n\t\t\t\t\t\t\t\t\t\t\t\t\t\t<\/li>\n\t\t\t\t\t\t\t\t\t\t\t\t\t<\/ul>\n\t<h4>Fula<\/h4>\n<h5>FF<\/h5>\n\t<ul data-height=\"175\" data-width=\"175\" data-shape=\"circle\">\n\t\t\t\t\t\t\t\t\t\t<li>\n\t\t\t\t\t\t\t\t\t\t\t\t\t\t<a target=\"\"  href=\"https:\/\/family.fit\/sq\/translations\/fula\/\">\n\t\t\t\t\t\t\t\t\t\t\t<img decoding=\"async\" src=\"https:\/\/family.fit\/wp-content\/uploads\/2020\/07\/fula.png\" alt=\"\"\/>\t\t\t\t\n\t\t\t\t\t\t\t\t\t\t\t\t\t\t\t\t\t\t\t<h3>Fula<\/h3>\n\t\t\t\t\t\t\t\t\t\t\t<p>FF<\/p>\n\t\t\t\t\t\t\t\t\t\t\t\t\t\t<\/a>\n\t\t\t\t\t\t\t\t\t\t\t\t\t\t<\/li>\n\t\t\t\t\t\t\t\t\t\t\t\t\t<\/ul>\n\t<h4>Gjermanisht<\/h4>\n<h5>DE<\/h5>\n\t<ul data-height=\"175\" data-width=\"175\" data-shape=\"circle\">\n\t\t\t\t\t\t\t\t\t\t<li>\n\t\t\t\t\t\t\t\t\t\t\t\t\t\t<a target=\"\"  href=\"https:\/\/family.fit\/sq\/translations\/german\/\">\n\t\t\t\t\t\t\t\t\t\t\t<img decoding=\"async\" src=\"https:\/\/family.fit\/wp-content\/uploads\/2020\/04\/germany-300x300.png\" alt=\"\"\/>\t\t\t\t\n\t\t\t\t\t\t\t\t\t\t\t\t\t\t\t\t\t\t\t<h3>Gjermanisht<\/h3>\n\t\t\t\t\t\t\t\t\t\t\t<p>DE<\/p>\n\t\t\t\t\t\t\t\t\t\t\t\t\t\t<\/a>\n\t\t\t\t\t\t\t\t\t\t\t\t\t\t<\/li>\n\t\t\t\t\t\t\t\t\t\t\t\t\t<\/ul>\n\t<h4>Hindisht<\/h4>\n<h5>HI<\/h5>\n\t<ul data-height=\"175\" data-width=\"175\" data-shape=\"circle\">\n\t\t\t\t\t\t\t\t\t\t<li>\n\t\t\t\t\t\t\t\t\t\t\t\t\t\t<a target=\"\"  href=\"https:\/\/family.fit\/sq\/translations\/hindi\/\">\n\t\t\t\t\t\t\t\t\t\t\t<img decoding=\"async\" src=\"https:\/\/family.fit\/wp-content\/uploads\/2020\/04\/india-300x300.png\" alt=\"\"\/>\t\t\t\t\n\t\t\t\t\t\t\t\t\t\t\t\t\t\t\t\t\t\t\t<h3>Hindisht<\/h3>\n\t\t\t\t\t\t\t\t\t\t\t<p>HI<\/p>\n\t\t\t\t\t\t\t\t\t\t\t\t\t\t<\/a>\n\t\t\t\t\t\t\t\t\t\t\t\t\t\t<\/li>\n\t\t\t\t\t\t\t\t\t\t\t\t\t<\/ul>\n\t<h4>Italiane<\/h4>\n<h5>IT<\/h5>\n\t<ul data-height=\"175\" data-width=\"175\" data-shape=\"circle\">\n\t\t\t\t\t\t\t\t\t\t<li>\n\t\t\t\t\t\t\t\t\t\t\t\t\t\t<a target=\"\"  href=\"https:\/\/family.fit\/sq\/translations\/italian\/\">\n\t\t\t\t\t\t\t\t\t\t\t<img decoding=\"async\" src=\"https:\/\/family.fit\/wp-content\/uploads\/2020\/04\/italy-300x300.png\" alt=\"\"\/>\t\t\t\t\n\t\t\t\t\t\t\t\t\t\t\t\t\t\t\t\t\t\t\t<h3>Italiane<\/h3>\n\t\t\t\t\t\t\t\t\t\t\t<p>IT<\/p>\n\t\t\t\t\t\t\t\t\t\t\t\t\t\t<\/a>\n\t\t\t\t\t\t\t\t\t\t\t\t\t\t<\/li>\n\t\t\t\t\t\t\t\t\t\t\t\t\t<\/ul>\n\t<h4>Japoneze<\/h4>\n<h5>JA<\/h5>\n\t<ul data-height=\"175\" data-width=\"175\" data-shape=\"circle\">\n\t\t\t\t\t\t\t\t\t\t<li>\n\t\t\t\t\t\t\t\t\t\t\t\t\t\t<a target=\"\"  href=\"https:\/\/family.fit\/sq\/translations\/japanese\/\">\n\t\t\t\t\t\t\t\t\t\t\t<img decoding=\"async\" src=\"https:\/\/family.fit\/wp-content\/uploads\/2020\/05\/japan.png\" alt=\"\"\/>\t\t\t\t\n\t\t\t\t\t\t\t\t\t\t\t\t\t\t\t\t\t\t\t<h3>Japoneze<\/h3>\n\t\t\t\t\t\t\t\t\t\t\t<p>JA<\/p>\n\t\t\t\t\t\t\t\t\t\t\t\t\t\t<\/a>\n\t\t\t\t\t\t\t\t\t\t\t\t\t\t<\/li>\n\t\t\t\t\t\t\t\t\t\t\t\t\t<\/ul>\n\t<h4>Kanadeze<\/h4>\n<h5>KN<\/h5>\n\t<ul data-height=\"175\" data-width=\"175\" data-shape=\"circle\">\n\t\t\t\t\t\t\t\t\t\t<li>\n\t\t\t\t\t\t\t\t\t\t\t\t\t\t<a target=\"\"  href=\"https:\/\/family.fit\/sq\/translations\/kannada\/\">\n\t\t\t\t\t\t\t\t\t\t\t<img decoding=\"async\" src=\"https:\/\/family.fit\/wp-content\/uploads\/2020\/04\/india-300x300.png\" alt=\"\"\/>\t\t\t\t\n\t\t\t\t\t\t\t\t\t\t\t\t\t\t\t\t\t\t\t<h3>Kanadeze<\/h3>\n\t\t\t\t\t\t\t\t\t\t\t<p>KN<\/p>\n\t\t\t\t\t\t\t\t\t\t\t\t\t\t<\/a>\n\t\t\t\t\t\t\t\t\t\t\t\t\t\t<\/li>\n\t\t\t\t\t\t\t\t\t\t\t\t\t<\/ul>\n\t<h4>Malajalamisht<\/h4>\n<h5>ML<\/h5>\n\t<ul data-height=\"175\" data-width=\"175\" data-shape=\"circle\">\n\t\t\t\t\t\t\t\t\t\t<li>\n\t\t\t\t\t\t\t\t\t\t\t\t\t\t<a target=\"\"  href=\"https:\/\/family.fit\/sq\/translations\/malayalam\/\">\n\t\t\t\t\t\t\t\t\t\t\t<img decoding=\"async\" src=\"https:\/\/family.fit\/wp-content\/uploads\/2020\/04\/india-300x300.png\" alt=\"\"\/>\t\t\t\t\n\t\t\t\t\t\t\t\t\t\t\t\t\t\t\t\t\t\t\t<h3>Malajalamisht<\/h3>\n\t\t\t\t\t\t\t\t\t\t\t<p>ML<\/p>\n\t\t\t\t\t\t\t\t\t\t\t\t\t\t<\/a>\n\t\t\t\t\t\t\t\t\t\t\t\t\t\t<\/li>\n\t\t\t\t\t\t\t\t\t\t\t\t\t<\/ul>\n\t<h4>Maratisht<\/h4>\n<h5>ZOTI<\/h5>\n\t<ul data-height=\"175\" data-width=\"175\" data-shape=\"circle\">\n\t\t\t\t\t\t\t\t\t\t<li>\n\t\t\t\t\t\t\t\t\t\t\t\t\t\t<a target=\"\"  href=\"https:\/\/family.fit\/sq\/translations\/marathi\/\">\n\t\t\t\t\t\t\t\t\t\t\t<img decoding=\"async\" src=\"https:\/\/family.fit\/wp-content\/uploads\/2020\/04\/india-300x300.png\" alt=\"\"\/>\t\t\t\t\n\t\t\t\t\t\t\t\t\t\t\t\t\t\t\t\t\t\t\t<h3>Maratisht<\/h3>\n\t\t\t\t\t\t\t\t\t\t\t<p>ZOTI<\/p>\n\t\t\t\t\t\t\t\t\t\t\t\t\t\t<\/a>\n\t\t\t\t\t\t\t\t\t\t\t\t\t\t<\/li>\n\t\t\t\t\t\t\t\t\t\t\t\t\t<\/ul>\n\t<h4>Orije<\/h4>\n<h5>OSE<\/h5>\n\t<ul data-height=\"175\" data-width=\"175\" data-shape=\"circle\">\n\t\t\t\t\t\t\t\t\t\t<li>\n\t\t\t\t\t\t\t\t\t\t\t\t\t\t<a target=\"\"  href=\"https:\/\/family.fit\/sq\/translations\/oriya\/\">\n\t\t\t\t\t\t\t\t\t\t\t<img decoding=\"async\" src=\"https:\/\/family.fit\/wp-content\/uploads\/2020\/04\/india-300x300.png\" alt=\"\"\/>\t\t\t\t\n\t\t\t\t\t\t\t\t\t\t\t\t\t\t\t\t\t\t\t<h3>Orije<\/h3>\n\t\t\t\t\t\t\t\t\t\t\t<p>OSE<\/p>\n\t\t\t\t\t\t\t\t\t\t\t\t\t\t<\/a>\n\t\t\t\t\t\t\t\t\t\t\t\t\t\t<\/li>\n\t\t\t\t\t\t\t\t\t\t\t\t\t<\/ul>\n\t<h4>Portugeze (braziliane)<\/h4>\n<h5>PT-BR<\/h5>\n\t<ul data-height=\"175\" data-width=\"175\" data-shape=\"circle\">\n\t\t\t\t\t\t\t\t\t\t<li>\n\t\t\t\t\t\t\t\t\t\t\t\t\t\t<a target=\"\"  href=\"https:\/\/family.fit\/sq\/translations\/portuguese-brazilian\/\">\n\t\t\t\t\t\t\t\t\t\t\t<img decoding=\"async\" src=\"https:\/\/family.fit\/wp-content\/uploads\/2020\/04\/brazil-300x300.png\" alt=\"\"\/>\t\t\t\t\n\t\t\t\t\t\t\t\t\t\t\t\t\t\t\t\t\t\t\t<h4>Portugeze (Brazil)<\/h4>\n\t\t\t\t\t\t\t\t\t\t\t<p>PT-BR<\/p>\n\t\t\t\t\t\t\t\t\t\t\t\t\t\t<\/a>\n\t\t\t\t\t\t\t\t\t\t\t\t\t\t<\/li>\n\t\t\t\t\t\t\t\t\t\t\t\t\t<\/ul>\n\t<h4>Portugeze (Portugali)<\/h4>\n<h5>PT-PT<\/h5>\n\t<ul data-height=\"175\" data-width=\"175\" data-shape=\"circle\">\n\t\t\t\t\t\t\t\t\t\t<li>\n\t\t\t\t\t\t\t\t\t\t\t\t\t\t<a target=\"\"  href=\"https:\/\/family.fit\/sq\/translations\/portuguese-portugal\/\">\n\t\t\t\t\t\t\t\t\t\t\t<img decoding=\"async\" src=\"https:\/\/family.fit\/wp-content\/uploads\/2020\/04\/portugal.png\" alt=\"\"\/>\t\t\t\t\n\t\t\t\t\t\t\t\t\t\t\t\t\t\t\t\t\t\t\t<h3>Portugeze (Portugali)<\/h3>\n\t\t\t\t\t\t\t\t\t\t\t<p>PT-PT<\/p>\n\t\t\t\t\t\t\t\t\t\t\t\t\t\t<\/a>\n\t\t\t\t\t\t\t\t\t\t\t\t\t\t<\/li>\n\t\t\t\t\t\t\t\t\t\t\t\t\t<\/ul>\n\t<h4>Rusisht<\/h4>\n<h5>RU<\/h5>\n\t<ul data-height=\"175\" data-width=\"175\" data-shape=\"circle\">\n\t\t\t\t\t\t\t\t\t\t<li>\n\t\t\t\t\t\t\t\t\t\t\t\t\t\t<a target=\"\"  href=\"https:\/\/family.fit\/sq\/translations\/russian\/\">\n\t\t\t\t\t\t\t\t\t\t\t<img decoding=\"async\" src=\"https:\/\/family.fit\/wp-content\/uploads\/2020\/05\/russia.png\" alt=\"\"\/>\t\t\t\t\n\t\t\t\t\t\t\t\t\t\t\t\t\t\t\t\t\t\t\t<h3>Rusisht<\/h3>\n\t\t\t\t\t\t\t\t\t\t\t<p>RU<\/p>\n\t\t\t\t\t\t\t\t\t\t\t\t\t\t<\/a>\n\t\t\t\t\t\t\t\t\t\t\t\t\t\t<\/li>\n\t\t\t\t\t\t\t\t\t\t\t\t\t<\/ul>\n\t<h4>Serbe<\/h4>\n<h5>SR<\/h5>\n\t<ul data-height=\"175\" data-width=\"175\" data-shape=\"circle\">\n\t\t\t\t\t\t\t\t\t\t<li>\n\t\t\t\t\t\t\t\t\t\t\t\t\t\t<a target=\"\"  href=\"https:\/\/family.fit\/sq\/translations\/serbian\/\">\n\t\t\t\t\t\t\t\t\t\t\t<img decoding=\"async\" src=\"https:\/\/family.fit\/wp-content\/uploads\/2020\/05\/serbia.png\" alt=\"\"\/>\t\t\t\t\n\t\t\t\t\t\t\t\t\t\t\t\t\t\t\t\t\t\t\t<h3>Serbe<\/h3>\n\t\t\t\t\t\t\t\t\t\t\t<p>SR<\/p>\n\t\t\t\t\t\t\t\t\t\t\t\t\t\t<\/a>\n\t\t\t\t\t\t\t\t\t\t\t\t\t\t<\/li>\n\t\t\t\t\t\t\t\t\t\t\t\t\t<\/ul>\n\t<h4>Spanjisht<\/h4>\n<h5>ES<\/h5>\n\t<ul data-height=\"175\" data-width=\"175\" data-shape=\"circle\">\n\t\t\t\t\t\t\t\t\t\t<li>\n\t\t\t\t\t\t\t\t\t\t\t\t\t\t<a target=\"\"  href=\"https:\/\/family.fit\/sq\/translations\/spanish\/\">\n\t\t\t\t\t\t\t\t\t\t\t<img decoding=\"async\" src=\"https:\/\/family.fit\/wp-content\/uploads\/2020\/04\/spain-300x300.png\" alt=\"\"\/>\t\t\t\t\n\t\t\t\t\t\t\t\t\t\t\t\t\t\t\t\t\t\t\t<h3>Spanjisht<\/h3>\n\t\t\t\t\t\t\t\t\t\t\t<p>ES<\/p>\n\t\t\t\t\t\t\t\t\t\t\t\t\t\t<\/a>\n\t\t\t\t\t\t\t\t\t\t\t\t\t\t<\/li>\n\t\t\t\t\t\t\t\t\t\t\t\t\t<\/ul>\n\t<h4>Suedeze<\/h4>\n<h5>SV<\/h5>\n\t<ul data-height=\"175\" data-width=\"175\" data-shape=\"circle\">\n\t\t\t\t\t\t\t\t\t\t<li>\n\t\t\t\t\t\t\t\t\t\t\t\t\t\t<a target=\"\"  href=\"https:\/\/family.fit\/sq\/translations\/swedish\/\">\n\t\t\t\t\t\t\t\t\t\t\t<img decoding=\"async\" src=\"https:\/\/family.fit\/wp-content\/uploads\/2020\/04\/sweden.png\" alt=\"\"\/>\t\t\t\t\n\t\t\t\t\t\t\t\t\t\t\t\t\t\t\t\t\t\t\t<h3>Suedeze<\/h3>\n\t\t\t\t\t\t\t\t\t\t\t<p>SV<\/p>\n\t\t\t\t\t\t\t\t\t\t\t\t\t\t<\/a>\n\t\t\t\t\t\t\t\t\t\t\t\t\t\t<\/li>\n\t\t\t\t\t\t\t\t\t\t\t\t\t<\/ul>\n\t<h4>Tagalogisht \/ Filipine<\/h4>\n<h5>TL<\/h5>\n\t<ul data-height=\"175\" data-width=\"175\" data-shape=\"circle\">\n\t\t\t\t\t\t\t\t\t\t<li>\n\t\t\t\t\t\t\t\t\t\t\t\t\t\t<a target=\"\"  href=\"https:\/\/family.fit\/sq\/translations\/tagalog\/\">\n\t\t\t\t\t\t\t\t\t\t\t<img decoding=\"async\" src=\"https:\/\/family.fit\/wp-content\/uploads\/2020\/04\/philippines-300x300.png\" alt=\"\"\/>\t\t\t\t\n\t\t\t\t\t\t\t\t\t\t\t\t\t\t\t\t\t\t\t<h3>Tagalogisht<\/h3>\n\t\t\t\t\t\t\t\t\t\t\t<p>TL<\/p>\n\t\t\t\t\t\t\t\t\t\t\t\t\t\t<\/a>\n\t\t\t\t\t\t\t\t\t\t\t\t\t\t<\/li>\n\t\t\t\t\t\t\t\t\t\t\t\t\t<\/ul>\n\t<h4>Tamilisht<\/h4>\n<h5>TA<\/h5>\n\t<ul data-height=\"175\" data-width=\"175\" data-shape=\"circle\">\n\t\t\t\t\t\t\t\t\t\t<li>\n\t\t\t\t\t\t\t\t\t\t\t\t\t\t<a target=\"\"  href=\"https:\/\/family.fit\/sq\/translations\/tamil\/\">\n\t\t\t\t\t\t\t\t\t\t\t<img decoding=\"async\" src=\"https:\/\/family.fit\/wp-content\/uploads\/2020\/04\/india-300x300.png\" alt=\"\"\/>\t\t\t\t\n\t\t\t\t\t\t\t\t\t\t\t\t\t\t\t\t\t\t\t<h3>Tamilisht<\/h3>\n\t\t\t\t\t\t\t\t\t\t\t<p>TA<\/p>\n\t\t\t\t\t\t\t\t\t\t\t\t\t\t<\/a>\n\t\t\t\t\t\t\t\t\t\t\t\t\t\t<\/li>\n\t\t\t\t\t\t\t\t\t\t\t\t\t<\/ul>\n\t<h4>Teluge<\/h4>\n<h5>TE<\/h5>\n\t<ul data-height=\"175\" data-width=\"175\" data-shape=\"circle\">\n\t\t\t\t\t\t\t\t\t\t<li>\n\t\t\t\t\t\t\t\t\t\t\t\t\t\t<a target=\"\"  href=\"https:\/\/family.fit\/sq\/translations\/telugu\/\">\n\t\t\t\t\t\t\t\t\t\t\t<img decoding=\"async\" src=\"https:\/\/family.fit\/wp-content\/uploads\/2020\/04\/india-300x300.png\" alt=\"\"\/>\t\t\t\t\n\t\t\t\t\t\t\t\t\t\t\t\t\t\t\t\t\t\t\t<h3>Teluge<\/h3>\n\t\t\t\t\t\t\t\t\t\t\t<p>TE<\/p>\n\t\t\t\t\t\t\t\t\t\t\t\t\t\t<\/a>\n\t\t\t\t\t\t\t\t\t\t\t\t\t\t<\/li>\n\t\t\t\t\t\t\t\t\t\t\t\t\t<\/ul>\n\t<h4>ukrainase<\/h4>\n<h5>MB<\/h5>\n\t<ul data-height=\"175\" data-width=\"175\" data-shape=\"circle\">\n\t\t\t\t\t\t\t\t\t\t<li>\n\t\t\t\t\t\t\t\t\t\t\t\t\t\t<a target=\"\"  href=\"https:\/\/family.fit\/sq\/translations\/ukrainian\/\">\n\t\t\t\t\t\t\t\t\t\t\t<img decoding=\"async\" src=\"https:\/\/family.fit\/wp-content\/uploads\/2022\/03\/ukraine-150x150.png\" alt=\"\"\/>\t\t\t\t\n\t\t\t\t\t\t\t\t\t\t\t\t\t\t\t\t\t\t\t<h3>ukrainase<\/h3>\n\t\t\t\t\t\t\t\t\t\t\t<p>MB<\/p>\n\t\t\t\t\t\t\t\t\t\t\t\t\t\t<\/a>\n\t\t\t\t\t\t\t\t\t\t\t\t\t\t<\/li>\n\t\t\t\t\t\t\t\t\t\t\t\t\t<\/ul>\n\t<h4>Urdu<\/h4>\n<h5>UR<\/h5>\n\t<ul data-height=\"175\" data-width=\"175\" data-shape=\"circle\">\n\t\t\t\t\t\t\t\t\t\t<li>\n\t\t\t\t\t\t\t\t\t\t\t\t\t\t<a target=\"\"  href=\"https:\/\/family.fit\/sq\/translations\/urdu\/\">\n\t\t\t\t\t\t\t\t\t\t\t<img decoding=\"async\" src=\"https:\/\/family.fit\/wp-content\/uploads\/2020\/04\/pakistan-300x300.png\" alt=\"\"\/>\t\t\t\t\n\t\t\t\t\t\t\t\t\t\t\t\t\t\t\t\t\t\t\t<h3>Urdu<\/h3>\n\t\t\t\t\t\t\t\t\t\t\t<p>UR<\/p>\n\t\t\t\t\t\t\t\t\t\t\t\t\t\t<\/a>\n\t\t\t\t\t\t\t\t\t\t\t\t\t\t<\/li>\n\t\t\t\t\t\t\t\t\t\t\t\t\t<\/ul>","protected":false},"excerpt":{"rendered":"<p>Klikoni n\u00eb cilindo nga flamujt m\u00eb posht\u00eb p\u00ebr t\u00eb aksesuar p\u00ebrkthimet (format PDF) p\u00ebr jav\u00ebt e disponueshme. Afrikanisht AF Afrikane AF Shqip SQ Shqip SQ Arabisht AR Arabisht AR Kineze e thjeshtuar ZH Kineze e thjeshtuar ZH Frengjisht FR Frengjisht FR Fula FF Fula FF Gjermanisht DE gjermanisht DE Hindi HI Hindi HI Italisht IT Italisht IT Japoneze JA\u2026<\/p>","protected":false},"author":1,"featured_media":0,"parent":0,"menu_order":0,"comment_status":"closed","ping_status":"closed","template":"","meta":{"_acf_changed":false,"_seopress_robots_primary_cat":"","_seopress_titles_title":"","_seopress_titles_desc":"","_seopress_robots_index":"","footnotes":""},"ff_language":[],"class_list":["post-473","page","type-page","status-publish","hentry"],"acf":[],"_links":{"self":[{"href":"https:\/\/family.fit\/sq\/wp-json\/wp\/v2\/pages\/473","targetHints":{"allow":["GET"]}}],"collection":[{"href":"https:\/\/family.fit\/sq\/wp-json\/wp\/v2\/pages"}],"about":[{"href":"https:\/\/family.fit\/sq\/wp-json\/wp\/v2\/types\/page"}],"author":[{"embeddable":true,"href":"https:\/\/family.fit\/sq\/wp-json\/wp\/v2\/users\/1"}],"replies":[{"embeddable":true,"href":"https:\/\/family.fit\/sq\/wp-json\/wp\/v2\/comments?post=473"}],"version-history":[{"count":4,"href":"https:\/\/family.fit\/sq\/wp-json\/wp\/v2\/pages\/473\/revisions"}],"predecessor-version":[{"id":8482,"href":"https:\/\/family.fit\/sq\/wp-json\/wp\/v2\/pages\/473\/revisions\/8482"}],"wp:attachment":[{"href":"https:\/\/family.fit\/sq\/wp-json\/wp\/v2\/media?parent=473"}],"wp:term":[{"taxonomy":"ff_language","embeddable":true,"href":"https:\/\/family.fit\/sq\/wp-json\/wp\/v2\/ff_language?post=473"}],"curies":[{"name":"wp","href":"https:\/\/api.w.org\/{rel}","templated":true}]}}