{"id":6435,"date":"2021-05-26T10:36:09","date_gmt":"2021-05-26T10:36:09","guid":{"rendered":"https:\/\/family.fit\/?page_id=6435"},"modified":"2021-07-05T11:18:45","modified_gmt":"2021-07-05T11:18:45","slug":"leaderboard-lunges","status":"publish","type":"page","link":"https:\/\/family.fit\/sq\/leaderboard-lunges\/","title":{"rendered":"Tabela e drejtuesve (Lunges)"},"content":{"rendered":"<img loading=\"lazy\" decoding=\"async\" src=\"https:\/\/family.fit\/wp-content\/uploads\/2021\/06\/race-image.png\" alt=\"race image\" itemprop=\"image\" height=\"247\" width=\"265\" title=\"imazhi i gar\u00ebs\" onerror=\"this.style.display='none'\"  \/>\n<h1>\n\t\tTabelat kryesore t\u00eb gar\u00ebs p\u00ebrfundimtare\n\t<\/h1>\n<h2>\n\t\tTabela e drejtuesve (Lunges)\n\t<\/h2>\n\t<p>Tabela e m\u00ebposhtme tregon si rezultatet totale p\u00ebr secilin vend p\u00ebr k\u00ebt\u00eb aktivitet, ashtu edhe mesataren (rezultati i p\u00ebrgjithsh\u00ebm i ndar\u00eb me numrin e regjistrimeve).<\/p>\n\t<div id=\"footable_parent_6339\"\n         class=\"footable_parent ninja_table_wrapper loading_ninja_table wp_table_data_press_parent semantic_ui colored_table\">\n                <table data-ninja_table_instance=\"ninja_table_instance_0\" data-footable_id=\"6339\" data-filter-delay=\"1000\" aria-label=\"Tabela e drejtuesve (Lunges)\"            id=\"footable_6339\"\n           data-unique_identifier=\"ninja_table_unique_id_538365465_6339\"\n           class=\"foo-table ninja_footable foo_table_6339 ninja_table_unique_id_538365465_6339 ui table  white nt_type_legacy_table selectable striped vertical_centered inverted footable-paging-right ninja_table_search_disabled ninja_table_pro\">\n                <colgroup>\n                            <col class=\"ninja_column_0\">\n                            <col class=\"ninja_column_1\">\n                            <col class=\"ninja_column_2\">\n                    <\/colgroup>\n        <thead>\n<tr class=\"footable-header\">\n                                                        <th scope=\"col\"  class=\"ninja_column_0 ninja_clmn_nm_country\">Vend<\/th><th scope=\"col\"  class=\"ninja_column_1 ninja_clmn_nm_total ff-separator\">Total<\/th><th scope=\"col\"  class=\"ninja_column_2 ninja_clmn_nm_average ff-separator\">Mesatare<\/th><\/tr>\n<\/thead>\n<tbody>\n\n<\/tbody><!--ninja_tobody_rendering_done-->\n    <\/table>\n    \n    \n    \n<\/div>\n\n\t<p>Klikoni butonin m\u00eb posht\u00eb p\u00ebr t\u00eb par\u00eb tabel\u00ebn e plot\u00eb t\u00eb drejtuesve n\u00eb t\u00eb gjitha aktivitetet dhe vendet.<\/p>\n\t\t\t<a href=\"https:\/\/family.fit\/en\/leaderboard-all\/\" target=\"_self\" role=\"button\" rel=\"noopener\">\n\t\t\t\t\t\t\tTabela e Plot\u00eb e Drejtuesve\n\t\t\t\t\t<\/a>","protected":false},"excerpt":{"rendered":"<p>Tabela e lider\u00ebve p\u00ebrfundimtar\u00eb t\u00eb garave (Lunges) Tabela e drejtuesve m\u00eb posht\u00eb tregon si rezultatet totale p\u00ebr secilin vend p\u00ebr k\u00ebt\u00eb aktivitet, ashtu edhe mesataren (rezultati total i ndar\u00eb me numrin e hyrjeve). Klikoni butonin m\u00eb posht\u00eb p\u00ebr t\u00eb par\u00eb tabel\u00ebn e plot\u00eb t\u00eb drejtuesve n\u00eb t\u00eb gjitha aktivitetet dhe vendet. Tabela e plot\u00eb e lider\u00ebve<\/p>","protected":false},"author":1,"featured_media":0,"parent":0,"menu_order":0,"comment_status":"closed","ping_status":"closed","template":"","meta":{"_acf_changed":false,"_seopress_robots_primary_cat":"","_seopress_titles_title":"","_seopress_titles_desc":"","_seopress_robots_index":"","footnotes":""},"ff_language":[],"class_list":["post-6435","page","type-page","status-publish","hentry"],"acf":[],"_links":{"self":[{"href":"https:\/\/family.fit\/sq\/wp-json\/wp\/v2\/pages\/6435","targetHints":{"allow":["GET"]}}],"collection":[{"href":"https:\/\/family.fit\/sq\/wp-json\/wp\/v2\/pages"}],"about":[{"href":"https:\/\/family.fit\/sq\/wp-json\/wp\/v2\/types\/page"}],"author":[{"embeddable":true,"href":"https:\/\/family.fit\/sq\/wp-json\/wp\/v2\/users\/1"}],"replies":[{"embeddable":true,"href":"https:\/\/family.fit\/sq\/wp-json\/wp\/v2\/comments?post=6435"}],"version-history":[{"count":0,"href":"https:\/\/family.fit\/sq\/wp-json\/wp\/v2\/pages\/6435\/revisions"}],"wp:attachment":[{"href":"https:\/\/family.fit\/sq\/wp-json\/wp\/v2\/media?parent=6435"}],"wp:term":[{"taxonomy":"ff_language","embeddable":true,"href":"https:\/\/family.fit\/sq\/wp-json\/wp\/v2\/ff_language?post=6435"}],"curies":[{"name":"wp","href":"https:\/\/api.w.org\/{rel}","templated":true}]}}