{"id":6453,"date":"2021-05-26T10:40:47","date_gmt":"2021-05-26T10:40:47","guid":{"rendered":"https:\/\/family.fit\/?page_id=6453"},"modified":"2021-07-20T07:42:45","modified_gmt":"2021-07-20T07:42:45","slug":"leaderboard-speed-skaters","status":"publish","type":"page","link":"https:\/\/family.fit\/sq\/leaderboard-speed-skaters\/","title":{"rendered":"Tabela e drejtuesve (Patinator\u00ebt me shpejt\u00ebsi)"},"content":{"rendered":"<h1>\n\t\tTabela e drejtuesve (Patinator\u00ebt me shpejt\u00ebsi)\n\t<\/h1>\n\t<p>Tabela e m\u00ebposhtme tregon si rezultatet totale p\u00ebr secilin vend p\u00ebr k\u00ebt\u00eb aktivitet, ashtu edhe mesataren (rezultati i p\u00ebrgjithsh\u00ebm i ndar\u00eb me numrin e regjistrimeve).<\/p>\n\t<div id=\"footable_parent_6344\"\n         class=\"footable_parent ninja_table_wrapper loading_ninja_table wp_table_data_press_parent semantic_ui colored_table\">\n                <table data-ninja_table_instance=\"ninja_table_instance_0\" data-footable_id=\"6344\" data-filter-delay=\"1000\" aria-label=\"Tabela e drejtuesve (Patinator\u00ebt me shpejt\u00ebsi)\"            id=\"footable_6344\"\n           data-unique_identifier=\"ninja_table_unique_id_1755197166_6344\"\n           class=\"foo-table ninja_footable foo_table_6344 ninja_table_unique_id_1755197166_6344 ui table  white nt_type_legacy_table selectable striped vertical_centered inverted footable-paging-right ninja_table_search_disabled ninja_table_pro\">\n                <colgroup>\n                            <col class=\"ninja_column_0\">\n                            <col class=\"ninja_column_1\">\n                            <col class=\"ninja_column_2\">\n                    <\/colgroup>\n        <thead>\n<tr class=\"footable-header\">\n                                                        <th scope=\"col\"  class=\"ninja_column_0 ninja_clmn_nm_country\">Vend<\/th><th scope=\"col\"  class=\"ninja_column_1 ninja_clmn_nm_total ff-separator\">Total<\/th><th scope=\"col\"  class=\"ninja_column_2 ninja_clmn_nm_average ff-separator\">Mesatare<\/th><\/tr>\n<\/thead>\n<tbody>\n\n<\/tbody><!--ninja_tobody_rendering_done-->\n    <\/table>\n    \n    \n    \n<\/div>\n\n\t<p>Tabela e plot\u00eb e drejtuesve n\u00eb t\u00eb gjitha vendet dhe t\u00eb gjitha aktivitetet tani q\u00ebndron si m\u00eb posht\u00eb.<\/p>\n\t<div id=\"footable_parent_6335\"\n         class=\"footable_parent ninja_table_wrapper loading_ninja_table wp_table_data_press_parent semantic_ui colored_table\">\n                <table data-ninja_table_instance=\"ninja_table_instance_1\" data-footable_id=\"6335\" data-filter-delay=\"1000\" aria-label=\"Tabela e drejtuesve (e plot\u00eb)\"            id=\"footable_6335\"\n           data-unique_identifier=\"ninja_table_unique_id_2428547769_6335\"\n           class=\"foo-table ninja_footable foo_table_6335 ninja_table_unique_id_2428547769_6335 ui table  white nt_type_legacy_table selectable striped vertical_centered inverted footable-paging-right ninja_table_search_disabled ninja_table_pro\">\n                <colgroup>\n                            <col class=\"ninja_column_0\">\n                            <col class=\"ninja_column_1\">\n                            <col class=\"ninja_column_2\">\n                    <\/colgroup>\n        <thead>\n<tr class=\"footable-header\">\n                                                        <th scope=\"col\"  class=\"ninja_column_0 ninja_clmn_nm_country\">Vend<\/th><th scope=\"col\"  class=\"ninja_column_1 ninja_clmn_nm_total ff-separator\">Total<\/th><th scope=\"col\"  class=\"ninja_column_2 ninja_clmn_nm_average ff-separator\">Mesatare<\/th><\/tr>\n<\/thead>\n<tbody>\n\n        <tr data-row_id=\"0\" class=\"ninja_table_row_0 nt_row_id_0\">\n            <td>Mbret\u00ebria e Bashkuar<\/td><td>30<\/td><td>15<\/td>        <\/tr>\n            <tr data-row_id=\"1\" class=\"ninja_table_row_1 nt_row_id_1\">\n            <td>Australi<\/td><td>189<\/td><td>47<\/td>        <\/tr>\n            <tr data-row_id=\"2\" class=\"ninja_table_row_2 nt_row_id_2\">\n            <td>Brazil<\/td><td>132<\/td><td>66<\/td>        <\/tr>\n            <tr data-row_id=\"3\" class=\"ninja_table_row_3 nt_row_id_3\">\n            <td>India<\/td><td>21<\/td><td>21<\/td>        <\/tr>\n    <\/tbody><!--ninja_tobody_rendering_done-->\n    <\/table>\n    \n    \n    \n<\/div>","protected":false},"excerpt":{"rendered":"<p>Tabela e lider\u00ebve (patinator\u00eb me shpejt\u00ebsi) Tabela e drejtuesve m\u00eb posht\u00eb tregon si rezultatet totale p\u00ebr secilin vend p\u00ebr k\u00ebt\u00eb aktivitet, ashtu edhe mesataren (rezultati total i ndar\u00eb me numrin e hyrjeve). Tabela e plot\u00eb e drejtuesve n\u00eb t\u00eb gjitha vendet dhe t\u00eb gjitha aktivitetet tani q\u00ebndron si m\u00eb posht\u00eb.<\/p>","protected":false},"author":1,"featured_media":0,"parent":0,"menu_order":0,"comment_status":"closed","ping_status":"closed","template":"","meta":{"_acf_changed":false,"_seopress_robots_primary_cat":"","_seopress_titles_title":"","_seopress_titles_desc":"","_seopress_robots_index":"","footnotes":""},"ff_language":[],"class_list":["post-6453","page","type-page","status-publish","hentry"],"acf":[],"_links":{"self":[{"href":"https:\/\/family.fit\/sq\/wp-json\/wp\/v2\/pages\/6453","targetHints":{"allow":["GET"]}}],"collection":[{"href":"https:\/\/family.fit\/sq\/wp-json\/wp\/v2\/pages"}],"about":[{"href":"https:\/\/family.fit\/sq\/wp-json\/wp\/v2\/types\/page"}],"author":[{"embeddable":true,"href":"https:\/\/family.fit\/sq\/wp-json\/wp\/v2\/users\/1"}],"replies":[{"embeddable":true,"href":"https:\/\/family.fit\/sq\/wp-json\/wp\/v2\/comments?post=6453"}],"version-history":[{"count":0,"href":"https:\/\/family.fit\/sq\/wp-json\/wp\/v2\/pages\/6453\/revisions"}],"wp:attachment":[{"href":"https:\/\/family.fit\/sq\/wp-json\/wp\/v2\/media?parent=6453"}],"wp:term":[{"taxonomy":"ff_language","embeddable":true,"href":"https:\/\/family.fit\/sq\/wp-json\/wp\/v2\/ff_language?post=6453"}],"curies":[{"name":"wp","href":"https:\/\/api.w.org\/{rel}","templated":true}]}}