{"id":6868,"date":"2021-06-26T08:22:45","date_gmt":"2021-06-26T08:22:45","guid":{"rendered":"https:\/\/family.fit\/?page_id=6868"},"modified":"2021-11-23T21:55:37","modified_gmt":"2021-11-23T21:55:37","slug":"whats-new-in-season-5","status":"publish","type":"page","link":"https:\/\/family.fit\/sq\/whats-new-in-season-5\/","title":{"rendered":"\u00c7far\u00eb ka t\u00eb re n\u00eb sezonin 5?"},"content":{"rendered":"<h1>\n\t\t\u00c7far\u00eb ka t\u00eb re n\u00eb sezonin 5?\n\t<\/h1>\n<h3>\n\t\tKonkursi i ri global i familjes.fitimi\n\t<\/h3>\n\t<p>A mundet kombi juaj t\u00eb fitoj\u00eb konkursin ton\u00eb t\u00eb ri global?<\/p>\n<p>Fitoni pik\u00eb n\u00eb sfidat javore dhe nxisni kombin tuaj n\u00eb krye t\u00eb tabel\u00ebs son\u00eb nd\u00ebrkomb\u00ebtare.<\/p>\n<p>\u00c7do jav\u00eb do t\u00eb ket\u00eb nj\u00eb sfid\u00eb t\u00eb re.<\/p>\n<p>Ndihmoni vendin tuaj duke p\u00ebrfshir\u00eb miqt\u00eb dhe familjen tuaj.<\/p>\n\t\t\t\t<img loading=\"lazy\" decoding=\"async\" src=\"https:\/\/family.fit\/wp-content\/uploads\/2021\/06\/race-image.png\" alt=\"race image\" itemprop=\"image\" height=\"247\" width=\"265\" title=\"imazhi i gar\u00ebs\" onerror=\"this.style.display='none'\"  \/>\n\t\t\t<a href=\"https:\/\/family.fit\/en\/scores\/\" target=\"_self\" role=\"button\" rel=\"noopener\">\n\t\t\t\t\t\t\tP\u00ebrdit\u00ebsoni rezultatin tuaj t\u00eb familjes\n\t\t\t\t\t<\/a>\n\t\t\t<a href=\"https:\/\/family.fit\/en\/leaderboard-all\/\" target=\"_self\" role=\"button\" rel=\"noopener\">\n\t\t\t\t\t\t\tShikoni tabel\u00ebn e drejtuesve\n\t\t\t\t\t<\/a>\n<h3>\n\t\tN\u00eb qend\u00ebr t\u00eb v\u00ebmendjes sportive\n\t<\/h3>\n\t<p>\u00c7do jav\u00eb ne do t\u00eb fokusohemi n\u00eb nj\u00eb sport t\u00eb ndrysh\u00ebm dhe nj\u00eb atlet frym\u00ebzues q\u00eb e luan at\u00eb. Atlet\u00ebt kap\u00ebrcejn\u00eb sfidat n\u00eb periudha t\u00eb v\u00ebshtira p\u00ebr t\u00eb p\u00ebrfunduar gar\u00ebn. Shpresojm\u00eb q\u00eb k\u00ebto histori t&#039;ju frym\u00ebzojn\u00eb p\u00ebr t\u00eb drejtuar gar\u00ebn tuaj t\u00eb jet\u00ebs.<\/p>\n\t\t\t<a href=\"https:\/\/family.fit\/en\/seasons\/the-ultimate-race\/\" target=\"_self\" role=\"button\" rel=\"noopener\">\n\t\t\t\t\t\t\tFilloni Sezonin 5 k\u00ebtu\n\t\t\t\t\t<\/a>\n\t\t\t\t<img loading=\"lazy\" decoding=\"async\" src=\"https:\/\/family.fit\/wp-content\/uploads\/2021\/06\/John-Akhwari-400.png\" alt=\"John Akhwari 400\" itemprop=\"image\" height=\"562\" width=\"400\" title=\"John Akhwari 400\" onerror=\"this.style.display='none'\"  \/>","protected":false},"excerpt":{"rendered":"<p>\u00c7far\u00eb ka t\u00eb re n\u00eb sezonin 5? Konkurrenca e re globale Family.fit A mundet kombi juaj t\u00eb fitoj\u00eb konkursin ton\u00eb t\u00eb ri global? Fitoni pik\u00eb n\u00eb sfidat javore dhe ngrini vendin tuaj n\u00eb krye t\u00eb tabel\u00ebs son\u00eb nd\u00ebrkomb\u00ebtare t\u00eb drejtuesve. \u00c7do jav\u00eb do t\u00eb ket\u00eb nj\u00eb sfid\u00eb t\u00eb re. Ndihmoni vendin tuaj duke p\u00ebrfshir\u00eb miqt\u00eb dhe familjen tuaj. P\u00ebrdit\u00ebso rezultatin e familjes, Shiko\u2026<\/p>","protected":false},"author":1,"featured_media":0,"parent":0,"menu_order":0,"comment_status":"closed","ping_status":"closed","template":"","meta":{"_acf_changed":false,"_seopress_robots_primary_cat":"","_seopress_titles_title":"","_seopress_titles_desc":"","_seopress_robots_index":"","footnotes":""},"ff_language":[],"class_list":["post-6868","page","type-page","status-publish","hentry"],"acf":[],"_links":{"self":[{"href":"https:\/\/family.fit\/sq\/wp-json\/wp\/v2\/pages\/6868","targetHints":{"allow":["GET"]}}],"collection":[{"href":"https:\/\/family.fit\/sq\/wp-json\/wp\/v2\/pages"}],"about":[{"href":"https:\/\/family.fit\/sq\/wp-json\/wp\/v2\/types\/page"}],"author":[{"embeddable":true,"href":"https:\/\/family.fit\/sq\/wp-json\/wp\/v2\/users\/1"}],"replies":[{"embeddable":true,"href":"https:\/\/family.fit\/sq\/wp-json\/wp\/v2\/comments?post=6868"}],"version-history":[{"count":1,"href":"https:\/\/family.fit\/sq\/wp-json\/wp\/v2\/pages\/6868\/revisions"}],"predecessor-version":[{"id":8258,"href":"https:\/\/family.fit\/sq\/wp-json\/wp\/v2\/pages\/6868\/revisions\/8258"}],"wp:attachment":[{"href":"https:\/\/family.fit\/sq\/wp-json\/wp\/v2\/media?parent=6868"}],"wp:term":[{"taxonomy":"ff_language","embeddable":true,"href":"https:\/\/family.fit\/sq\/wp-json\/wp\/v2\/ff_language?post=6868"}],"curies":[{"name":"wp","href":"https:\/\/api.w.org\/{rel}","templated":true}]}}