{"id":8319,"date":"2022-03-14T10:57:36","date_gmt":"2022-03-14T10:57:36","guid":{"rendered":"https:\/\/family.fit\/?page_id=8319"},"modified":"2022-04-13T16:31:06","modified_gmt":"2022-04-13T16:31:06","slug":"spring-harvest","status":"publish","type":"page","link":"https:\/\/family.fit\/sq\/spring-harvest\/","title":{"rendered":"Korrja e Pranver\u00ebs"},"content":{"rendered":"<h1>\n\t\tMir\u00eb se vini n\u00eb family.fit!\n\t<\/h1>\n\t\t\t\t<img loading=\"lazy\" decoding=\"async\" src=\"https:\/\/family.fit\/wp-content\/uploads\/2022\/03\/sh-logo-1024x99.png\" alt=\"sh-logo\" itemprop=\"image\" height=\"99\" width=\"1024\" title=\"sh-logo\" onerror=\"this.style.display='none'\"  \/>\n\t<iframe allowfullscreen allow=\"autoplay\" src=\"https:\/\/www.youtube.com\/embed\/ArAXPggPkAE?feature=oembed&amp;start&amp;end&amp;wmode=opaque&amp;loop=0&amp;controls=1&amp;mute=0&amp;rel=0&amp;modestbranding=1\"><\/iframe>\t\n\t<p>Ka gjasht\u00eb seanca n\u00eb dispozicion p\u00ebr ju q\u00eb t&#039;i b\u00ebni si familje. \u00c7do sesion \u00ebsht\u00eb i disponuesh\u00ebm si nj\u00eb PDF q\u00eb mund ta shkarkoni duke p\u00ebrdorur butonat m\u00eb posht\u00eb. Tre seancat e para kan\u00eb gjithashtu video q\u00eb mund t&#039;i shikoni.<\/p>\n<h2>\n\t\tSesioni 1: Na rivendosni zemrat\n\t<\/h2>\n\t<iframe allowfullscreen allow=\"autoplay\" src=\"https:\/\/www.youtube.com\/embed\/B2MnPys2BgA?feature=oembed&amp;start&amp;end&amp;wmode=opaque&amp;loop=0&amp;controls=1&amp;mute=0&amp;rel=0&amp;modestbranding=1\"><\/iframe>\t\n\t\t\t<a href=\"https:\/\/family.fit\/wp-content\/uploads\/2022\/04\/Spring-Harvest-session-1.pdf\" target=\"_self\" role=\"button\" rel=\"noopener\">\n\t\t\t\t\t\t\tShkarkoni broshur\u00ebn e sesionit 1\n\t\t\t\t\t<\/a>\n<h2>\n\t\tSesioni 2: Rinovoni fokusin ton\u00eb\n\t<\/h2>\n\t<iframe allowfullscreen allow=\"autoplay\" src=\"https:\/\/www.youtube.com\/embed\/DDwMOEmw8ak?feature=oembed&amp;start&amp;end&amp;wmode=opaque&amp;loop=0&amp;controls=1&amp;mute=0&amp;rel=0&amp;modestbranding=1\"><\/iframe>\t\n\t\t\t<a href=\"https:\/\/family.fit\/wp-content\/uploads\/2022\/04\/Spring-Harvest-session-2.pdf\" target=\"_self\" role=\"button\" rel=\"noopener\">\n\t\t\t\t\t\t\tShkarkoni broshur\u00ebn e sesionit 2\n\t\t\t\t\t<\/a>\n<h2>\n\t\tSesioni 3: Rind\u00ebrtoni bot\u00ebn ton\u00eb\n\t<\/h2>\n\t<iframe allowfullscreen allow=\"autoplay\" src=\"https:\/\/www.youtube.com\/embed\/BPTsNRtmYAw?feature=oembed&amp;start&amp;end&amp;wmode=opaque&amp;loop=0&amp;controls=1&amp;mute=0&amp;rel=0&amp;modestbranding=1\"><\/iframe>\t\n\t\t\t<a href=\"https:\/\/family.fit\/wp-content\/uploads\/2022\/04\/Spring-Harvest-session-3.pdf\" target=\"_self\" role=\"button\" rel=\"noopener\">\n\t\t\t\t\t\t\tShkarkoni broshur\u00ebn e sesionit 3\n\t\t\t\t\t<\/a>\n<h2>\n\t\tSesioni 4: K\u00ebmb\u00ebngulja ndaj kund\u00ebrshtimit\n\t<\/h2>\n\t\t\t<a href=\"https:\/\/family.fit\/wp-content\/uploads\/2022\/04\/Spring-Harvest-session-4.pdf\" target=\"_self\" role=\"button\" rel=\"noopener\">\n\t\t\t\t\t\t\tShkarkoni broshur\u00ebn e sesionit 4\n\t\t\t\t\t<\/a>\n<h2>\n\t\tSesioni 5: Festimi i suksesit\n\t<\/h2>\n\t\t\t<a href=\"https:\/\/family.fit\/wp-content\/uploads\/2022\/04\/Spring-Harvest-session-5.pdf\" target=\"_self\" role=\"button\" rel=\"noopener\">\n\t\t\t\t\t\t\tShkarkoni broshur\u00ebn e sesionit 5\n\t\t\t\t\t<\/a>\n<h2>\n\t\tSesioni 6: P\u00ebrkulja para Zotit\n\t<\/h2>\n\t\t\t<a href=\"https:\/\/family.fit\/wp-content\/uploads\/2022\/04\/Spring-Harvest-session-6.pdf\" target=\"_self\" role=\"button\" rel=\"noopener\">\n\t\t\t\t\t\t\tShkarkoni broshur\u00ebn e sesionit 6\n\t\t\t\t\t<\/a>\n<h2>\n\t\tSesionet e Nehemiahut n\u00eb aplikacionin YouVersion Bible\n\t<\/h2>\n\t<p><em>A e p\u00ebrdorni tashm\u00eb aplikacionin Bib\u00ebl n\u00eb smartphone-in tuaj?<\/em><\/p>\n<p>Tani mund t\u00eb provosh Family.fit n\u00eb aplikacionin t\u00ebnd t\u00eb Bibl\u00ebs.<\/p>\n\t\t\t\t<img loading=\"lazy\" decoding=\"async\" src=\"https:\/\/family.fit\/wp-content\/uploads\/2021\/03\/bible-app-icon-150x150.png\" alt=\"bible app icon\" itemprop=\"image\" height=\"150\" width=\"150\" title=\"ikon\u00eb e aplikacionit biblik\" onerror=\"this.style.display='none'\"  \/>\n\t\t\t<a href=\"https:\/\/www.bible.com\/en-GB\/reading-plans\/30848-familyfit-nehemiah\" target=\"_self\" role=\"button\" rel=\"noopener\">\n\t\t\t\t\t\t\tFamilyFit n\u00eb aplikacionin e Bibl\u00ebs\n\t\t\t\t\t<\/a>\n\t\t\t\t<img loading=\"lazy\" decoding=\"async\" src=\"https:\/\/family.fit\/wp-content\/uploads\/2020\/06\/dancing-family.png\" alt=\"dancing family\" itemprop=\"image\" height=\"1200\" width=\"1036\" title=\"familje vall\u00ebzimi\" onerror=\"this.style.display='none'\"  \/>\n<h2>\n\t\tP\u00ebr t\u00eb m\u00ebsuar m\u00eb shum\u00eb\n\t<\/h2>\n\t<p>P\u00ebr t\u00eb m\u00ebsuar m\u00eb shum\u00eb rreth Family.fit shikoni k\u00ebt\u00eb video!<\/p>\n\t<iframe allowfullscreen allow=\"autoplay\" src=\"https:\/\/www.youtube.com\/embed\/jujW3P-yEAM?feature=oembed&amp;start&amp;end&amp;wmode=opaque&amp;loop=0&amp;controls=1&amp;mute=0&amp;rel=0&amp;modestbranding=1\"><\/iframe>","protected":false},"excerpt":{"rendered":"<p>Mir\u00eb se vini n\u00eb family.fit! Ka gjasht\u00eb seanca n\u00eb dispozicion p\u00ebr ju q\u00eb t&#039;i b\u00ebni si familje. \u00c7do sesion \u00ebsht\u00eb i disponuesh\u00ebm si nj\u00eb PDF q\u00eb mund ta shkarkoni duke p\u00ebrdorur butonat m\u00eb posht\u00eb. Tre seancat e para kan\u00eb gjithashtu video q\u00eb mund t&#039;i shikoni. Sesioni 1: Riktheni zemrat tona Shkarkoni broshur\u00ebn e sesionit 1 Sesioni 2: Rinovoni\u2026<\/p>","protected":false},"author":1,"featured_media":0,"parent":0,"menu_order":0,"comment_status":"closed","ping_status":"closed","template":"","meta":{"_acf_changed":false,"_seopress_robots_primary_cat":"","_seopress_titles_title":"","_seopress_titles_desc":"","_seopress_robots_index":"","footnotes":""},"ff_language":[],"class_list":["post-8319","page","type-page","status-publish","hentry"],"acf":[],"_links":{"self":[{"href":"https:\/\/family.fit\/sq\/wp-json\/wp\/v2\/pages\/8319","targetHints":{"allow":["GET"]}}],"collection":[{"href":"https:\/\/family.fit\/sq\/wp-json\/wp\/v2\/pages"}],"about":[{"href":"https:\/\/family.fit\/sq\/wp-json\/wp\/v2\/types\/page"}],"author":[{"embeddable":true,"href":"https:\/\/family.fit\/sq\/wp-json\/wp\/v2\/users\/1"}],"replies":[{"embeddable":true,"href":"https:\/\/family.fit\/sq\/wp-json\/wp\/v2\/comments?post=8319"}],"version-history":[{"count":12,"href":"https:\/\/family.fit\/sq\/wp-json\/wp\/v2\/pages\/8319\/revisions"}],"predecessor-version":[{"id":8458,"href":"https:\/\/family.fit\/sq\/wp-json\/wp\/v2\/pages\/8319\/revisions\/8458"}],"wp:attachment":[{"href":"https:\/\/family.fit\/sq\/wp-json\/wp\/v2\/media?parent=8319"}],"wp:term":[{"taxonomy":"ff_language","embeddable":true,"href":"https:\/\/family.fit\/sq\/wp-json\/wp\/v2\/ff_language?post=8319"}],"curies":[{"name":"wp","href":"https:\/\/api.w.org\/{rel}","templated":true}]}}