{"id":8390,"date":"2022-03-31T15:41:14","date_gmt":"2022-03-31T15:41:14","guid":{"rendered":"https:\/\/family.fit\/?page_id=8390"},"modified":"2022-04-01T07:58:36","modified_gmt":"2022-04-01T07:58:36","slug":"prayerfit","status":"publish","type":"page","link":"https:\/\/family.fit\/sq\/prayerfit\/","title":{"rendered":"PrayerFit"},"content":{"rendered":"<h1>\n\t\tPrayerFit\n\t<\/h1>\n\t<p>Bashkojuni lutjes me programin tuaj t\u00eb fitnesit! Ky burim ofron udh\u00ebzime p\u00ebr nj\u00eb ngjarje lutjeje aktive dhe arg\u00ebtuese, familjare (ose miq\u00ebsie). Stacionet e aktivitetit u drejtohen besimtar\u00ebve q\u00eb duan t\u00eb luten. Aktivitetet supozojn\u00eb se njer\u00ebzit kan\u00eb nevoj\u00eb p\u00ebr ndihm\u00eb p\u00ebr t&#039;u aktivizuar dhe p\u00ebr t&#039;u lutur me kuptim nd\u00ebrsa ushtrojn\u00eb. Kjo broshur\u00eb p\u00ebrmban udh\u00ebzime p\u00ebr kat\u00ebr stacione t\u00eb Veprimtaris\u00eb s\u00eb Lutjes. Ato jan\u00eb p\u00ebr grupe t\u00eb m\u00ebdha q\u00eb mund t\u00eb p\u00ebrfshijn\u00eb familje, familje, grupe miq\u00ebsie, grupe t\u00eb studimit t\u00eb Bibl\u00ebs ose \u00e7do grupmosh\u00eb si ngjarje lutjeje. \u00c7do fest\u00eb, vakt ose pije freskuese e ofruar do t&#039;i lejoj\u00eb njer\u00ebzit t\u00eb rikuperohen, t\u00eb ndajn\u00eb dhe t\u00eb shijojn\u00eb m\u00eb shum\u00eb shoq\u00ebri s\u00eb bashku.<\/p>\n\t\t\t\t<img loading=\"lazy\" decoding=\"async\" src=\"https:\/\/family.fit\/wp-content\/uploads\/2022\/03\/PrayerFit-Activity-Stations-cover.jpg\" alt=\"PrayerFit Activity Stations cover\" itemprop=\"image\" height=\"1278\" width=\"600\" title=\"Kapaku i PrayerFit Activity Stations\" onerror=\"this.style.display='none'\"  \/>\n\t\t<h4>Udh\u00ebzues p\u00ebr stacionet e aktivitetit<\/h4>\n\t\t\t<a href=\"https:\/\/family.fit\/wp-content\/uploads\/2022\/03\/PrayerFit-Activity-Stations-v14.pdf\" target=\"_self\" role=\"button\" rel=\"noopener\">\n\t\t\t\t\t\t\tSHKARKO\n\t\t\t\t\t<\/a>\n\t\t<h4>10 idet\u00eb kryesore t\u00eb PrayerFit<\/h4>\n\t\t\t<a href=\"https:\/\/family.fit\/wp-content\/uploads\/2022\/03\/Top-10-PrayerFit-ideas-v14.pdf\" target=\"_self\" role=\"button\" rel=\"noopener\">\n\t\t\t\t\t\t\tSHKARKO\n\t\t\t\t\t<\/a>\n\t\t<h4>Zhvendos shabllonin e letr\u00ebs Cube A4<\/h4>\n\t\t\t<a href=\"https:\/\/family.fit\/wp-content\/uploads\/2022\/03\/Move-Cube-A4.pdf\" target=\"_self\" role=\"button\" rel=\"noopener\">\n\t\t\t\t\t\t\tSHKARKO\n\t\t\t\t\t<\/a>\n\t\t<h4>Zhvendos shabllonin e letr\u00ebs Cube A4<\/h4>\n\t\t\t<a href=\"https:\/\/family.fit\/wp-content\/uploads\/2022\/03\/Move-Cube-A3.pdf\" target=\"_self\" role=\"button\" rel=\"noopener\">\n\t\t\t\t\t\t\tSHKARKO\n\t\t\t\t\t<\/a>\n\t\t<h4>Zhvendosni printimet e Cube Giant<\/h4>\n\t\t\t<a href=\"https:\/\/family.fit\/wp-content\/uploads\/2022\/03\/Move-Cube-six-A4-sheets.pdf\" target=\"_self\" role=\"button\" rel=\"noopener\">\n\t\t\t\t\t\t\tSHKARKO\n\t\t\t\t\t<\/a>\n\t\t<h4>Zhvendos grafikun e ushtrimeve t\u00eb kubit<\/h4>\n\t\t\t<a href=\"https:\/\/family.fit\/wp-content\/uploads\/2022\/04\/Move-cube-symbols-v4.pdf\" target=\"_self\" role=\"button\" rel=\"noopener\">\n\t\t\t\t\t\t\tSHKARKO\n\t\t\t\t\t<\/a>\n\t\t<h4>Zhvendos kodin e printerit 3D Cube<\/h4>\n\t\t\t<a href=\"https:\/\/family.fit\/wp-content\/uploads\/2022\/04\/Move-Cube-3D-print-v2.stl\" target=\"_self\" role=\"button\" rel=\"noopener\">\n\t\t\t\t\t\t\tSHKARKO\n\t\t\t\t\t<\/a>","protected":false},"excerpt":{"rendered":"<p>PrayerFit Bashkojuni lutjes me programin tuaj t\u00eb fitnesit! Ky burim ofron udh\u00ebzime p\u00ebr nj\u00eb ngjarje lutjeje aktive dhe arg\u00ebtuese, familjare (ose miq\u00ebsie). Stacionet e aktivitetit u drejtohen besimtar\u00ebve q\u00eb duan t\u00eb luten. Aktivitetet supozojn\u00eb se njer\u00ebzit kan\u00eb nevoj\u00eb p\u00ebr ndihm\u00eb p\u00ebr t&#039;u aktivizuar dhe p\u00ebr t&#039;u lutur me kuptim nd\u00ebrsa ushtrojn\u00eb. Kjo broshur\u00eb p\u00ebrmban udh\u00ebzime p\u00ebr kat\u00ebr\u2026<\/p>","protected":false},"author":1,"featured_media":0,"parent":0,"menu_order":0,"comment_status":"closed","ping_status":"closed","template":"","meta":{"_acf_changed":false,"_seopress_robots_primary_cat":"","_seopress_titles_title":"","_seopress_titles_desc":"","_seopress_robots_index":"","footnotes":""},"ff_language":[],"class_list":["post-8390","page","type-page","status-publish","hentry"],"acf":[],"_links":{"self":[{"href":"https:\/\/family.fit\/sq\/wp-json\/wp\/v2\/pages\/8390","targetHints":{"allow":["GET"]}}],"collection":[{"href":"https:\/\/family.fit\/sq\/wp-json\/wp\/v2\/pages"}],"about":[{"href":"https:\/\/family.fit\/sq\/wp-json\/wp\/v2\/types\/page"}],"author":[{"embeddable":true,"href":"https:\/\/family.fit\/sq\/wp-json\/wp\/v2\/users\/1"}],"replies":[{"embeddable":true,"href":"https:\/\/family.fit\/sq\/wp-json\/wp\/v2\/comments?post=8390"}],"version-history":[{"count":9,"href":"https:\/\/family.fit\/sq\/wp-json\/wp\/v2\/pages\/8390\/revisions"}],"predecessor-version":[{"id":8420,"href":"https:\/\/family.fit\/sq\/wp-json\/wp\/v2\/pages\/8390\/revisions\/8420"}],"wp:attachment":[{"href":"https:\/\/family.fit\/sq\/wp-json\/wp\/v2\/media?parent=8390"}],"wp:term":[{"taxonomy":"ff_language","embeddable":true,"href":"https:\/\/family.fit\/sq\/wp-json\/wp\/v2\/ff_language?post=8390"}],"curies":[{"name":"wp","href":"https:\/\/api.w.org\/{rel}","templated":true}]}}