{"id":8399,"date":"2022-03-31T16:40:58","date_gmt":"2022-03-31T16:40:58","guid":{"rendered":"https:\/\/family.fit\/?page_id=8399"},"modified":"2022-04-11T09:14:22","modified_gmt":"2022-04-11T09:14:22","slug":"training","status":"publish","type":"page","link":"https:\/\/family.fit\/sq\/training\/","title":{"rendered":"Trajnimi"},"content":{"rendered":"<h1>\n\t\tTrajnim dhe orientim FamilyFit\n\t<\/h1>\n\t<p>N\u00ebse doni t\u00eb kuptoni m\u00eb shum\u00eb rreth family.fit, ose n\u00ebse d\u00ebshironi t\u00eb organizoni seanca trajnimi p\u00ebr t\u00eb tjer\u00ebt se si t\u00eb p\u00ebrdorin famili.fit, at\u00ebher\u00eb jeni n\u00eb vendin e duhur!<\/p>\n<p>Informacioni i m\u00ebposht\u00ebm mund t\u00eb p\u00ebrdoret nga prind\u00ebrit, familjet e t\u00ebra, udh\u00ebheq\u00ebsit e kish\u00ebs dhe t\u00eb rinjve.<\/p>\n<p>Ky sesion trajnimi dhe orientimi \u00ebsht\u00eb i strukturuar n\u00eb m\u00ebnyr\u00eb q\u00eb ju t\u00eb p\u00ebrjetoni nj\u00eb seanc\u00eb aktive s\u00eb bashku dhe m\u00eb pas t\u00eb reflektoni mbi p\u00ebrvoj\u00ebn tuaj p\u00ebr t\u00eb par\u00eb se si mund t\u00eb b\u00ebhet nj\u00eb zakon dhe nj\u00eb mjet p\u00ebr t\u00eb ndihmuar n\u00eb b\u00ebrjen e dishepujve n\u00eb familje.<\/p>\n<p>Shkarkoni k\u00ebt\u00eb sesion p\u00ebrmes butonit m\u00eb posht\u00eb.<\/p>\n\t\t<h4>Sesion trajnimi dhe orientimi<\/h4>\n\t\t\t<a href=\"https:\/\/family.fit\/wp-content\/uploads\/2022\/04\/FamilyFIT-training-session-v14.pdf\" target=\"_self\" role=\"button\" rel=\"noopener\">\n\t\t\t\t\t\t\tSHKARKO\n\t\t\t\t\t<\/a>\n<h3>\n\t\tLista e luajtjes s\u00eb videove t\u00eb trajnimit dhe orientimit\n\t<\/h3>\n\t<iframe allowfullscreen=\"\" allow=\"autoplay\" src=\"https:\/\/www.youtube.com\/embed\/1t9LWUtJBsw?feature=oembed&amp;start&amp;end&amp;wmode=opaque&amp;loop=0&amp;controls=1&amp;mute=0&amp;rel=0&amp;modestbranding=1\" title=\"\u00c7far\u00eb \u00ebsht\u00eb familja.fit?\"><\/iframe>\t\n\t\t\t\u00c7far\u00eb \u00ebsht\u00eb familja.fit?\n\t<iframe allowfullscreen=\"\" allow=\"autoplay\" src=\"https:\/\/www.youtube.com\/embed\/WVYx74qstyc?feature=oembed&amp;start&amp;end&amp;wmode=opaque&amp;loop=0&amp;controls=1&amp;mute=0&amp;rel=0&amp;modestbranding=1\" title=\"Mir\u00eb se vini n\u00eb family.fit\"><\/iframe>\t\n\t\t\tMir\u00eb se vini n\u00eb family.fit\n\t<iframe allowfullscreen=\"\" allow=\"autoplay\" src=\"https:\/\/www.youtube.com\/embed\/LzWcI0-cFGs?feature=oembed&amp;start&amp;end&amp;wmode=opaque&amp;loop=0&amp;controls=1&amp;mute=0&amp;rel=0&amp;modestbranding=1\" title=\"familja.p\u00ebrshtaten pes\u00eb hapa\"><\/iframe>\t\n\t\t\tfamilja.p\u00ebrshtaten pes\u00eb hapa\n\t<iframe allowfullscreen=\"\" allow=\"autoplay\" src=\"https:\/\/www.youtube.com\/embed\/f96kRydXa1M?feature=oembed&amp;start&amp;end&amp;wmode=opaque&amp;loop=0&amp;controls=1&amp;mute=0&amp;rel=0&amp;modestbranding=1\" title=\"Si e p\u00ebrdorin njer\u00ebzit Family.fit n\u00eb mbar\u00eb bot\u00ebn\"><\/iframe>\t\n\t\t\tSi e p\u00ebrdorin njer\u00ebzit Family.fit n\u00eb mbar\u00eb bot\u00ebn\n\t<iframe allowfullscreen=\"\" allow=\"autoplay\" src=\"https:\/\/www.youtube.com\/embed\/9B_xUmt-Oro?feature=oembed&amp;start&amp;end&amp;wmode=opaque&amp;loop=0&amp;controls=1&amp;mute=0&amp;rel=0&amp;modestbranding=1\" title=\"Kat\u00ebr m\u00ebnyra p\u00ebr t\u00eb p\u00ebrdorur Family.fit\"><\/iframe>\t\n\t\t\tKat\u00ebr m\u00ebnyra p\u00ebr t\u00eb p\u00ebrdorur Family.fit\n\t<iframe allowfullscreen=\"\" allow=\"autoplay\" src=\"https:\/\/www.youtube.com\/embed\/dHTxPgm-Y9g?feature=oembed&amp;start&amp;end&amp;wmode=opaque&amp;loop=0&amp;controls=1&amp;mute=0&amp;rel=0&amp;modestbranding=1\" title=\"Reagime nga e gjith\u00eb bota (1)\"><\/iframe>\t\n\t\t\tReagime nga e gjith\u00eb bota (1)\n\t<iframe allowfullscreen=\"\" allow=\"autoplay\" src=\"https:\/\/www.youtube.com\/embed\/EpAs4ZhG0FA?feature=oembed&amp;start&amp;end&amp;wmode=opaque&amp;loop=0&amp;controls=1&amp;mute=0&amp;rel=0&amp;modestbranding=1\" title=\"Reagime nga e gjith\u00eb bota (2)\"><\/iframe>\t\n\t\t\tReagime nga e gjith\u00eb bota (2)","protected":false},"excerpt":{"rendered":"<p>Trajnimi dhe orientimi i FamilyFit N\u00ebse d\u00ebshironi t\u00eb kuptoni m\u00eb shum\u00eb rreth family.fit, ose n\u00ebse d\u00ebshironi t\u00eb organizoni seanca trajnimi p\u00ebr t\u00eb tjer\u00ebt se si t\u00eb p\u00ebrdorin Family.fit, at\u00ebher\u00eb jeni n\u00eb vendin e duhur! Informacioni i m\u00ebposht\u00ebm mund t\u00eb p\u00ebrdoret nga prind\u00ebrit, familjet e t\u00ebra, udh\u00ebheq\u00ebsit e kish\u00ebs dhe t\u00eb rinjve. Ky sesion trajnimi dhe orientimi \u00ebsht\u00eb i strukturuar k\u00ebshtu\u2026<\/p>","protected":false},"author":1,"featured_media":0,"parent":0,"menu_order":0,"comment_status":"closed","ping_status":"closed","template":"","meta":{"_acf_changed":false,"_seopress_robots_primary_cat":"","_seopress_titles_title":"","_seopress_titles_desc":"","_seopress_robots_index":"","footnotes":""},"ff_language":[],"class_list":["post-8399","page","type-page","status-publish","hentry"],"acf":[],"_links":{"self":[{"href":"https:\/\/family.fit\/sq\/wp-json\/wp\/v2\/pages\/8399","targetHints":{"allow":["GET"]}}],"collection":[{"href":"https:\/\/family.fit\/sq\/wp-json\/wp\/v2\/pages"}],"about":[{"href":"https:\/\/family.fit\/sq\/wp-json\/wp\/v2\/types\/page"}],"author":[{"embeddable":true,"href":"https:\/\/family.fit\/sq\/wp-json\/wp\/v2\/users\/1"}],"replies":[{"embeddable":true,"href":"https:\/\/family.fit\/sq\/wp-json\/wp\/v2\/comments?post=8399"}],"version-history":[{"count":9,"href":"https:\/\/family.fit\/sq\/wp-json\/wp\/v2\/pages\/8399\/revisions"}],"predecessor-version":[{"id":8453,"href":"https:\/\/family.fit\/sq\/wp-json\/wp\/v2\/pages\/8399\/revisions\/8453"}],"wp:attachment":[{"href":"https:\/\/family.fit\/sq\/wp-json\/wp\/v2\/media?parent=8399"}],"wp:term":[{"taxonomy":"ff_language","embeddable":true,"href":"https:\/\/family.fit\/sq\/wp-json\/wp\/v2\/ff_language?post=8399"}],"curies":[{"name":"wp","href":"https:\/\/api.w.org\/{rel}","templated":true}]}}