{"id":1408,"date":"2020-06-26T11:33:55","date_gmt":"2020-06-26T11:33:55","guid":{"rendered":"https:\/\/family.fit\/?page_id=1408"},"modified":"2021-11-23T21:52:59","modified_gmt":"2021-11-23T21:52:59","slug":"seasons","status":"publish","type":"page","link":"https:\/\/family.fit\/sv\/seasons\/","title":{"rendered":"\u00c5rstider"},"content":{"rendered":"<a href=\"https:\/\/family.fit\/en\/seasons\/growing-closer\/\" target=\"_self\" role=\"button\" rel=\"noopener\">\n\t\t\t\t\t\t\tV\u00e4xer n\u00e4rmare\n\t\t\t\t\t<\/a>\n\t\t\t<a href=\"https:\/\/family.fit\/en\/seasons\/growing-together\/\" target=\"_self\" role=\"button\" rel=\"noopener\">\n\t\t\t\t\t\t\tV\u00e4xer tillsammans\n\t\t\t\t\t<\/a>\n\t\t\t<a href=\"https:\/\/family.fit\/en\/seasons\/growing-deeper\/\" target=\"_self\" role=\"button\" rel=\"noopener\">\n\t\t\t\t\t\t\tV\u00e4xande djupare\n\t\t\t\t\t<\/a>\n\t\t\t<a href=\"https:\/\/family.fit\/en\/seasons\/growing-wiser\/\" target=\"_self\" role=\"button\" rel=\"noopener\">\n\t\t\t\t\t\t\tV\u00e4xer klokare\n\t\t\t\t\t<\/a>\n\t\t\t<a href=\"https:\/\/family.fit\/en\/seasons\/the-ultimate-race\/\" target=\"_self\" role=\"button\" rel=\"noopener\">\n\t\t\t\t\t\t\tThe Ultimate Race\n\t\t\t\t\t<\/a>","protected":false},"excerpt":{"rendered":"<p>V\u00e4xer n\u00e4rmare V\u00e4xer tillsammans V\u00e4xer djupare V\u00e4xer klokare The Ultimate Race<\/p>","protected":false},"author":1,"featured_media":0,"parent":0,"menu_order":0,"comment_status":"closed","ping_status":"closed","template":"","meta":{"_acf_changed":false,"_seopress_robots_primary_cat":"","_seopress_titles_title":"","_seopress_titles_desc":"","_seopress_robots_index":"","footnotes":""},"ff_language":[],"class_list":["post-1408","page","type-page","status-publish","hentry"],"acf":[],"_links":{"self":[{"href":"https:\/\/family.fit\/sv\/wp-json\/wp\/v2\/pages\/1408","targetHints":{"allow":["GET"]}}],"collection":[{"href":"https:\/\/family.fit\/sv\/wp-json\/wp\/v2\/pages"}],"about":[{"href":"https:\/\/family.fit\/sv\/wp-json\/wp\/v2\/types\/page"}],"author":[{"embeddable":true,"href":"https:\/\/family.fit\/sv\/wp-json\/wp\/v2\/users\/1"}],"replies":[{"embeddable":true,"href":"https:\/\/family.fit\/sv\/wp-json\/wp\/v2\/comments?post=1408"}],"version-history":[{"count":1,"href":"https:\/\/family.fit\/sv\/wp-json\/wp\/v2\/pages\/1408\/revisions"}],"predecessor-version":[{"id":8256,"href":"https:\/\/family.fit\/sv\/wp-json\/wp\/v2\/pages\/1408\/revisions\/8256"}],"wp:attachment":[{"href":"https:\/\/family.fit\/sv\/wp-json\/wp\/v2\/media?parent=1408"}],"wp:term":[{"taxonomy":"ff_language","embeddable":true,"href":"https:\/\/family.fit\/sv\/wp-json\/wp\/v2\/ff_language?post=1408"}],"curies":[{"name":"wp","href":"https:\/\/api.w.org\/{rel}","templated":true}]}}