{"id":3,"date":"2020-02-19T17:12:44","date_gmt":"2020-02-19T17:12:44","guid":{"rendered":"http:\/\/pd-toronto-1.com\/?page_id=3"},"modified":"2020-05-19T10:34:46","modified_gmt":"2020-05-19T10:34:46","slug":"privacy","status":"publish","type":"page","link":"https:\/\/family.fit\/sv\/privacy\/","title":{"rendered":"Integritet"},"content":{"rendered":"<h1>\n\t<\/h1>\n\t<h3>Sekretess \u00e4r viktigt, men det kan vara f\u00f6rvirrande. Den h\u00e4r sidan f\u00f6rklarar v\u00e5rt f\u00f6rh\u00e5llningss\u00e4tt till integritet och hur det p\u00e5verkar dig.<\/h3>\n<h4>Kort version<\/h4>\n<p>Vi samlar in anonym statistik om ditt bes\u00f6k, som vilken av v\u00e5ra sidor du tittade p\u00e5.<\/p>\n<p>Vissa tredje parter som Facebook kanske vet att du bes\u00f6kte den h\u00e4r webbplatsen om du anv\u00e4nder deras tj\u00e4nster. Vi kan inte kontrollera dem men vi tror inte att denna kunskap utg\u00f6r n\u00e5got hot mot dig.<\/p>\n<p>Om du registrerar dig hos oss \u00e4r vi noga med att h\u00e5lla din information s\u00e4ker och vi kommer aldrig att dela den med andra utan ditt uttryckliga tillst\u00e5nd.<\/p>\n<p>Vi delar aldrig dina uppgifter med tredje part f\u00f6rutom f\u00f6r att hj\u00e4lpa oss att leverera v\u00e5ra egna tj\u00e4nster.<\/p>\n<p>Det h\u00e4r \u00e4r bara nyckelpunkterna. Om du beh\u00f6ver mer information, forts\u00e4tt l\u00e4sa.<\/p>\n<h4>M\u00e4ter v\u00e5ra bes\u00f6kare<\/h4>\n<p>Vi m\u00e4ter bes\u00f6kare p\u00e5 v\u00e5r webbplats med hj\u00e4lp av Google Analytics. Detta registrerar vilka sidor du tittar p\u00e5 p\u00e5 v\u00e5r webbplats, hur du kom till v\u00e5r webbplats och lite grundl\u00e4ggande information om din dator. All den informationen \u00e4r anonym \u2013 s\u00e5 vi vet inte vem du \u00e4r; bara att n\u00e5gon bes\u00f6kte v\u00e5r sida.<\/p>\n<p>Informationen vi samlar in fr\u00e5n analys hj\u00e4lper oss att f\u00f6rst\u00e5 vilka delar av v\u00e5ra webbplatser som fungerar bra, hur m\u00e4nniskor kommer till v\u00e5r webbplats och s\u00e5 vidare. Liksom de flesta webbplatser anv\u00e4nder vi denna information f\u00f6r att g\u00f6ra v\u00e5r webbplats b\u00e4ttre.<\/p>\n<p>Du kan l\u00e4ra dig mer om\u00a0<a href=\"https:\/\/support.google.com\/analytics\/answer\/6004245\" target=\"_blank\" rel=\"noopener noreferrer\">Google Analytics h\u00e4r<\/a>.<\/p>\n<h4>Inb\u00e4ddat inneh\u00e5ll fr\u00e5n andra webbplatser<\/h4>\n<p>Inneh\u00e5llet p\u00e5 denna webbplats kan inneh\u00e5lla inb\u00e4ddat inneh\u00e5ll (t.ex. videor, bilder, artiklar, etc). Inb\u00e4ddat inneh\u00e5ll fr\u00e5n andra webbplatser beter sig p\u00e5 exakt samma s\u00e4tt som om bes\u00f6karen har bes\u00f6kt den ursprungliga webbplatsen.<\/p>\n<p>Dessa webbplatser kan samla in data om dig, anv\u00e4nda cookies, b\u00e4dda in ytterligare sp\u00e5rning fr\u00e5n tredje part och \u00f6vervaka din interaktion med det inb\u00e4ddade inneh\u00e5llet, inklusive sp\u00e5rning av din interaktion med det inb\u00e4ddade inneh\u00e5llet om du har ett konto och \u00e4r inloggad p\u00e5 den webbplatsen.<\/p>\n<h4>Annonser och sponsrade l\u00e4nkar<\/h4>\n<p>Denna webbplats inneh\u00e5ller inga sponsrade l\u00e4nkar eller annonser.<\/p>\n<h4>Nedladdningar och mediafiler<\/h4>\n<p>Alla nedladdningsbara dokument, filer eller media som g\u00f6rs tillg\u00e4ngliga p\u00e5 denna webbplats tillhandah\u00e5lls till dig p\u00e5 egen risk. \u00c4ven om alla f\u00f6rsiktighets\u00e5tg\u00e4rder har vidtagits f\u00f6r att s\u00e4kerst\u00e4lla att endast \u00e4kta nedladdningar \u00e4r tillg\u00e4ngliga, rekommenderas du att verifiera deras \u00e4kthet med hj\u00e4lp av antivirusprogram fr\u00e5n tredje part eller liknande applikationer.<\/p>\n<p>Vi tar inget ansvar f\u00f6r tredje parts nedladdningar och nedladdningar som tillhandah\u00e5lls av externa tredje parts webbplatser. Vi r\u00e5der dig att verifiera deras \u00e4kthet med hj\u00e4lp av antivirusprogram fr\u00e5n tredje part eller liknande applikationer.<\/p>\n<h4>Facebook, Twitter och andra sociala n\u00e4tverk<\/h4>\n<p>Dessa tj\u00e4nster tillhandah\u00e5ller sociala knappar och liknande funktioner som vi anv\u00e4nder p\u00e5 v\u00e5r webbplats \u2013 som &quot;Gilla&quot;- och &quot;Tweet&quot;-knapparna.<\/p>\n<p>F\u00f6r att g\u00f6ra det b\u00e4ddar vi in kod som de tillhandah\u00e5ller och vi kontrollerar inte oss sj\u00e4lva. F\u00f6r att fungera vet deras knappar i allm\u00e4nhet om du \u00e4r inloggad; till exempel Facebook anv\u00e4nder detta f\u00f6r att s\u00e4ga &quot;x av dina v\u00e4nner gillar detta&quot;. Vi har ingen tillg\u00e5ng till den informationen, och vi kan inte heller kontrollera hur dessa n\u00e4tverk anv\u00e4nder den.<\/p>\n<p>Sociala n\u00e4tverk kan d\u00e4rf\u00f6r veta att du tittar p\u00e5 den h\u00e4r webbplatsen om du anv\u00e4nder deras tj\u00e4nster. (Det betyder inte att de g\u00f6r det, men deras policy kan \u00e4ndras).<\/p>\n<h4>Om du registrerar dig f\u00f6r en tj\u00e4nst<\/h4>\n<p>N\u00e4r du registrerar dig f\u00f6r n\u00e5gon av v\u00e5ra tj\u00e4nster (till exempel registrerar dig p\u00e5 e-postlistan) kommer vi att registrera specifik personlig information om dig, s\u00e5som ditt namn och din e-postadress.<\/p>\n<h4>E-postmeddelanden<\/h4>\n<p>Vi kan skicka dig e-postmeddelanden som du specifikt har beg\u00e4rt (som nyhetsbrev eller aviseringar). Du har m\u00f6jlighet att v\u00e4lja bort all denna kommunikation n\u00e4r som helst.<\/p>\n<p>Vi kommer aldrig att tillhandah\u00e5lla din personliga information eller e-postadress till n\u00e5gon tredje part utom d\u00e4r de specifikt \u00e4r anst\u00e4llda f\u00f6r att hj\u00e4lpa till att leverera v\u00e5ra egna tj\u00e4nster, enligt beskrivningen ovan.<\/p>\n<h4>s\u00e4kerhet<\/h4>\n<p>Vi vidtar m\u00e5nga f\u00f6rsiktighets\u00e5tg\u00e4rder f\u00f6r att f\u00f6rhindra f\u00f6rlust, missbruk eller \u00e4ndring av din personliga information. Dessa f\u00f6rsiktighets\u00e5tg\u00e4rder inkluderar:<\/p>\n<ul>\n<li>Anv\u00e4ndning av SSL-kryptering f\u00f6r allt sidinneh\u00e5ll och all data som samlas in<\/li>\n<li>H\u00e5rdvara lagrad i s\u00e4krade datacenter bakom brandv\u00e4ggar<\/li>\n<li>All \u00e5tkomst till information begr\u00e4nsad av l\u00f6senord och\/eller s\u00e4ker nyckel<\/li>\n<li>Begr\u00e4nsningar f\u00f6r vilken information som kan n\u00e5s fr\u00e5n vilken plats som helst<\/li>\n<\/ul>\n<p>\u00c4ven om vi \u00e4r mycket noga med att s\u00e4kerst\u00e4lla att all konfidentiell information f\u00f6rblir skyddad, kan vi inte garantera s\u00e4kerheten f\u00f6r data som skickas \u00f6ver Internet.<\/p>\n<p>Om du under din anv\u00e4ndning av denna webbplats blir ombedd att skapa ett anv\u00e4ndarkonto, v\u00e4nligen notera att du \u00e4r ansvarig f\u00f6r att h\u00e5lla ditt l\u00f6senord och anv\u00e4ndaruppgifter konfidentiella. Vi kommer aldrig att be dig om ditt l\u00f6senord, s\u00e5 lita inte p\u00e5 n\u00e5gon som ber dig om det.<\/p>\n<h4>Datas\u00f6kning<\/h4>\n<p>Vi anv\u00e4nder oss av olika tredjeparter <a href=\"https:\/\/en.wikipedia.org\/wiki\/Application_programming_interface\" target=\"_blank\" rel=\"noopener noreferrer\">API:er<\/a> p\u00e5 denna webbplats f\u00f6r att utf\u00f6ra vissa uppgifter. Till exempel anv\u00e4nder vi MailChimp API f\u00f6r att bearbeta prenumerationer p\u00e5 e-postlistor.<\/p>\n<h4>Uppdateringar av denna policy<\/h4>\n<p>Vi kan uppdatera denna integritetspolicy d\u00e5 och d\u00e5, s\u00e4rskilt n\u00e4r tekniken f\u00f6r\u00e4ndras. Du kan alltid kontrollera den h\u00e4r sidan f\u00f6r den senaste versionen. Vi kan \u00e4ven meddela dig om \u00e4ndringar i v\u00e5r integritetspolicy via e-post.<\/p>\n<h4>Kontakta oss<\/h4>\n<p>Om det finns n\u00e5gra fr\u00e5gor ang\u00e5ende denna integritetspolicy v\u00e4nligen <a href=\"https:\/\/family.fit\/sv\/contact\/\">kontakta oss<\/a>.<\/p>","protected":false},"excerpt":{"rendered":"<p>Integritet \u00e4r viktigt, men det kan vara f\u00f6rvirrande. Den h\u00e4r sidan f\u00f6rklarar v\u00e5r syn p\u00e5 integritet och hur den p\u00e5verkar dig. Kortversion Vi samlar in anonym statistik om ditt bes\u00f6k, som vilka av v\u00e5ra sidor du har tittat p\u00e5. Vissa tredje parter som Facebook kan veta att du har bes\u00f6kt den h\u00e4r webbplatsen om du anv\u00e4nder deras tj\u00e4nster. Vi kan inte kontrollera dem\u2026<\/p>","protected":false},"author":1,"featured_media":0,"parent":0,"menu_order":0,"comment_status":"closed","ping_status":"open","template":"","meta":{"_acf_changed":false,"_seopress_robots_primary_cat":"","_seopress_titles_title":"","_seopress_titles_desc":"","_seopress_robots_index":"","footnotes":""},"ff_language":[],"class_list":["post-3","page","type-page","status-publish","hentry"],"acf":[],"_links":{"self":[{"href":"https:\/\/family.fit\/sv\/wp-json\/wp\/v2\/pages\/3","targetHints":{"allow":["GET"]}}],"collection":[{"href":"https:\/\/family.fit\/sv\/wp-json\/wp\/v2\/pages"}],"about":[{"href":"https:\/\/family.fit\/sv\/wp-json\/wp\/v2\/types\/page"}],"author":[{"embeddable":true,"href":"https:\/\/family.fit\/sv\/wp-json\/wp\/v2\/users\/1"}],"replies":[{"embeddable":true,"href":"https:\/\/family.fit\/sv\/wp-json\/wp\/v2\/comments?post=3"}],"version-history":[{"count":0,"href":"https:\/\/family.fit\/sv\/wp-json\/wp\/v2\/pages\/3\/revisions"}],"wp:attachment":[{"href":"https:\/\/family.fit\/sv\/wp-json\/wp\/v2\/media?parent=3"}],"wp:term":[{"taxonomy":"ff_language","embeddable":true,"href":"https:\/\/family.fit\/sv\/wp-json\/wp\/v2\/ff_language?post=3"}],"curies":[{"name":"wp","href":"https:\/\/api.w.org\/{rel}","templated":true}]}}