{"id":3322,"date":"2021-03-16T17:26:39","date_gmt":"2021-03-16T17:26:39","guid":{"rendered":"https:\/\/family.fit\/?page_id=3322"},"modified":"2023-04-04T21:12:36","modified_gmt":"2023-04-04T21:12:36","slug":"home","status":"publish","type":"page","link":"https:\/\/family.fit\/sv\/","title":{"rendered":"Hem"},"content":{"rendered":"<p>Hj\u00e4lp din familj att vara frisk och frisk, h\u00e5lla kontakten och v\u00e4xa i karakt\u00e4r.<\/p>\n\t<p>Family.fit \u00e4r ett program f\u00f6r alla \u00e5ldrar som \u00e4r perfekt f\u00f6r att hj\u00e4lpa din familj att v\u00e4xa tillsammans i tro och kondition. Varje session \u00e4r tillg\u00e4nglig b\u00e5de p\u00e5 webbplatsen och som en nedladdningsbar PDF. Vi har \u00f6ver <a href=\"https:\/\/family.fit\/en\/document-library\/\">1 500 sessioner<\/a> tillg\u00e4ngligt \u00f6ver <a href=\"https:\/\/family.fit\/en\/translations\/\">21 spr\u00e5k<\/a>.<\/p>\n<p>Du och din familj kan anv\u00e4nda dessa sessioner f\u00f6r att ansluta p\u00e5 roliga s\u00e4tt och tr\u00e4na regelbundet i ditt hus, l\u00e4genhet eller lokala park. Med lite kreativitet kan alla vara i form och friska, h\u00e5lla kontakten och v\u00e4xa i karakt\u00e4r och tro.<\/p>\n<h2>\n\t\tVad handlar family.fit om? Kolla p\u00e5 detta!\n\t<\/h2>\n\t<iframe allowfullscreen allow=\"autoplay\" data-src=\"https:\/\/www.youtube.com\/embed\/jujW3P-yEAM?feature=oembed&amp;start&amp;end&amp;wmode=opaque&amp;loop=0&amp;controls=1&amp;mute=0&amp;rel=0&amp;modestbranding=1\"><\/iframe>\t\t\n\t\t\t\t\tSpela filmen\n\t\t\t\t\t\t<a href=\"https:\/\/family.fit\/en\/full\/\" target=\"_self\" rel=\"noopener\">\n\t\t\t\t\t\t\t\t<h2>FamilyFit Full<\/h2>\n\t\t\t\t\t\t\t\t\t<p>Vill du ha hela upplevelsen?<\/p>\n\t\t\t\t\t\t\t\t\t\t<\/a>\n\t\t\t\t\t\t<a href=\"https:\/\/family.fit\/en\/fast\/\" target=\"_self\" rel=\"noopener\">\n\t\t\t\t\t\t\t\t<h2>FamilyFit Fast<\/h2>\n\t\t\t\t\t\t\t\t\t<p>Kort tid?<\/p>\n\t\t\t\t\t\t\t\t\t\t<\/a>\n\t\t\t\t\t\t<a href=\"https:\/\/family.fit\/en\/prayerfit\/\" target=\"_self\" rel=\"noopener\">\n\t\t\t\t\t\t\t\t<h2>PrayerFit<\/h2>\n\t\t\t\t\t\t\t\t\t<p>G\u00e5 med i b\u00f6n med ditt tr\u00e4ningsprogram!<\/p>\n\t\t\t\t\t\t\t\t\t\t<\/a>\n\t\t\t\t\t\t<a href=\"https:\/\/family.fit\/en\/build-your-own\/\" target=\"_self\" rel=\"noopener\">\n\t\t\t\t\t\t\t\t<h2>Bygg ditt eget<\/h2>\n\t\t\t\t\t\t\t\t\t<p>K\u00e4nner du dig kreativ?<\/p>\n\t\t\t\t\t\t\t\t\t\t<\/a>\n\t\t\t\t\t\t<a href=\"https:\/\/family.fit\/en\/youversion\/\" target=\"_self\" rel=\"noopener\">\n\t\t\t\t\t\t\t\t<h2>YouVersion<\/h2>\n\t\t\t\t\t\t\t\t\t<p>Anv\u00e4nder du redan Bibelappen?<\/p>\n\t\t\t\t\t\t\t\t\t\t<\/a>\n\t\t\t\t\t\t<a href=\"https:\/\/family.fit\/en\/training\/\" target=\"_self\" rel=\"noopener\">\n\t\t\t\t\t\t\t\t<h2>FamilyFit-tr\u00e4ning<\/h2>\n\t\t\t\t\t\t\t\t\t<p>Utbildningsresurser f\u00f6r FamilyFit<\/p>\n\t\t\t\t\t\t\t\t\t\t<\/a>","protected":false},"excerpt":{"rendered":"<p>Hj\u00e4lp din familj att vara v\u00e4ltr\u00e4nad och frisk, h\u00e5lla kontakten och v\u00e4xa i karakt\u00e4r. Family.fit \u00e4r ett program f\u00f6r alla \u00e5ldrar som \u00e4r idealiskt l\u00e4mpat f\u00f6r att hj\u00e4lpa din familj att v\u00e4xa tillsammans i tro och kondition. Varje session finns tillg\u00e4nglig b\u00e5de p\u00e5 hemsidan och som en nedladdningsbar PDF. Vi har \u00f6ver 1 500 sessioner tillg\u00e4ngliga p\u00e5 21 spr\u00e5k.\u2026<\/p>","protected":false},"author":1,"featured_media":0,"parent":0,"menu_order":0,"comment_status":"closed","ping_status":"closed","template":"","meta":{"_acf_changed":false,"_seopress_robots_primary_cat":"","_seopress_titles_title":"","_seopress_titles_desc":"","_seopress_robots_index":"","footnotes":""},"ff_language":[],"class_list":["post-3322","page","type-page","status-publish","hentry"],"acf":[],"_links":{"self":[{"href":"https:\/\/family.fit\/sv\/wp-json\/wp\/v2\/pages\/3322","targetHints":{"allow":["GET"]}}],"collection":[{"href":"https:\/\/family.fit\/sv\/wp-json\/wp\/v2\/pages"}],"about":[{"href":"https:\/\/family.fit\/sv\/wp-json\/wp\/v2\/types\/page"}],"author":[{"embeddable":true,"href":"https:\/\/family.fit\/sv\/wp-json\/wp\/v2\/users\/1"}],"replies":[{"embeddable":true,"href":"https:\/\/family.fit\/sv\/wp-json\/wp\/v2\/comments?post=3322"}],"version-history":[{"count":29,"href":"https:\/\/family.fit\/sv\/wp-json\/wp\/v2\/pages\/3322\/revisions"}],"predecessor-version":[{"id":8465,"href":"https:\/\/family.fit\/sv\/wp-json\/wp\/v2\/pages\/3322\/revisions\/8465"}],"wp:attachment":[{"href":"https:\/\/family.fit\/sv\/wp-json\/wp\/v2\/media?parent=3322"}],"wp:term":[{"taxonomy":"ff_language","embeddable":true,"href":"https:\/\/family.fit\/sv\/wp-json\/wp\/v2\/ff_language?post=3322"}],"curies":[{"name":"wp","href":"https:\/\/api.w.org\/{rel}","templated":true}]}}