{"id":377,"date":"2020-03-30T14:52:33","date_gmt":"2020-03-30T14:52:33","guid":{"rendered":"https:\/\/family.fit\/?page_id=377"},"modified":"2020-05-19T10:29:10","modified_gmt":"2020-05-19T10:29:10","slug":"terms-and-conditions","status":"publish","type":"page","link":"https:\/\/family.fit\/sv\/terms-and-conditions\/","title":{"rendered":"Villkor"},"content":{"rendered":"<h1>\n\t<\/h1>\n\t<p>Dessa villkor reglerar din anv\u00e4ndning av denna webbplats av dig och alla som tr\u00e4nar med dig. Se till att du och alla som tr\u00e4nar med dig accepterar dessa villkor i sin helhet. Om du inte h\u00e5ller med dessa villkor eller n\u00e5gon del av dessa villkor f\u00e5r du inte anv\u00e4nda denna webbplats.<\/p>\n<p>Genom att anv\u00e4nda den h\u00e4r webbplatsen, eller n\u00e5gon av \u00f6vningarna, programmen, tj\u00e4nsterna eller produkterna som n\u00e5s genom den, anger du implicit ditt samtycke till alla delar av nedanst\u00e5ende ansvarsfriskrivning.<\/p>\n<p>Family.Fit betyder Family.Fit-webbplatsen p\u00e5 <a href=\"https:\/\/family.fit\/sv\/\">Family.Fit<\/a>, tillsammans med n\u00e5gon av \u00f6vningarna, programmen, tj\u00e4nsterna och \/ eller produkterna som \u00e4r tillg\u00e4ngliga via den, inklusive men inte begr\u00e4nsat till nedladdningar och tillh\u00f6rande YouTube-videor p\u00e5 v\u00e5r familj. <a href=\"https:\/\/www.youtube.com\/channel\/UCv4dN6VavUWSVqb_WdoMzpw\" target=\"_blank\" rel=\"noopener noreferrer\">Youtube-kanal<\/a>.<\/p>\n<p>\u201c<strong>Vi<\/strong>\u201dEller\u201d<strong>Oss<\/strong>\u201dAvser utvecklarna och bidragsgivarna till Family.Fit och \u00e4garna, operat\u00f6rerna och registranten f\u00f6r Family.Fit-webbplatsen.<\/p>\n<p>All tr\u00e4ning inneb\u00e4r risk. Genom att anv\u00e4nda eller delta i Family.Fit erk\u00e4nner du att Family.Fit har utformats utan kunskap om din personliga h\u00e4lsol\u00e4ge och som s\u00e5dan till den maximala omfattningen som till\u00e5ts enligt lag samtycker du till att befria utvecklarna och bidragsgivarna till Family.Fit och \u00e4gare och operat\u00f6rer av denna webbplats f\u00f6r eventuellt ansvar som kan uppst\u00e5 vid anv\u00e4ndning av Family.Fit.<\/p>\n<p><strong>Vi<\/strong> rekommenderar starkt att du konsulterar din l\u00e4kare innan du b\u00f6rjar med ett tr\u00e4ningsprogram. Du b\u00f6r vara i gott fysiskt skick och kunna delta i \u00f6vningen. <strong>Vi<\/strong> \u00e4r inte licensierade v\u00e5rdgivare och har ingen expertis i att diagnostisera, unders\u00f6ka eller behandla medicinska tillst\u00e5nd av n\u00e5got slag, eller att best\u00e4mma effekten av n\u00e5gon specifik tr\u00e4ning p\u00e5 ett medicinskt tillst\u00e5nd.<\/p>\n<p>Varje individs h\u00e4lsa, kondition och n\u00e4ringsframg\u00e5ng beror p\u00e5 hans eller hennes bakgrund, engagemang, lust och motivation. Dina resultat kan variera och kommer att baseras p\u00e5 m\u00e5nga variabler, inklusive men inte begr\u00e4nsat till, ditt nuvarande tillst\u00e5nd, din individuella kapacitet, livserfarenhet, unika h\u00e4lso- och genetiska profil, utg\u00e5ngspunkt, expertis och engagemangsniv\u00e5.<\/p>\n<p>Du b\u00f6r f\u00f6rst\u00e5 att n\u00e4r du deltar i ett tr\u00e4nings- eller tr\u00e4ningsprogram finns det risk f\u00f6r fysisk skada. Om du deltar i det h\u00e4r tr\u00e4ningsprogrammet, godk\u00e4nner du att du g\u00f6r det p\u00e5 egen risk, deltar frivilligt i dessa aktiviteter, tar all risk f\u00f6r dig sj\u00e4lv och g\u00e5r med p\u00e5 att sl\u00e4ppa och sl\u00e4ppa <strong>Oss<\/strong> fr\u00e5n alla p\u00e5st\u00e5enden eller orsaker till handling, inklusive oaktsamhet, k\u00e4nd eller ok\u00e4nd, som h\u00e4rr\u00f6r fr\u00e5n anv\u00e4ndning av Family.Fit.<\/p>\n<p>Informationen som tillhandah\u00e5lls \u00e4r inte avsedd att ers\u00e4tta professionell medicinsk r\u00e5dgivning, diagnos eller behandling.<\/p>\n<p>I st\u00f6rsta m\u00f6jliga utstr\u00e4ckning enligt lag <strong>Vi<\/strong> kommer inte att h\u00e5llas ansvarigt p\u00e5 n\u00e5got s\u00e4tt f\u00f6r din anv\u00e4ndning av den information som du f\u00e5r via Family.Fit. Under inga omst\u00e4ndigheter kommer <strong>Vi<\/strong> vara ansvarig gentemot n\u00e5gon part f\u00f6r direkta, indirekta, speciella, tillf\u00e4lliga, r\u00e4ttvisa eller f\u00f6ljdskador f\u00f6r all anv\u00e4ndning av eller beroende av familjen. passa, inklusive, utan begr\u00e4nsning, f\u00f6rlorade vinster, personliga eller aff\u00e4rsst\u00f6rningar, personskador, olyckor, felanv\u00e4ndning av information eller annan f\u00f6rlust, sjukdom, sjukdom eller sv\u00e5righeter, eller p\u00e5 annat s\u00e4tt, \u00e4ven om <strong>Vi<\/strong> informeras uttryckligen om m\u00f6jligheten till s\u00e5dana skador eller sv\u00e5righeter.<\/p>\n<p>Family.Fit g\u00f6rs tillg\u00e4ngligt under f\u00f6ruts\u00e4ttning att du endast anv\u00e4nder det f\u00f6r personligt, hush\u00e5llsbruk eller hush\u00e5llsbruk. <strong>Vi<\/strong> \u00e4r inte ansvariga f\u00f6r f\u00f6rluster som uppst\u00e5r till f\u00f6ljd av eller i samband med anv\u00e4ndning av Family. Passar f\u00f6r aff\u00e4rs\u00e4ndam\u00e5l, f\u00f6rutom i den utstr\u00e4ckning vi inte kan utesluta s\u00e5dant ansvar enligt lagstiftningen, i vilket fall v\u00e5rt ansvar \u00e4r begr\u00e4nsat till att ers\u00e4tta eller leverera relevanta varor eller tj\u00e4nster d\u00e4r det \u00e4r r\u00e4ttvist och rimligt f\u00f6r oss att lita p\u00e5 denna begr\u00e4nsning och vi f\u00e5r begr\u00e4nsa v\u00e5rt ansvar p\u00e5 detta s\u00e4tt enligt lagstiftningen.<\/p>","protected":false},"excerpt":{"rendered":"<p>Dessa villkor reglerar din anv\u00e4ndning av denna webbplats av dig och alla som tr\u00e4nar med dig. Se till att du och alla som tr\u00e4nar med dig accepterar dessa villkor till fullo. Om du inte h\u00e5ller med om dessa villkor eller n\u00e5gon del av dessa villkor f\u00e5r du inte anv\u00e4nda...<\/p>","protected":false},"author":1,"featured_media":0,"parent":0,"menu_order":0,"comment_status":"closed","ping_status":"closed","template":"","meta":{"_acf_changed":false,"_seopress_robots_primary_cat":"","_seopress_titles_title":"","_seopress_titles_desc":"","_seopress_robots_index":"","footnotes":""},"ff_language":[],"class_list":["post-377","page","type-page","status-publish","hentry"],"acf":[],"_links":{"self":[{"href":"https:\/\/family.fit\/sv\/wp-json\/wp\/v2\/pages\/377","targetHints":{"allow":["GET"]}}],"collection":[{"href":"https:\/\/family.fit\/sv\/wp-json\/wp\/v2\/pages"}],"about":[{"href":"https:\/\/family.fit\/sv\/wp-json\/wp\/v2\/types\/page"}],"author":[{"embeddable":true,"href":"https:\/\/family.fit\/sv\/wp-json\/wp\/v2\/users\/1"}],"replies":[{"embeddable":true,"href":"https:\/\/family.fit\/sv\/wp-json\/wp\/v2\/comments?post=377"}],"version-history":[{"count":0,"href":"https:\/\/family.fit\/sv\/wp-json\/wp\/v2\/pages\/377\/revisions"}],"wp:attachment":[{"href":"https:\/\/family.fit\/sv\/wp-json\/wp\/v2\/media?parent=377"}],"wp:term":[{"taxonomy":"ff_language","embeddable":true,"href":"https:\/\/family.fit\/sv\/wp-json\/wp\/v2\/ff_language?post=377"}],"curies":[{"name":"wp","href":"https:\/\/api.w.org\/{rel}","templated":true}]}}