{"id":6438,"date":"2021-05-26T10:37:05","date_gmt":"2021-05-26T10:37:05","guid":{"rendered":"https:\/\/family.fit\/?page_id=6438"},"modified":"2021-07-05T11:15:10","modified_gmt":"2021-07-05T11:15:10","slug":"leaderboard-mountain-climbers","status":"publish","type":"page","link":"https:\/\/family.fit\/sv\/leaderboard-mountain-climbers\/","title":{"rendered":"Leaderboard (bergskl\u00e4ttrare)"},"content":{"rendered":"<img loading=\"lazy\" decoding=\"async\" src=\"https:\/\/family.fit\/wp-content\/uploads\/2021\/06\/race-image.png\" alt=\"race image\" itemprop=\"image\" height=\"247\" width=\"265\" title=\"rasbild\" onerror=\"this.style.display='none'\"  \/>\n<h1>\n\t\tThe Ultimate Race Leaderboards\n\t<\/h1>\n<h2>\n\t\tLeaderboard (bergskl\u00e4ttrare)\n\t<\/h2>\n\t<p>Tavlan nedan visar b\u00e5de den totala po\u00e4ngen f\u00f6r varje land f\u00f6r denna aktivitet, och \u00e4ven genomsnittet (den totala po\u00e4ngen dividerat med antalet poster).<\/p>\n\t<div id=\"footable_parent_6340\"\n         class=\"footable_parent ninja_table_wrapper loading_ninja_table wp_table_data_press_parent semantic_ui colored_table\">\n                <table data-ninja_table_instance=\"ninja_table_instance_0\" data-footable_id=\"6340\" data-filter-delay=\"1000\" aria-label=\"Leaderboard (bergskl\u00e4ttrare)\"            id=\"footable_6340\"\n           data-unique_identifier=\"ninja_table_unique_id_2998550457_6340\"\n           class=\"foo-table ninja_footable foo_table_6340 ninja_table_unique_id_2998550457_6340 ui table  white nt_type_legacy_table selectable striped vertical_centered inverted footable-paging-right ninja_table_search_disabled ninja_table_pro\">\n                <colgroup>\n                            <col class=\"ninja_column_0\">\n                            <col class=\"ninja_column_1\">\n                            <col class=\"ninja_column_2\">\n                    <\/colgroup>\n        <thead>\n<tr class=\"footable-header\">\n                                                        <th scope=\"col\"  class=\"ninja_column_0 ninja_clmn_nm_country\">Land<\/th><th scope=\"col\"  class=\"ninja_column_1 ninja_clmn_nm_total ff-separator\">Total<\/th><th scope=\"col\"  class=\"ninja_column_2 ninja_clmn_nm_average ff-separator\">Genomsnitt<\/th><\/tr>\n<\/thead>\n<tbody>\n\n        <tr data-row_id=\"0\" class=\"ninja_table_row_0 nt_row_id_0\">\n            <td>Australien<\/td><td>14<\/td><td>14<\/td>        <\/tr>\n            <tr data-row_id=\"1\" class=\"ninja_table_row_1 nt_row_id_1\">\n            <td>Storbritannien<\/td><td>16<\/td><td>16<\/td>        <\/tr>\n            <tr data-row_id=\"2\" class=\"ninja_table_row_2 nt_row_id_2\">\n            <td>Brasilien<\/td><td>32<\/td><td>32<\/td>        <\/tr>\n    <\/tbody><!--ninja_tobody_rendering_done-->\n    <\/table>\n    \n    \n    \n<\/div>\n\n\t<p>Klicka p\u00e5 knappen nedan f\u00f6r att se hela topplistan f\u00f6r alla aktiviteter och l\u00e4nder.<\/p>\n\t\t\t<a href=\"https:\/\/family.fit\/en\/leaderboard-all\/\" target=\"_self\" role=\"button\" rel=\"noopener\">\n\t\t\t\t\t\t\tFullst\u00e4ndig topplista\n\t\t\t\t\t<\/a>","protected":false},"excerpt":{"rendered":"<p>The Ultimate Race Leaderboards Leaderboard (bergskl\u00e4ttrare) Leaderboarden nedan visar b\u00e5de de totala po\u00e4ngen f\u00f6r varje land f\u00f6r denna aktivitet, och \u00e4ven genomsnittet (den totala po\u00e4ngen delat med antalet anm\u00e4lda). Klicka p\u00e5 knappen nedan f\u00f6r att se hela topplistan f\u00f6r alla aktiviteter och l\u00e4nder. Fullst\u00e4ndig Leaderboard<\/p>","protected":false},"author":1,"featured_media":0,"parent":0,"menu_order":0,"comment_status":"closed","ping_status":"closed","template":"","meta":{"_acf_changed":false,"_seopress_robots_primary_cat":"","_seopress_titles_title":"","_seopress_titles_desc":"","_seopress_robots_index":"","footnotes":""},"ff_language":[],"class_list":["post-6438","page","type-page","status-publish","hentry"],"acf":[],"_links":{"self":[{"href":"https:\/\/family.fit\/sv\/wp-json\/wp\/v2\/pages\/6438","targetHints":{"allow":["GET"]}}],"collection":[{"href":"https:\/\/family.fit\/sv\/wp-json\/wp\/v2\/pages"}],"about":[{"href":"https:\/\/family.fit\/sv\/wp-json\/wp\/v2\/types\/page"}],"author":[{"embeddable":true,"href":"https:\/\/family.fit\/sv\/wp-json\/wp\/v2\/users\/1"}],"replies":[{"embeddable":true,"href":"https:\/\/family.fit\/sv\/wp-json\/wp\/v2\/comments?post=6438"}],"version-history":[{"count":0,"href":"https:\/\/family.fit\/sv\/wp-json\/wp\/v2\/pages\/6438\/revisions"}],"wp:attachment":[{"href":"https:\/\/family.fit\/sv\/wp-json\/wp\/v2\/media?parent=6438"}],"wp:term":[{"taxonomy":"ff_language","embeddable":true,"href":"https:\/\/family.fit\/sv\/wp-json\/wp\/v2\/ff_language?post=6438"}],"curies":[{"name":"wp","href":"https:\/\/api.w.org\/{rel}","templated":true}]}}