{"id":6868,"date":"2021-06-26T08:22:45","date_gmt":"2021-06-26T08:22:45","guid":{"rendered":"https:\/\/family.fit\/?page_id=6868"},"modified":"2021-11-23T21:55:37","modified_gmt":"2021-11-23T21:55:37","slug":"whats-new-in-season-5","status":"publish","type":"page","link":"https:\/\/family.fit\/sv\/whats-new-in-season-5\/","title":{"rendered":"Vad \u00e4r nytt i s\u00e4song 5?"},"content":{"rendered":"<h1>\n\t\tVad \u00e4r nytt i s\u00e4song 5?\n\t<\/h1>\n<h3>\n\t\tNy global family.fit-t\u00e4vling\n\t<\/h3>\n\t<p>Kan din nation vinna v\u00e5r nya globala konkurrens?<\/p>\n<p>Vinn po\u00e4ng i veckovisa utmaningar och lyft din nation till toppen av v\u00e5r internationella topplista.<\/p>\n<p>Varje vecka kommer att ha en ny utmaning.<\/p>\n<p>Hj\u00e4lp ditt land genom att engagera dina v\u00e4nner och familj.<\/p>\n\t\t\t\t<img loading=\"lazy\" decoding=\"async\" src=\"https:\/\/family.fit\/wp-content\/uploads\/2021\/06\/race-image.png\" alt=\"race image\" itemprop=\"image\" height=\"247\" width=\"265\" title=\"rasbild\" onerror=\"this.style.display='none'\"  \/>\n\t\t\t<a href=\"https:\/\/family.fit\/en\/scores\/\" target=\"_self\" role=\"button\" rel=\"noopener\">\n\t\t\t\t\t\t\tUppdatera din familjepo\u00e4ng\n\t\t\t\t\t<\/a>\n\t\t\t<a href=\"https:\/\/family.fit\/en\/leaderboard-all\/\" target=\"_self\" role=\"button\" rel=\"noopener\">\n\t\t\t\t\t\t\tVisa po\u00e4nglistan\n\t\t\t\t\t<\/a>\n<h3>\n\t\tSport spotlight\n\t<\/h3>\n\t<p>Varje vecka kommer vi att fokusera p\u00e5 en annan sport och en inspirerande idrottare som spelar den. Idrottare \u00f6vervinner utmaningar i sv\u00e5ra tider f\u00f6r att fullf\u00f6lja loppet. Vi hoppas att dessa ber\u00e4ttelser kommer att inspirera dig att springa din livslopp.<\/p>\n\t\t\t<a href=\"https:\/\/family.fit\/en\/seasons\/the-ultimate-race\/\" target=\"_self\" role=\"button\" rel=\"noopener\">\n\t\t\t\t\t\t\tB\u00f6rja s\u00e4song 5 h\u00e4r\n\t\t\t\t\t<\/a>\n\t\t\t\t<img loading=\"lazy\" decoding=\"async\" src=\"https:\/\/family.fit\/wp-content\/uploads\/2021\/06\/John-Akhwari-400.png\" alt=\"John Akhwari 400\" itemprop=\"image\" height=\"562\" width=\"400\" title=\"John Akhwari 400\" onerror=\"this.style.display='none'\"  \/>","protected":false},"excerpt":{"rendered":"<p>Vad \u00e4r nytt i s\u00e4song 5? Ny global family.fit-t\u00e4vling Kan din nation vinna v\u00e5r nya globala t\u00e4vling? Vinn po\u00e4ng i veckovisa utmaningar och lyft din nation till toppen av v\u00e5r internationella topplista. Varje vecka kommer att ha en ny utmaning. Hj\u00e4lp ditt land genom att engagera dina v\u00e4nner och familj. Uppdatera din familjepo\u00e4ng Visa...<\/p>","protected":false},"author":1,"featured_media":0,"parent":0,"menu_order":0,"comment_status":"closed","ping_status":"closed","template":"","meta":{"_acf_changed":false,"_seopress_robots_primary_cat":"","_seopress_titles_title":"","_seopress_titles_desc":"","_seopress_robots_index":"","footnotes":""},"ff_language":[],"class_list":["post-6868","page","type-page","status-publish","hentry"],"acf":[],"_links":{"self":[{"href":"https:\/\/family.fit\/sv\/wp-json\/wp\/v2\/pages\/6868","targetHints":{"allow":["GET"]}}],"collection":[{"href":"https:\/\/family.fit\/sv\/wp-json\/wp\/v2\/pages"}],"about":[{"href":"https:\/\/family.fit\/sv\/wp-json\/wp\/v2\/types\/page"}],"author":[{"embeddable":true,"href":"https:\/\/family.fit\/sv\/wp-json\/wp\/v2\/users\/1"}],"replies":[{"embeddable":true,"href":"https:\/\/family.fit\/sv\/wp-json\/wp\/v2\/comments?post=6868"}],"version-history":[{"count":1,"href":"https:\/\/family.fit\/sv\/wp-json\/wp\/v2\/pages\/6868\/revisions"}],"predecessor-version":[{"id":8258,"href":"https:\/\/family.fit\/sv\/wp-json\/wp\/v2\/pages\/6868\/revisions\/8258"}],"wp:attachment":[{"href":"https:\/\/family.fit\/sv\/wp-json\/wp\/v2\/media?parent=6868"}],"wp:term":[{"taxonomy":"ff_language","embeddable":true,"href":"https:\/\/family.fit\/sv\/wp-json\/wp\/v2\/ff_language?post=6868"}],"curies":[{"name":"wp","href":"https:\/\/api.w.org\/{rel}","templated":true}]}}