{"id":8278,"date":"2021-12-03T11:19:04","date_gmt":"2021-12-03T11:19:04","guid":{"rendered":"https:\/\/family.fit\/?page_id=8278"},"modified":"2021-12-05T18:10:43","modified_gmt":"2021-12-05T18:10:43","slug":"christmas","status":"publish","type":"page","link":"https:\/\/family.fit\/sv\/christmas\/","title":{"rendered":"Jul"},"content":{"rendered":"\n\n\t<p>This 12 session pack is an Advent series of readings and physical challenges that will help your family focus on the story of Jesus&#8217; birth for 12 days in the lead up to Christmas.<\/p>\n<p>The library below contains all our Christmas sessions in various languages. If you are looking for a FULL session then <a href=\"https:\/\/family.fit\/en\/full\/\">try here<\/a>, or if you are looking for a FAST session then <a href=\"https:\/\/family.fit\/en\/fast\/\">try here<\/a>.<\/p>\n\t\t\t\tNeed guidance on using the table below? Click here.\n\t\t\t\t<p>To download any session as a PDF simply click the &#8216;Download&#8217; button for that session.<\/p>\n<p>If you know the session you are looking for then you can simply type it in the search box below at the top of the table and the sessions will automatically filter to return the best matches to your search term.<\/p>\n<p>If you wish to browse through all the session in a particular language then you can do that by clicking on a language name. The list will then be automatically filtered to only display sessions in that language.<\/p>\n<p>If you wish to sort the table below then you can do that by clicking on one of the column headers (e.g. &#8216;Format&#8217;). By default the table is sorted by &#8216;Title&#8217;.<\/p>\n<p>If you wish to simply browse through the sessions then you can do that by simply scrolling down the page and choosing to load the next page of sessions. Alternatively you can choose to display more than 25 entries per page using the tool below.<\/p>\n<p>All of your choices (such as how many entries are displayed per page, or your search results) can be removed simply by pressing the &#8216;Reset&#8217; link below at the top of the table.<\/p>\n\t<table id=\"dlp_192b1b667ce3fe39_1\" class=\"posts-data-table\" width=\"100%\" data-config=\"{&quot;pageLength&quot;:25,&quot;pagingType&quot;:&quot;numbers&quot;,&quot;serverSide&quot;:false,&quot;autoWidth&quot;:true,&quot;clickFilter&quot;:&quot;&quot;,&quot;stickyHeader&quot;:false,&quot;scrollOffset&quot;:15,&quot;resetButton&quot;:false,&quot;numOrder&quot;:false,&quot;lengthMenu&quot;:[[10,25,50,100,-1],[10,25,50,100,&quot;Alla&quot;]],&quot;columnDefs&quot;:[{&quot;className&quot;:&quot;col-session_title&quot;,&quot;targets&quot;:0,&quot;type&quot;:&quot;html&quot;},{&quot;className&quot;:&quot;col-language&quot;,&quot;targets&quot;:1,&quot;type&quot;:&quot;html&quot;},{&quot;className&quot;:&quot;col-link&quot;,&quot;targets&quot;:2,&quot;type&quot;:&quot;html&quot;}],&quot;responsive&quot;:{&quot;details&quot;:{&quot;display&quot;:&quot;child_row&quot;}},&quot;language&quot;:{&quot;info&quot;:&quot;_TOTAL_ dokument&quot;,&quot;infoEmpty&quot;:&quot;0 dokument&quot;,&quot;emptyTable&quot;:&quot;Inga matchande dokument.&quot;,&quot;zeroRecords&quot;:&quot;Inga matchande dokument.&quot;,&quot;totalsSingle&quot;:&quot;dokument&quot;,&quot;totalsPlural&quot;:&quot;dokument&quot;},&quot;dom&quot;:&quot;&lt;\\&quot;posts-table-wrapper bb-theme\\&quot;&lt;\\&quot;posts-table-above posts-table-controls\\&quot;f&gt;t&lt;\\&quot;posts-table-below posts-table-controls\\&quot;lip&gt;&gt;&quot;,&quot;multiDownloadButton&quot;:false,&quot;multiDownloadPosition&quot;:&quot;above&quot;,&quot;multiDownloadText&quot;:&quot;Download Selected Documents&quot;}\" data-filters=\"false\" data-order=\"[]\"><thead><tr><th class=\"all\" data-name=\"cf_session_title\" data-orderable=\"true\" data-searchable=\"true\" data-priority=\"1\">Session Title<\/th><th data-name=\"cf_language\" data-orderable=\"true\" data-searchable=\"true\" data-priority=\"3\">Language<\/th><th data-name=\"link\" data-orderable=\"false\" data-searchable=\"false\" data-priority=\"2\">L\u00e4nk<\/th><\/tr><\/thead><tbody><tr id=\"post-row-8308\" class=\"post-row post-type-dlp_document dlp_document-8308 publish\"><td><p>Christmas 2021<\/p>\n<\/td><td>Afrikaans (Afrikaans)<\/td><td><div class=\"dlp-table-document-link-wrap\"><a href=\"https:\/\/family.fit\/wp-content\/uploads\/2021\/12\/FF-Christmas-2021-Finalaf.pdf\" class=\"dlp-download-link dlp-download-button document-library-pro-button button btn\" data-download-id=\"8308\" >Download<\/a><\/div><\/td><\/tr><tr id=\"post-row-8311\" class=\"post-row post-type-dlp_document dlp_document-8311 publish\"><td><p>Christmas 2021<\/p>\n<\/td><td>\u0627\u0644\u0639\u0631\u0628\u064a\u0629 (Arabic)<\/td><td><div class=\"dlp-table-document-link-wrap\"><a href=\"https:\/\/family.fit\/wp-content\/uploads\/2021\/12\/FF-Christmas-2021-Finalar.pdf\" class=\"dlp-download-link dlp-download-button document-library-pro-button button btn\" data-download-id=\"8311\" >Download<\/a><\/div><\/td><\/tr><tr id=\"post-row-8287\" class=\"post-row post-type-dlp_document dlp_document-8287 publish\"><td><p>Christmas 2021<\/p>\n<\/td><td>Deutsch (German)<\/td><td><div class=\"dlp-table-document-link-wrap\"><a href=\"https:\/\/family.fit\/wp-content\/uploads\/2021\/12\/FF-Christmas-2021-Finalde-DE.pdf\" class=\"dlp-download-link dlp-download-button document-library-pro-button button btn\" data-download-id=\"8287\" >Download<\/a><\/div><\/td><\/tr><tr id=\"post-row-8283\" class=\"post-row post-type-dlp_document dlp_document-8283 publish\"><td><p>Christmas 2021<\/p>\n<\/td><td>English (English)<\/td><td><div class=\"dlp-table-document-link-wrap\"><a href=\"https:\/\/family.fit\/wp-content\/uploads\/2021\/11\/FF-Fitmas-Final.pdf\" class=\"dlp-download-link dlp-download-button document-library-pro-button button btn\" data-download-id=\"8283\" >Download<\/a><\/div><\/td><\/tr><tr id=\"post-row-8289\" class=\"post-row post-type-dlp_document dlp_document-8289 publish\"><td><p>Christmas 2021<\/p>\n<\/td><td>Espa\u00f1ol (Spanish)<\/td><td><div class=\"dlp-table-document-link-wrap\"><a href=\"https:\/\/family.fit\/wp-content\/uploads\/2021\/12\/FF-Christmas-2021-Finales-ES.pdf\" class=\"dlp-download-link dlp-download-button document-library-pro-button button btn\" data-download-id=\"8289\" >Download<\/a><\/div><\/td><\/tr><tr id=\"post-row-8291\" class=\"post-row post-type-dlp_document dlp_document-8291 publish\"><td><p>Christmas 2021<\/p>\n<\/td><td>Fran\u00e7ais (French)<\/td><td><div class=\"dlp-table-document-link-wrap\"><a href=\"https:\/\/family.fit\/wp-content\/uploads\/2021\/12\/FF-Christmas-2021-Finalfr-FR.pdf\" class=\"dlp-download-link dlp-download-button document-library-pro-button button btn\" data-download-id=\"8291\" >Download<\/a><\/div><\/td><\/tr><tr id=\"post-row-8293\" class=\"post-row post-type-dlp_document dlp_document-8293 publish\"><td><p>Christmas 2021<\/p>\n<\/td><td>Italiano (Italian)<\/td><td><div class=\"dlp-table-document-link-wrap\"><a href=\"https:\/\/family.fit\/wp-content\/uploads\/2021\/12\/FF-Christmas-2021-Finalit.pdf\" class=\"dlp-download-link dlp-download-button document-library-pro-button button btn\" data-download-id=\"8293\" >Download<\/a><\/div><\/td><\/tr><tr id=\"post-row-8295\" class=\"post-row post-type-dlp_document dlp_document-8295 publish\"><td><p>Christmas 2021<\/p>\n<\/td><td>Portugu\u00eas (Portuguese BR)<\/td><td><div class=\"dlp-table-document-link-wrap\"><a href=\"https:\/\/family.fit\/wp-content\/uploads\/2021\/12\/FF-Christmas-2021-Finalpt-BR.pdf\" class=\"dlp-download-link dlp-download-button document-library-pro-button button btn\" data-download-id=\"8295\" >Download<\/a><\/div><\/td><\/tr><tr id=\"post-row-8305\" class=\"post-row post-type-dlp_document dlp_document-8305 publish\"><td><p>Christmas 2021<\/p>\n<\/td><td>Portugu\u00eas (Portuguese PT)<\/td><td><div class=\"dlp-table-document-link-wrap\"><a href=\"https:\/\/family.fit\/wp-content\/uploads\/2021\/12\/FF-Christmas-2021-Finalpt-PT.pdf\" class=\"dlp-download-link dlp-download-button document-library-pro-button button btn\" data-download-id=\"8305\" >Download<\/a><\/div><\/td><\/tr><tr id=\"post-row-8297\" class=\"post-row post-type-dlp_document dlp_document-8297 publish\"><td><p>Christmas 2021<\/p>\n<\/td><td>Tagalog (Filipino)<\/td><td><div class=\"dlp-table-document-link-wrap\"><a href=\"https:\/\/family.fit\/wp-content\/uploads\/2021\/12\/FF-Christmas-2021-Finaltl.pdf\" class=\"dlp-download-link dlp-download-button document-library-pro-button button btn\" data-download-id=\"8297\" >Download<\/a><\/div><\/td><\/tr><tr id=\"post-row-8299\" class=\"post-row post-type-dlp_document dlp_document-8299 publish\"><td><p>Christmas 2021<\/p>\n<\/td><td>\u0627\u0631\u062f\u0648 (Urdu)<\/td><td><div class=\"dlp-table-document-link-wrap\"><a href=\"https:\/\/family.fit\/wp-content\/uploads\/2021\/12\/FF-Christmas-2021-Finalur.pdf\" class=\"dlp-download-link dlp-download-button document-library-pro-button button btn\" data-download-id=\"8299\" >Download<\/a><\/div><\/td><\/tr><tr id=\"post-row-8301\" class=\"post-row post-type-dlp_document dlp_document-8301 publish\"><td><p>Christmas 2021<\/p>\n<\/td><td>\u4e2d\u6587 (\u4e2d\u56fd) (Chinese - Simplified)<\/td><td><div class=\"dlp-table-document-link-wrap\"><a href=\"https:\/\/family.fit\/wp-content\/uploads\/2021\/12\/FF-Christmas-2021-Finalzh-Hans.pdf\" class=\"dlp-download-link dlp-download-button document-library-pro-button button btn\" data-download-id=\"8301\" >Download<\/a><\/div><\/td><\/tr><\/tbody><\/table>\n\n","protected":false},"excerpt":{"rendered":"<p>Detta paket med 12 sessioner \u00e4r en adventsserie med l\u00e4sningar och fysiska utmaningar som hj\u00e4lper din familj att fokusera p\u00e5 ber\u00e4ttelsen om Jesu f\u00f6delse under 12 dagar fram till jul. Biblioteket nedan inneh\u00e5ller alla v\u00e5ra julpass p\u00e5 olika spr\u00e5k. Om du letar efter en HELT session, f\u00f6rs\u00f6k...<\/p>","protected":false},"author":1,"featured_media":0,"parent":0,"menu_order":0,"comment_status":"closed","ping_status":"closed","template":"","meta":{"_acf_changed":false,"_seopress_robots_primary_cat":"","_seopress_titles_title":"","_seopress_titles_desc":"","_seopress_robots_index":"","footnotes":""},"ff_language":[],"class_list":["post-8278","page","type-page","status-publish","hentry"],"acf":[],"_links":{"self":[{"href":"https:\/\/family.fit\/sv\/wp-json\/wp\/v2\/pages\/8278","targetHints":{"allow":["GET"]}}],"collection":[{"href":"https:\/\/family.fit\/sv\/wp-json\/wp\/v2\/pages"}],"about":[{"href":"https:\/\/family.fit\/sv\/wp-json\/wp\/v2\/types\/page"}],"author":[{"embeddable":true,"href":"https:\/\/family.fit\/sv\/wp-json\/wp\/v2\/users\/1"}],"replies":[{"embeddable":true,"href":"https:\/\/family.fit\/sv\/wp-json\/wp\/v2\/comments?post=8278"}],"version-history":[{"count":3,"href":"https:\/\/family.fit\/sv\/wp-json\/wp\/v2\/pages\/8278\/revisions"}],"predecessor-version":[{"id":8286,"href":"https:\/\/family.fit\/sv\/wp-json\/wp\/v2\/pages\/8278\/revisions\/8286"}],"wp:attachment":[{"href":"https:\/\/family.fit\/sv\/wp-json\/wp\/v2\/media?parent=8278"}],"wp:term":[{"taxonomy":"ff_language","embeddable":true,"href":"https:\/\/family.fit\/sv\/wp-json\/wp\/v2\/ff_language?post=8278"}],"curies":[{"name":"wp","href":"https:\/\/api.w.org\/{rel}","templated":true}]}}