{"id":8319,"date":"2022-03-14T10:57:36","date_gmt":"2022-03-14T10:57:36","guid":{"rendered":"https:\/\/family.fit\/?page_id=8319"},"modified":"2022-04-13T16:31:06","modified_gmt":"2022-04-13T16:31:06","slug":"spring-harvest","status":"publish","type":"page","link":"https:\/\/family.fit\/sv\/spring-harvest\/","title":{"rendered":"V\u00e5rsk\u00f6rd"},"content":{"rendered":"<h1>\n\t\tV\u00e4lkommen till family.fit!\n\t<\/h1>\n\t\t\t\t<img loading=\"lazy\" decoding=\"async\" src=\"https:\/\/family.fit\/wp-content\/uploads\/2022\/03\/sh-logo-1024x99.png\" alt=\"sh-logo\" itemprop=\"image\" height=\"99\" width=\"1024\" title=\"sh-logotyp\" onerror=\"this.style.display='none'\"  \/>\n\t<iframe allowfullscreen allow=\"autoplay\" src=\"https:\/\/www.youtube.com\/embed\/ArAXPggPkAE?feature=oembed&amp;start&amp;end&amp;wmode=opaque&amp;loop=0&amp;controls=1&amp;mute=0&amp;rel=0&amp;modestbranding=1\"><\/iframe>\t\n\t<p>Det finns sex sessioner tillg\u00e4ngliga f\u00f6r dig att g\u00f6ra som familj. Varje session finns tillg\u00e4nglig som en PDF som du kan ladda ner med hj\u00e4lp av knapparna nedan. De tre f\u00f6rsta sessionerna har ocks\u00e5 videor som du kan titta p\u00e5.<\/p>\n<h2>\n\t\tSession 1: \u00c5terst\u00e4ll v\u00e5ra hj\u00e4rtan\n\t<\/h2>\n\t<iframe allowfullscreen allow=\"autoplay\" src=\"https:\/\/www.youtube.com\/embed\/B2MnPys2BgA?feature=oembed&amp;start&amp;end&amp;wmode=opaque&amp;loop=0&amp;controls=1&amp;mute=0&amp;rel=0&amp;modestbranding=1\"><\/iframe>\t\n\t\t\t<a href=\"https:\/\/family.fit\/wp-content\/uploads\/2022\/04\/Spring-Harvest-session-1.pdf\" target=\"_self\" role=\"button\" rel=\"noopener\">\n\t\t\t\t\t\t\tLadda ner session 1-h\u00e4ftet\n\t\t\t\t\t<\/a>\n<h2>\n\t\tSession 2: F\u00f6rnya v\u00e5rt fokus\n\t<\/h2>\n\t<iframe allowfullscreen allow=\"autoplay\" src=\"https:\/\/www.youtube.com\/embed\/DDwMOEmw8ak?feature=oembed&amp;start&amp;end&amp;wmode=opaque&amp;loop=0&amp;controls=1&amp;mute=0&amp;rel=0&amp;modestbranding=1\"><\/iframe>\t\n\t\t\t<a href=\"https:\/\/family.fit\/wp-content\/uploads\/2022\/04\/Spring-Harvest-session-2.pdf\" target=\"_self\" role=\"button\" rel=\"noopener\">\n\t\t\t\t\t\t\tLadda ner h\u00e4ftet f\u00f6r session 2\n\t\t\t\t\t<\/a>\n<h2>\n\t\tSession 3: Bygg upp v\u00e5r v\u00e4rld igen\n\t<\/h2>\n\t<iframe allowfullscreen allow=\"autoplay\" src=\"https:\/\/www.youtube.com\/embed\/BPTsNRtmYAw?feature=oembed&amp;start&amp;end&amp;wmode=opaque&amp;loop=0&amp;controls=1&amp;mute=0&amp;rel=0&amp;modestbranding=1\"><\/iframe>\t\n\t\t\t<a href=\"https:\/\/family.fit\/wp-content\/uploads\/2022\/04\/Spring-Harvest-session-3.pdf\" target=\"_self\" role=\"button\" rel=\"noopener\">\n\t\t\t\t\t\t\tLadda ner session 3-h\u00e4ftet\n\t\t\t\t\t<\/a>\n<h2>\n\t\tSession 4: Uth\u00e5llighet genom motst\u00e5nd\n\t<\/h2>\n\t\t\t<a href=\"https:\/\/family.fit\/wp-content\/uploads\/2022\/04\/Spring-Harvest-session-4.pdf\" target=\"_self\" role=\"button\" rel=\"noopener\">\n\t\t\t\t\t\t\tLadda ner session 4-h\u00e4ftet\n\t\t\t\t\t<\/a>\n<h2>\n\t\tSession 5: Fira framg\u00e5ng\n\t<\/h2>\n\t\t\t<a href=\"https:\/\/family.fit\/wp-content\/uploads\/2022\/04\/Spring-Harvest-session-5.pdf\" target=\"_self\" role=\"button\" rel=\"noopener\">\n\t\t\t\t\t\t\tLadda ner session 5-h\u00e4ftet\n\t\t\t\t\t<\/a>\n<h2>\n\t\tSession 6: B\u00f6j dig inf\u00f6r Gud\n\t<\/h2>\n\t\t\t<a href=\"https:\/\/family.fit\/wp-content\/uploads\/2022\/04\/Spring-Harvest-session-6.pdf\" target=\"_self\" role=\"button\" rel=\"noopener\">\n\t\t\t\t\t\t\tLadda ner h\u00e4ftet f\u00f6r session 6\n\t\t\t\t\t<\/a>\n<h2>\n\t\tNehemiah-sessioner p\u00e5 YouVersion Bible-appen\n\t<\/h2>\n\t<p><em>Anv\u00e4nder du redan Bibelappen p\u00e5 din smartphone?<\/em><\/p>\n<p>Du kan nu uppleva family.fit i din bibelapp.<\/p>\n\t\t\t\t<img loading=\"lazy\" decoding=\"async\" src=\"https:\/\/family.fit\/wp-content\/uploads\/2021\/03\/bible-app-icon-150x150.png\" alt=\"bible app icon\" itemprop=\"image\" height=\"150\" width=\"150\" title=\"Bibelns appikon\" onerror=\"this.style.display='none'\"  \/>\n\t\t\t<a href=\"https:\/\/www.bible.com\/en-GB\/reading-plans\/30848-familyfit-nehemiah\" target=\"_self\" role=\"button\" rel=\"noopener\">\n\t\t\t\t\t\t\tfamilyFit p\u00e5 Bibelappen\n\t\t\t\t\t<\/a>\n\t\t\t\t<img loading=\"lazy\" decoding=\"async\" src=\"https:\/\/family.fit\/wp-content\/uploads\/2020\/06\/dancing-family.png\" alt=\"dancing family\" itemprop=\"image\" height=\"1200\" width=\"1036\" title=\"dansande familj\" onerror=\"this.style.display='none'\"  \/>\n<h2>\n\t\tF\u00f6r att f\u00e5 reda p\u00e5 mer\n\t<\/h2>\n\t<p>F\u00f6r att ta reda p\u00e5 mer om family.fit titta p\u00e5 den h\u00e4r videon!<\/p>\n\t<iframe allowfullscreen allow=\"autoplay\" src=\"https:\/\/www.youtube.com\/embed\/jujW3P-yEAM?feature=oembed&amp;start&amp;end&amp;wmode=opaque&amp;loop=0&amp;controls=1&amp;mute=0&amp;rel=0&amp;modestbranding=1\"><\/iframe>","protected":false},"excerpt":{"rendered":"<p>V\u00e4lkommen till family.fit! Det finns sex sessioner tillg\u00e4ngliga f\u00f6r dig att g\u00f6ra som familj. Varje session finns tillg\u00e4nglig som en PDF som du kan ladda ner med hj\u00e4lp av knapparna nedan. De tre f\u00f6rsta sessionerna har ocks\u00e5 videor som du kan titta p\u00e5. Session 1: \u00c5terst\u00e4ll v\u00e5ra hj\u00e4rtan Ladda ner session 1-h\u00e4ftet Session 2: F\u00f6rnya v\u00e5r...<\/p>","protected":false},"author":1,"featured_media":0,"parent":0,"menu_order":0,"comment_status":"closed","ping_status":"closed","template":"","meta":{"_acf_changed":false,"_seopress_robots_primary_cat":"","_seopress_titles_title":"","_seopress_titles_desc":"","_seopress_robots_index":"","footnotes":""},"ff_language":[],"class_list":["post-8319","page","type-page","status-publish","hentry"],"acf":[],"_links":{"self":[{"href":"https:\/\/family.fit\/sv\/wp-json\/wp\/v2\/pages\/8319","targetHints":{"allow":["GET"]}}],"collection":[{"href":"https:\/\/family.fit\/sv\/wp-json\/wp\/v2\/pages"}],"about":[{"href":"https:\/\/family.fit\/sv\/wp-json\/wp\/v2\/types\/page"}],"author":[{"embeddable":true,"href":"https:\/\/family.fit\/sv\/wp-json\/wp\/v2\/users\/1"}],"replies":[{"embeddable":true,"href":"https:\/\/family.fit\/sv\/wp-json\/wp\/v2\/comments?post=8319"}],"version-history":[{"count":12,"href":"https:\/\/family.fit\/sv\/wp-json\/wp\/v2\/pages\/8319\/revisions"}],"predecessor-version":[{"id":8458,"href":"https:\/\/family.fit\/sv\/wp-json\/wp\/v2\/pages\/8319\/revisions\/8458"}],"wp:attachment":[{"href":"https:\/\/family.fit\/sv\/wp-json\/wp\/v2\/media?parent=8319"}],"wp:term":[{"taxonomy":"ff_language","embeddable":true,"href":"https:\/\/family.fit\/sv\/wp-json\/wp\/v2\/ff_language?post=8319"}],"curies":[{"name":"wp","href":"https:\/\/api.w.org\/{rel}","templated":true}]}}