{"id":8323,"date":"2022-03-14T10:59:18","date_gmt":"2022-03-14T10:59:18","guid":{"rendered":"https:\/\/family.fit\/?page_id=8323"},"modified":"2022-03-14T16:39:50","modified_gmt":"2022-03-14T16:39:50","slug":"resources","status":"publish","type":"page","link":"https:\/\/family.fit\/sv\/resources\/","title":{"rendered":"Resurser"},"content":{"rendered":"<h1>\n\t\tResurser\n\t<\/h1>\n\t<p>Vi har samlat n\u00e5gra resurser som du kan vara till hj\u00e4lp f\u00f6r att marknadsf\u00f6ra family.fit. Du kan anv\u00e4nda och anpassa n\u00e5gon av resurserna nedan. Om du har n\u00e5gra fr\u00e5gor, tveka inte att kontakta oss.<\/p>\n<h3>\n\t\tPR-presentation\n\t<\/h3>\n\t<iframe allowfullscreen allow=\"autoplay\" src=\"https:\/\/www.youtube.com\/embed\/I0Och38SwXY?feature=oembed&amp;start&amp;end&amp;wmode=opaque&amp;loop=0&amp;controls=1&amp;mute=0&amp;rel=0&amp;modestbranding=1\"><\/iframe>\t\n\t<p>Du kan ocks\u00e5 ladda ner den h\u00e4r presentationen som en PowerPoint. Klicka p\u00e5 knappen nedan.<\/p>\n\t\t\t<a href=\"https:\/\/family.fit\/wp-content\/uploads\/2022\/03\/FamilyFit-PowerPoint-2022-promo-video.pptx\" target=\"_self\" role=\"button\" rel=\"noopener\">\n\t\t\t\t\t\t\tLadda ner PowerPoint\n\t\t\t\t\t<\/a>","protected":false},"excerpt":{"rendered":"<p>Resources We&#8217;ve collected some resources which you might find helpful in promoting family.fit. You can use and adapt any of the resources below. If you have any questions please don&#8217;t hesitate to get in touch with us. Promotional Presentation You can also download this presentation as a PowerPoint. Click the button below. Download PowerPoint<\/p>","protected":false},"author":1,"featured_media":0,"parent":0,"menu_order":0,"comment_status":"closed","ping_status":"closed","template":"","meta":{"_acf_changed":false,"_seopress_robots_primary_cat":"","_seopress_titles_title":"","_seopress_titles_desc":"","_seopress_robots_index":"","footnotes":""},"ff_language":[],"class_list":["post-8323","page","type-page","status-publish","hentry"],"acf":[],"_links":{"self":[{"href":"https:\/\/family.fit\/sv\/wp-json\/wp\/v2\/pages\/8323","targetHints":{"allow":["GET"]}}],"collection":[{"href":"https:\/\/family.fit\/sv\/wp-json\/wp\/v2\/pages"}],"about":[{"href":"https:\/\/family.fit\/sv\/wp-json\/wp\/v2\/types\/page"}],"author":[{"embeddable":true,"href":"https:\/\/family.fit\/sv\/wp-json\/wp\/v2\/users\/1"}],"replies":[{"embeddable":true,"href":"https:\/\/family.fit\/sv\/wp-json\/wp\/v2\/comments?post=8323"}],"version-history":[{"count":7,"href":"https:\/\/family.fit\/sv\/wp-json\/wp\/v2\/pages\/8323\/revisions"}],"predecessor-version":[{"id":8335,"href":"https:\/\/family.fit\/sv\/wp-json\/wp\/v2\/pages\/8323\/revisions\/8335"}],"wp:attachment":[{"href":"https:\/\/family.fit\/sv\/wp-json\/wp\/v2\/media?parent=8323"}],"wp:term":[{"taxonomy":"ff_language","embeddable":true,"href":"https:\/\/family.fit\/sv\/wp-json\/wp\/v2\/ff_language?post=8323"}],"curies":[{"name":"wp","href":"https:\/\/api.w.org\/{rel}","templated":true}]}}