{"id":8390,"date":"2022-03-31T15:41:14","date_gmt":"2022-03-31T15:41:14","guid":{"rendered":"https:\/\/family.fit\/?page_id=8390"},"modified":"2022-04-01T07:58:36","modified_gmt":"2022-04-01T07:58:36","slug":"prayerfit","status":"publish","type":"page","link":"https:\/\/family.fit\/sv\/prayerfit\/","title":{"rendered":"PrayerFit"},"content":{"rendered":"<h1>\n\t\tPrayerFit\n\t<\/h1>\n\t<p>G\u00e5 med i b\u00f6n med ditt tr\u00e4ningsprogram! Den h\u00e4r resursen ger instruktioner f\u00f6r ett aktivt och roligt b\u00f6nevent i familjen (eller v\u00e4nskapsgruppen). Aktivitetsstationerna riktar sig till troende som vill be. Aktiviteterna f\u00f6ruts\u00e4tter att m\u00e4nniskor beh\u00f6ver lite hj\u00e4lp f\u00f6r att bli aktiva och be meningsfullt n\u00e4r de tr\u00e4nar. Det h\u00e4r h\u00e4ftet inneh\u00e5ller instruktioner f\u00f6r fyra b\u00f6naktivitetsstationer. De \u00e4r f\u00f6r stora grupper som kan inkludera familjer, hush\u00e5ll, v\u00e4nskapsgrupper, bibelstudiegrupper eller vilken \u00e5ldersgrupp som helst som ett b\u00f6nevent. Varje fest, m\u00e5ltid eller f\u00f6rfriskningar som erbjuds kommer att till\u00e5ta m\u00e4nniskor att \u00e5terh\u00e4mta sig, dela och njuta av mer gemenskap tillsammans.<\/p>\n\t\t\t\t<img loading=\"lazy\" decoding=\"async\" src=\"https:\/\/family.fit\/wp-content\/uploads\/2022\/03\/PrayerFit-Activity-Stations-cover.jpg\" alt=\"PrayerFit Activity Stations cover\" itemprop=\"image\" height=\"1278\" width=\"600\" title=\"PrayerFit Activity Stations omslag\" onerror=\"this.style.display='none'\"  \/>\n\t\t<h4>Guide f\u00f6r aktivitetsstationer<\/h4>\n\t\t\t<a href=\"https:\/\/family.fit\/wp-content\/uploads\/2022\/03\/PrayerFit-Activity-Stations-v14.pdf\" target=\"_self\" role=\"button\" rel=\"noopener\">\n\t\t\t\t\t\t\tLADDA NER\n\t\t\t\t\t<\/a>\n\t\t<h4>Topp 10 PrayerFit-id\u00e9er<\/h4>\n\t\t\t<a href=\"https:\/\/family.fit\/wp-content\/uploads\/2022\/03\/Top-10-PrayerFit-ideas-v14.pdf\" target=\"_self\" role=\"button\" rel=\"noopener\">\n\t\t\t\t\t\t\tLADDA NER\n\t\t\t\t\t<\/a>\n\t\t<h4>Move Cube A4-pappersmall<\/h4>\n\t\t\t<a href=\"https:\/\/family.fit\/wp-content\/uploads\/2022\/03\/Move-Cube-A4.pdf\" target=\"_self\" role=\"button\" rel=\"noopener\">\n\t\t\t\t\t\t\tLADDA NER\n\t\t\t\t\t<\/a>\n\t\t<h4>Move Cube A4-pappersmall<\/h4>\n\t\t\t<a href=\"https:\/\/family.fit\/wp-content\/uploads\/2022\/03\/Move-Cube-A3.pdf\" target=\"_self\" role=\"button\" rel=\"noopener\">\n\t\t\t\t\t\t\tLADDA NER\n\t\t\t\t\t<\/a>\n\t\t<h4>Move Cube Giant utskriftsmaterial<\/h4>\n\t\t\t<a href=\"https:\/\/family.fit\/wp-content\/uploads\/2022\/03\/Move-Cube-six-A4-sheets.pdf\" target=\"_self\" role=\"button\" rel=\"noopener\">\n\t\t\t\t\t\t\tLADDA NER\n\t\t\t\t\t<\/a>\n\t\t<h4>Move Cube Exercise Chart<\/h4>\n\t\t\t<a href=\"https:\/\/family.fit\/wp-content\/uploads\/2022\/04\/Move-cube-symbols-v4.pdf\" target=\"_self\" role=\"button\" rel=\"noopener\">\n\t\t\t\t\t\t\tLADDA NER\n\t\t\t\t\t<\/a>\n\t\t<h4>Flytta Cube 3D-skrivarkod<\/h4>\n\t\t\t<a href=\"https:\/\/family.fit\/wp-content\/uploads\/2022\/04\/Move-Cube-3D-print-v2.stl\" target=\"_self\" role=\"button\" rel=\"noopener\">\n\t\t\t\t\t\t\tLADDA NER\n\t\t\t\t\t<\/a>","protected":false},"excerpt":{"rendered":"<p>PrayerFit G\u00e5 med i Prayer med ditt tr\u00e4ningsprogram! Den h\u00e4r resursen ger instruktioner f\u00f6r ett aktivt och roligt b\u00f6neevenemang f\u00f6r familjen (eller v\u00e4nskapsgruppen). Aktivitetsstationerna riktar sig till troende som vill be. Aktiviteterna f\u00f6ruts\u00e4tter att m\u00e4nniskor beh\u00f6ver lite hj\u00e4lp f\u00f6r att bli aktiva och be meningsfullt n\u00e4r de tr\u00e4nar. Denna broschyr inneh\u00e5ller instruktioner f\u00f6r fyra...<\/p>","protected":false},"author":1,"featured_media":0,"parent":0,"menu_order":0,"comment_status":"closed","ping_status":"closed","template":"","meta":{"_acf_changed":false,"_seopress_robots_primary_cat":"","_seopress_titles_title":"","_seopress_titles_desc":"","_seopress_robots_index":"","footnotes":""},"ff_language":[],"class_list":["post-8390","page","type-page","status-publish","hentry"],"acf":[],"_links":{"self":[{"href":"https:\/\/family.fit\/sv\/wp-json\/wp\/v2\/pages\/8390","targetHints":{"allow":["GET"]}}],"collection":[{"href":"https:\/\/family.fit\/sv\/wp-json\/wp\/v2\/pages"}],"about":[{"href":"https:\/\/family.fit\/sv\/wp-json\/wp\/v2\/types\/page"}],"author":[{"embeddable":true,"href":"https:\/\/family.fit\/sv\/wp-json\/wp\/v2\/users\/1"}],"replies":[{"embeddable":true,"href":"https:\/\/family.fit\/sv\/wp-json\/wp\/v2\/comments?post=8390"}],"version-history":[{"count":9,"href":"https:\/\/family.fit\/sv\/wp-json\/wp\/v2\/pages\/8390\/revisions"}],"predecessor-version":[{"id":8420,"href":"https:\/\/family.fit\/sv\/wp-json\/wp\/v2\/pages\/8390\/revisions\/8420"}],"wp:attachment":[{"href":"https:\/\/family.fit\/sv\/wp-json\/wp\/v2\/media?parent=8390"}],"wp:term":[{"taxonomy":"ff_language","embeddable":true,"href":"https:\/\/family.fit\/sv\/wp-json\/wp\/v2\/ff_language?post=8390"}],"curies":[{"name":"wp","href":"https:\/\/api.w.org\/{rel}","templated":true}]}}