{"id":8399,"date":"2022-03-31T16:40:58","date_gmt":"2022-03-31T16:40:58","guid":{"rendered":"https:\/\/family.fit\/?page_id=8399"},"modified":"2022-04-11T09:14:22","modified_gmt":"2022-04-11T09:14:22","slug":"training","status":"publish","type":"page","link":"https:\/\/family.fit\/sv\/training\/","title":{"rendered":"Tr\u00e4ning"},"content":{"rendered":"<h1>\n\t\tFamilyFit tr\u00e4ning och orientering\n\t<\/h1>\n\t<p>Om du vill f\u00f6rst\u00e5 mer om family.fit, eller om du vill k\u00f6ra tr\u00e4ningspass f\u00f6r andra om hur man anv\u00e4nder family.fit s\u00e5 \u00e4r du p\u00e5 r\u00e4tt plats!<\/p>\n<p>Informationen nedan kan anv\u00e4ndas av f\u00f6r\u00e4ldrar, hela familjer, f\u00f6rsamlings- och ungdomsledare.<\/p>\n<p>Detta tr\u00e4nings- och orienteringspass \u00e4r uppbyggt s\u00e5 att ni kommer att uppleva en aktiv session tillsammans och sedan reflektera \u00f6ver er erfarenhet f\u00f6r att se hur det kan bli en vana och ett verktyg f\u00f6r att hj\u00e4lpa till att g\u00f6ra familjen l\u00e4rjungar.<\/p>\n<p>Ladda ner denna session via knappen nedan.<\/p>\n\t\t<h4>Tr\u00e4nings- och orienteringspass<\/h4>\n\t\t\t<a href=\"https:\/\/family.fit\/wp-content\/uploads\/2022\/04\/FamilyFIT-training-session-v14.pdf\" target=\"_self\" role=\"button\" rel=\"noopener\">\n\t\t\t\t\t\t\tLADDA NER\n\t\t\t\t\t<\/a>\n<h3>\n\t\tSpellista f\u00f6r tr\u00e4nings- och orienteringsvideo\n\t<\/h3>\n\t<iframe allowfullscreen=\"\" allow=\"autoplay\" src=\"https:\/\/www.youtube.com\/embed\/1t9LWUtJBsw?feature=oembed&amp;start&amp;end&amp;wmode=opaque&amp;loop=0&amp;controls=1&amp;mute=0&amp;rel=0&amp;modestbranding=1\" title=\"Vad \u00e4r family.fit?\"><\/iframe>\t\n\t\t\tVad \u00e4r family.fit?\n\t<iframe allowfullscreen=\"\" allow=\"autoplay\" src=\"https:\/\/www.youtube.com\/embed\/WVYx74qstyc?feature=oembed&amp;start&amp;end&amp;wmode=opaque&amp;loop=0&amp;controls=1&amp;mute=0&amp;rel=0&amp;modestbranding=1\" title=\"V\u00e4lkommen till family.fit\"><\/iframe>\t\n\t\t\tV\u00e4lkommen till family.fit\n\t<iframe allowfullscreen=\"\" allow=\"autoplay\" src=\"https:\/\/www.youtube.com\/embed\/LzWcI0-cFGs?feature=oembed&amp;start&amp;end&amp;wmode=opaque&amp;loop=0&amp;controls=1&amp;mute=0&amp;rel=0&amp;modestbranding=1\" title=\"familj.passa fem steg\"><\/iframe>\t\n\t\t\tfamilj.passa fem steg\n\t<iframe allowfullscreen=\"\" allow=\"autoplay\" src=\"https:\/\/www.youtube.com\/embed\/f96kRydXa1M?feature=oembed&amp;start&amp;end&amp;wmode=opaque&amp;loop=0&amp;controls=1&amp;mute=0&amp;rel=0&amp;modestbranding=1\" title=\"Hur m\u00e4nniskor anv\u00e4nder family.fit runt om i v\u00e4rlden\"><\/iframe>\t\n\t\t\tHur m\u00e4nniskor anv\u00e4nder family.fit runt om i v\u00e4rlden\n\t<iframe allowfullscreen=\"\" allow=\"autoplay\" src=\"https:\/\/www.youtube.com\/embed\/9B_xUmt-Oro?feature=oembed&amp;start&amp;end&amp;wmode=opaque&amp;loop=0&amp;controls=1&amp;mute=0&amp;rel=0&amp;modestbranding=1\" title=\"Fyra s\u00e4tt att anv\u00e4nda family.fit\"><\/iframe>\t\n\t\t\tFyra s\u00e4tt att anv\u00e4nda family.fit\n\t<iframe allowfullscreen=\"\" allow=\"autoplay\" src=\"https:\/\/www.youtube.com\/embed\/dHTxPgm-Y9g?feature=oembed&amp;start&amp;end&amp;wmode=opaque&amp;loop=0&amp;controls=1&amp;mute=0&amp;rel=0&amp;modestbranding=1\" title=\"Feedback fr\u00e5n hela v\u00e4rlden (1)\"><\/iframe>\t\n\t\t\tFeedback fr\u00e5n hela v\u00e4rlden (1)\n\t<iframe allowfullscreen=\"\" allow=\"autoplay\" src=\"https:\/\/www.youtube.com\/embed\/EpAs4ZhG0FA?feature=oembed&amp;start&amp;end&amp;wmode=opaque&amp;loop=0&amp;controls=1&amp;mute=0&amp;rel=0&amp;modestbranding=1\" title=\"Feedback fr\u00e5n hela v\u00e4rlden (2)\"><\/iframe>\t\n\t\t\tFeedback fr\u00e5n hela v\u00e4rlden (2)","protected":false},"excerpt":{"rendered":"<p>FamilyFit-tr\u00e4ning och orientering Om du vill f\u00f6rst\u00e5 mer om family.fit, eller om du vill k\u00f6ra tr\u00e4ningspass f\u00f6r andra om hur man anv\u00e4nder family.fit s\u00e5 \u00e4r du p\u00e5 r\u00e4tt plats! Informationen nedan kan anv\u00e4ndas av f\u00f6r\u00e4ldrar, hela familjer, f\u00f6rsamlings- och ungdomsledare. Detta tr\u00e4nings- och orienteringspass \u00e4r uppbyggt s\u00e5...<\/p>","protected":false},"author":1,"featured_media":0,"parent":0,"menu_order":0,"comment_status":"closed","ping_status":"closed","template":"","meta":{"_acf_changed":false,"_seopress_robots_primary_cat":"","_seopress_titles_title":"","_seopress_titles_desc":"","_seopress_robots_index":"","footnotes":""},"ff_language":[],"class_list":["post-8399","page","type-page","status-publish","hentry"],"acf":[],"_links":{"self":[{"href":"https:\/\/family.fit\/sv\/wp-json\/wp\/v2\/pages\/8399","targetHints":{"allow":["GET"]}}],"collection":[{"href":"https:\/\/family.fit\/sv\/wp-json\/wp\/v2\/pages"}],"about":[{"href":"https:\/\/family.fit\/sv\/wp-json\/wp\/v2\/types\/page"}],"author":[{"embeddable":true,"href":"https:\/\/family.fit\/sv\/wp-json\/wp\/v2\/users\/1"}],"replies":[{"embeddable":true,"href":"https:\/\/family.fit\/sv\/wp-json\/wp\/v2\/comments?post=8399"}],"version-history":[{"count":9,"href":"https:\/\/family.fit\/sv\/wp-json\/wp\/v2\/pages\/8399\/revisions"}],"predecessor-version":[{"id":8453,"href":"https:\/\/family.fit\/sv\/wp-json\/wp\/v2\/pages\/8399\/revisions\/8453"}],"wp:attachment":[{"href":"https:\/\/family.fit\/sv\/wp-json\/wp\/v2\/media?parent=8399"}],"wp:term":[{"taxonomy":"ff_language","embeddable":true,"href":"https:\/\/family.fit\/sv\/wp-json\/wp\/v2\/ff_language?post=8399"}],"curies":[{"name":"wp","href":"https:\/\/api.w.org\/{rel}","templated":true}]}}