{"id":916,"date":"2020-05-06T16:24:07","date_gmt":"2020-05-06T16:24:07","guid":{"rendered":"https:\/\/family.fit\/?page_id=916"},"modified":"2021-04-23T15:34:17","modified_gmt":"2021-04-23T15:34:17","slug":"oriya","status":"publish","type":"page","link":"https:\/\/family.fit\/sv\/translations\/oriya\/","title":{"rendered":"Oriya"},"content":{"rendered":"\n\n\t\t\t\t<img loading=\"lazy\" decoding=\"async\" src=\"https:\/\/family.fit\/wp-content\/uploads\/2020\/04\/india-150x150.png\" alt=\"india\" itemprop=\"image\" height=\"150\" width=\"150\" title=\"india\" onerror=\"this.style.display='none'\"  \/>\n<h1>\n\t\tOriya\n\t<\/h1>\n\t\t\t\t\t\t\t\t\t\t\t\t\t\t\t\t\tGrowing Closer\n\t\t\t\t\t\t\tGrowing Closer\n\t\t\t\t<h3>Growing Closer<\/h3>\n<table id=\"dlp_79dcfd077b84e1fd_1\" class=\"posts-data-table\" width=\"100%\" data-config=\"{&quot;pageLength&quot;:25,&quot;pagingType&quot;:&quot;numbers&quot;,&quot;serverSide&quot;:false,&quot;autoWidth&quot;:true,&quot;clickFilter&quot;:&quot;&quot;,&quot;stickyHeader&quot;:false,&quot;scrollOffset&quot;:15,&quot;resetButton&quot;:false,&quot;numOrder&quot;:false,&quot;lengthMenu&quot;:[[10,25,50,100,-1],[10,25,50,100,&quot;Alla&quot;]],&quot;columnDefs&quot;:[{&quot;className&quot;:&quot;col-session_title&quot;,&quot;targets&quot;:0,&quot;type&quot;:&quot;html&quot;},{&quot;className&quot;:&quot;col-session&quot;,&quot;targets&quot;:1,&quot;type&quot;:&quot;html&quot;},{&quot;className&quot;:&quot;col-link&quot;,&quot;targets&quot;:2,&quot;type&quot;:&quot;html&quot;}],&quot;responsive&quot;:{&quot;details&quot;:{&quot;display&quot;:&quot;child_row&quot;}},&quot;language&quot;:{&quot;info&quot;:&quot;_TOTAL_ dokument&quot;,&quot;infoEmpty&quot;:&quot;0 dokument&quot;,&quot;emptyTable&quot;:&quot;Inga matchande dokument.&quot;,&quot;zeroRecords&quot;:&quot;Inga matchande dokument.&quot;,&quot;totalsSingle&quot;:&quot;dokument&quot;,&quot;totalsPlural&quot;:&quot;dokument&quot;},&quot;dom&quot;:&quot;&lt;\\&quot;posts-table-wrapper bb-theme\\&quot;&lt;\\&quot;posts-table-above posts-table-controls\\&quot;&gt;t&lt;\\&quot;posts-table-below posts-table-controls\\&quot;p&gt;&gt;&quot;,&quot;multiDownloadButton&quot;:false,&quot;multiDownloadPosition&quot;:&quot;above&quot;,&quot;multiDownloadText&quot;:&quot;Download Selected Documents&quot;}\" data-filters=\"false\" data-order=\"[]\"><thead><tr><th class=\"all\" data-name=\"cf_session_title\" data-orderable=\"true\" data-searchable=\"true\" data-priority=\"1\">Session Title<\/th><th data-name=\"cf_session\" data-orderable=\"true\" data-searchable=\"true\" data-priority=\"2\">Session<\/th><th data-name=\"link\" data-orderable=\"false\" data-searchable=\"false\" data-priority=\"3\">L\u00e4nk<\/th><\/tr><\/thead><tbody><tr id=\"post-row-5334\" class=\"post-row post-type-dlp_document dlp_document-5334 publish\"><td><p>How can I serve others?<\/p>\n<\/td><td>1<\/td><td><div class=\"dlp-table-document-link-wrap\"><a href=\"https:\/\/family.fit\/wp-content\/uploads\/2020\/05\/familyfit-WEEK-1-OR.pdf\" class=\"dlp-download-link dlp-download-button document-library-pro-button button btn\" data-download-id=\"5334\" >Download<\/a><\/div><\/td><\/tr><tr id=\"post-row-5378\" class=\"post-row post-type-dlp_document dlp_document-5378 publish\"><td><p>How can I develop courage?<\/p>\n<\/td><td>2<\/td><td><div class=\"dlp-table-document-link-wrap\"><a href=\"https:\/\/family.fit\/wp-content\/uploads\/2020\/05\/familyfit-WEEK-2-OR.pdf\" class=\"dlp-download-link dlp-download-button document-library-pro-button button btn\" data-download-id=\"5378\" >Download<\/a><\/div><\/td><\/tr><tr id=\"post-row-5419\" class=\"post-row post-type-dlp_document dlp_document-5419 publish\"><td><p>What does hope look like?<\/p>\n<\/td><td>3<\/td><td><div class=\"dlp-table-document-link-wrap\"><a href=\"https:\/\/family.fit\/wp-content\/uploads\/2020\/05\/familyfit-WEEK-3-OR.pdf\" class=\"dlp-download-link dlp-download-button document-library-pro-button button btn\" data-download-id=\"5419\" >Download<\/a><\/div><\/td><\/tr><tr id=\"post-row-5481\" class=\"post-row post-type-dlp_document dlp_document-5481 publish\"><td><p>How do we find peace?<\/p>\n<\/td><td>4<\/td><td><div class=\"dlp-table-document-link-wrap\"><a href=\"https:\/\/family.fit\/wp-content\/uploads\/2020\/05\/familyfit-WEEK-4-OR.pdf\" class=\"dlp-download-link dlp-download-button document-library-pro-button button btn\" data-download-id=\"5481\" >Download<\/a><\/div><\/td><\/tr><tr id=\"post-row-5531\" class=\"post-row post-type-dlp_document dlp_document-5531 publish\"><td><p>Am I thankful?<\/p>\n<\/td><td>5<\/td><td><div class=\"dlp-table-document-link-wrap\"><a href=\"https:\/\/family.fit\/wp-content\/uploads\/2020\/05\/familyfit-WEEK-5-OR.pdf\" class=\"dlp-download-link dlp-download-button document-library-pro-button button btn\" data-download-id=\"5531\" >Download<\/a><\/div><\/td><\/tr><\/tbody><\/table>\n\t<p>All the sessions are available to download as PDF documents. You will need a PDF reader in order to view them. If you do not already have one then you can download the Acrobat Reader via the button below, or simply search the web for &#8220;download pdf reader&#8221; for an alternative.<\/p>\n\t\t\t<a href=\"https:\/\/get.adobe.com\/uk\/reader\/\" target=\"_blank\" role=\"button\" rel=\"noopener\">\n\t\t\t\t\t\tDownload Acrobat Reader\n\t\t\t\t\t<\/a>\n\n","protected":false},"excerpt":{"rendered":"<p>Oriya Growing Closer Growing Closer Growing Closer Alla sessioner finns att ladda ner som PDF-dokument. Du beh\u00f6ver en PDF-l\u00e4sare f\u00f6r att kunna se dem. Om du inte redan har en s\u00e5 kan du ladda ner Acrobat Reader via knappen nedan, eller helt enkelt s\u00f6ka p\u00e5 webben efter &quot;ladda ner pdf-l\u00e4sare&quot;...<\/p>","protected":false},"author":1,"featured_media":0,"parent":473,"menu_order":0,"comment_status":"closed","ping_status":"closed","template":"","meta":{"_acf_changed":false,"_seopress_robots_primary_cat":"","_seopress_titles_title":"","_seopress_titles_desc":"","_seopress_robots_index":"","footnotes":""},"ff_language":[],"class_list":["post-916","page","type-page","status-publish","hentry"],"acf":[],"_links":{"self":[{"href":"https:\/\/family.fit\/sv\/wp-json\/wp\/v2\/pages\/916","targetHints":{"allow":["GET"]}}],"collection":[{"href":"https:\/\/family.fit\/sv\/wp-json\/wp\/v2\/pages"}],"about":[{"href":"https:\/\/family.fit\/sv\/wp-json\/wp\/v2\/types\/page"}],"author":[{"embeddable":true,"href":"https:\/\/family.fit\/sv\/wp-json\/wp\/v2\/users\/1"}],"replies":[{"embeddable":true,"href":"https:\/\/family.fit\/sv\/wp-json\/wp\/v2\/comments?post=916"}],"version-history":[{"count":0,"href":"https:\/\/family.fit\/sv\/wp-json\/wp\/v2\/pages\/916\/revisions"}],"up":[{"embeddable":true,"href":"https:\/\/family.fit\/sv\/wp-json\/wp\/v2\/pages\/473"}],"wp:attachment":[{"href":"https:\/\/family.fit\/sv\/wp-json\/wp\/v2\/media?parent=916"}],"wp:term":[{"taxonomy":"ff_language","embeddable":true,"href":"https:\/\/family.fit\/sv\/wp-json\/wp\/v2\/ff_language?post=916"}],"curies":[{"name":"wp","href":"https:\/\/api.w.org\/{rel}","templated":true}]}}